{"id":29335,"date":"2023-09-30T13:15:03","date_gmt":"2023-09-30T13:15:03","guid":{"rendered":"https:\/\/www.saralinatacado.com.br\/loja\/?post_type=product&#038;p=29335"},"modified":"2023-09-30T13:15:03","modified_gmt":"2023-09-30T13:15:03","slug":"fonte-de-notebook-ponta-azul-19-5v-3-33a-hp","status":"publish","type":"product","link":"https:\/\/www.saralinatacado.com.br\/loja\/produto\/fonte-de-notebook-ponta-azul-19-5v-3-33a-hp\/","title":{"rendered":"FONTE DE NOTEBOOK PONTA AZUL 19.5V 3.33A &#8211; HP"},"content":{"rendered":"<p><strong>ESPECIFICA\u00c7\u00d5ES:<\/strong><\/p>\n<p>Entrada: 100-240V, 50-60Hz (BIVOLT)<br \/>\nSa\u00edda: 19.5V 3.33A 65W<br \/>\nConector: 4.5mm x 3.0mm (PINO AZUL)<br \/>\nDi\u00e2metro Interno: 3.0 mm<br \/>\nDi\u00e2metro Externo: 4.5 mm<br \/>\nEstado: Nova<br \/>\nGarantia: 03 Meses<br \/>\nAcompanha Cabo de For\u00e7a<\/p>\n<p>&nbsp;<\/p>\n<p><strong>CONTE\u00daDO DA EMBALAGEM:<\/strong><\/p>\n<p>&nbsp;<\/p>\n<p>&#8211; 1 Fonte<\/p>\n<p>&#8211; 1 Cabo<\/p>\n","protected":false},"excerpt":{"rendered":"<p>ESPECIFICA\u00c7\u00d5ES: Entrada: 100-240V, 50-60Hz (BIVOLT) Sa\u00edda: 19.5V 3.33A 65W Conector: 4.5mm x 3.0mm (PINO AZUL) Di\u00e2metro Interno: 3.0 mm Di\u00e2metro Externo: 4.5 mm Estado: Nova Garantia: 03 Meses Acompanha Cabo de For\u00e7a &nbsp; CONTE\u00daDO DA EMBALAGEM: &nbsp; &#8211; 1 Fonte &#8211; 1 Cabo<\/p>\n","protected":false},"featured_media":29336,"comment_status":"open","ping_status":"closed","template":"","meta":{"_bbp_topic_count":0,"_bbp_reply_count":0,"_bbp_total_topic_count":0,"_bbp_total_reply_count":0,"_bbp_voice_count":0,"_bbp_anonymous_reply_count":0,"_bbp_topic_count_hidden":0,"_bbp_reply_count_hidden":0,"_bbp_forum_subforum_count":0,"_joinchat":[]},"product_brand":[],"product_cat":[100,208],"product_tag":[],"class_list":{"0":"post-29335","1":"product","2":"type-product","3":"status-publish","4":"has-post-thumbnail","6":"product_cat-alimentacao","7":"product_cat-carregadores","9":"first","10":"instock","11":"taxable","12":"shipping-taxable","13":"purchasable","14":"product-type-simple"},"_links":{"self":[{"href":"https:\/\/www.saralinatacado.com.br\/loja\/wp-json\/wp\/v2\/product\/29335","targetHints":{"allow":["GET"]}}],"collection":[{"href":"https:\/\/www.saralinatacado.com.br\/loja\/wp-json\/wp\/v2\/product"}],"about":[{"href":"https:\/\/www.saralinatacado.com.br\/loja\/wp-json\/wp\/v2\/types\/product"}],"replies":[{"embeddable":true,"href":"https:\/\/www.saralinatacado.com.br\/loja\/wp-json\/wp\/v2\/comments?post=29335"}],"wp:featuredmedia":[{"embeddable":true,"href":"https:\/\/www.saralinatacado.com.br\/loja\/wp-json\/wp\/v2\/media\/29336"}],"wp:attachment":[{"href":"https:\/\/www.saralinatacado.com.br\/loja\/wp-json\/wp\/v2\/media?parent=29335"}],"wp:term":[{"taxonomy":"product_brand","embeddable":true,"href":"https:\/\/www.saralinatacado.com.br\/loja\/wp-json\/wp\/v2\/product_brand?post=29335"},{"taxonomy":"product_cat","embeddable":true,"href":"https:\/\/www.saralinatacado.com.br\/loja\/wp-json\/wp\/v2\/product_cat?post=29335"},{"taxonomy":"product_tag","embeddable":true,"href":"https:\/\/www.saralinatacado.com.br\/loja\/wp-json\/wp\/v2\/product_tag?post=29335"}],"curies":[{"name":"wp","href":"https:\/\/api.w.org\/{rel}","templated":true}]}}