{"id":29330,"date":"2023-09-30T13:03:17","date_gmt":"2023-09-30T13:03:17","guid":{"rendered":"https:\/\/www.saralinatacado.com.br\/loja\/?post_type=product&#038;p=29330"},"modified":"2023-09-30T13:03:17","modified_gmt":"2023-09-30T13:03:17","slug":"carregador-notebook-lenovo-s145-82dj000gbr-20v-3-25a-65w-pino-fino","status":"publish","type":"product","link":"https:\/\/www.saralinatacado.com.br\/loja\/produto\/carregador-notebook-lenovo-s145-82dj000gbr-20v-3-25a-65w-pino-fino\/","title":{"rendered":"Carregador Notebook Lenovo S145 82dj000gbr 20v 3.25a 65w Pino Fino"},"content":{"rendered":"<p>Descri\u00e7\u00e3o<\/p>\n<p>FONTE CARREGADOR NOTEBOOK LENOVO IDEAPAD<\/p>\n<p>ESPECIFICA\u00c7\u00d5ES T\u00c9CNICAS:<\/p>\n<p>Prote\u00e7\u00e3o contra curto-circuito e prote\u00e7\u00e3o contra sobrecarga.<\/p>\n<p>Entrada: 100V-240V 50 \/ 60Hz<\/p>\n<p>Sa\u00edda: DC 20V 3,25A<\/p>\n<p>Pot\u00eancia: 65W<\/p>\n<p>BIVOLT<\/p>\n<p>Plug: 4,0 mm * 1,7 mm<\/p>\n<p>MODELOS COMPAT\u00cdVEIS:<\/p>\n<p>Lenovo IdeaPad 3i<\/p>\n<p>Lenovo IdeaPad S145<\/p>\n<p>Lenovo V14<\/p>\n<p>Lenovo V15<\/p>\n<p>Lenovo BS145<\/p>\n","protected":false},"excerpt":{"rendered":"<p>Descri\u00e7\u00e3o FONTE CARREGADOR NOTEBOOK LENOVO IDEAPAD ESPECIFICA\u00c7\u00d5ES T\u00c9CNICAS: Prote\u00e7\u00e3o contra curto-circuito e prote\u00e7\u00e3o contra sobrecarga. Entrada: 100V-240V 50 \/ 60Hz Sa\u00edda: DC 20V 3,25A Pot\u00eancia: 65W BIVOLT Plug: 4,0 mm * 1,7 mm MODELOS COMPAT\u00cdVEIS: Lenovo IdeaPad 3i Lenovo IdeaPad S145 Lenovo V14 Lenovo V15 Lenovo BS145<\/p>\n","protected":false},"featured_media":29332,"comment_status":"open","ping_status":"closed","template":"","meta":{"_bbp_topic_count":0,"_bbp_reply_count":0,"_bbp_total_topic_count":0,"_bbp_total_reply_count":0,"_bbp_voice_count":0,"_bbp_anonymous_reply_count":0,"_bbp_topic_count_hidden":0,"_bbp_reply_count_hidden":0,"_bbp_forum_subforum_count":0,"_joinchat":[]},"product_brand":[],"product_cat":[100,208],"product_tag":[],"class_list":{"0":"post-29330","1":"product","2":"type-product","3":"status-publish","4":"has-post-thumbnail","6":"product_cat-alimentacao","7":"product_cat-carregadores","9":"first","10":"instock","11":"taxable","12":"shipping-taxable","13":"purchasable","14":"product-type-simple"},"_links":{"self":[{"href":"https:\/\/www.saralinatacado.com.br\/loja\/wp-json\/wp\/v2\/product\/29330","targetHints":{"allow":["GET"]}}],"collection":[{"href":"https:\/\/www.saralinatacado.com.br\/loja\/wp-json\/wp\/v2\/product"}],"about":[{"href":"https:\/\/www.saralinatacado.com.br\/loja\/wp-json\/wp\/v2\/types\/product"}],"replies":[{"embeddable":true,"href":"https:\/\/www.saralinatacado.com.br\/loja\/wp-json\/wp\/v2\/comments?post=29330"}],"wp:featuredmedia":[{"embeddable":true,"href":"https:\/\/www.saralinatacado.com.br\/loja\/wp-json\/wp\/v2\/media\/29332"}],"wp:attachment":[{"href":"https:\/\/www.saralinatacado.com.br\/loja\/wp-json\/wp\/v2\/media?parent=29330"}],"wp:term":[{"taxonomy":"product_brand","embeddable":true,"href":"https:\/\/www.saralinatacado.com.br\/loja\/wp-json\/wp\/v2\/product_brand?post=29330"},{"taxonomy":"product_cat","embeddable":true,"href":"https:\/\/www.saralinatacado.com.br\/loja\/wp-json\/wp\/v2\/product_cat?post=29330"},{"taxonomy":"product_tag","embeddable":true,"href":"https:\/\/www.saralinatacado.com.br\/loja\/wp-json\/wp\/v2\/product_tag?post=29330"}],"curies":[{"name":"wp","href":"https:\/\/api.w.org\/{rel}","templated":true}]}}