{"id":29309,"date":"2023-09-29T19:11:07","date_gmt":"2023-09-29T19:11:07","guid":{"rendered":"https:\/\/www.saralinatacado.com.br\/loja\/?post_type=product&#038;p=29309"},"modified":"2023-09-29T19:11:07","modified_gmt":"2023-09-29T19:11:07","slug":"fonte-carregador-dell-90w-195v-4-62a-pa-10","status":"publish","type":"product","link":"https:\/\/www.saralinatacado.com.br\/loja\/produto\/fonte-carregador-dell-90w-195v-4-62a-pa-10\/","title":{"rendered":"Fonte Carregador Dell 90w 19,5v 4.62a Pa-10"},"content":{"rendered":"<h2 class=\"ui-pdp-description__title\">Descri\u00e7\u00e3o<\/h2>\n<p class=\"ui-pdp-description__content\">Pa-10<br \/>\nDescri\u00e7\u00e3o<br \/>\nVERIFIQUE COMPATIBILIDADE COM SEU NOTEBOOK<\/p>\n<p>Fonte Notebook Carregador Dell 90w 19,5v 4.62a Pa-12<br \/>\nInforma\u00e7\u00f5es Tecnicas<br \/>\n90w &#8211; 19,5V 4.62A<br \/>\n(PA-12) FAMILY<br \/>\nCarregador, AC Adapter<br \/>\nPart Number: PA-12 Family &#8211; 90W<br \/>\n19,5V &#8211; 4.62a &#8211; Plug 7.4mm x 5.0mm<br \/>\nAcompanha Fonte + Cabo de energia<br \/>\nCompat\u00edvel com Dell Latitude, Dell Inspiron, Dell Vostro, Dell XPS<\/p>\n<p>Compat\u00edvel dos modelos:<br \/>\nDell Inspiron 14 (1440, 1464)<br \/>\nDell Inspiron 14R (N4010)<br \/>\nDell Inspiron 15 (1545, 1564)<br \/>\nDell Inspiron 17 (1750, 1764)<br \/>\nDell Latitude E4200<br \/>\nDell Latitude E4300<br \/>\nDell Latitude E5400<br \/>\nDell Latitude E5410<br \/>\nDell Latitude E5500<br \/>\nDell Latitude E6400<br \/>\nDell Latitude E6400 ATG<br \/>\nDell Latitude E6400 XFR<br \/>\nDell Latitude E6410 ATG<br \/>\nDell Latitude E6500<br \/>\nDell Latitude E6510<br \/>\nDell Latitude E5410<br \/>\nDell Latitude XT2<br \/>\nDell Latitude XT2 XFR<br \/>\nDell Precision M2400<br \/>\nDell Precision M4400<br \/>\nDell Studio 14 (1457, 1458)<br \/>\nDell Studio 15 (1535, 1536, 1537, 1555, 1557, 1558)<br \/>\nDell Studio 17 (1735, 1737, 1745, 1747, 1749)<br \/>\nDell Studio XPS 13<br \/>\nDell Studio XPS 16 (1640, 1645, 1647)<br \/>\nDell Vostro 1310<br \/>\nDell Vostro 1320<br \/>\nDell Vostro 1400<br \/>\nDell Vostro 1500<br \/>\nDell Vostro 1510<br \/>\nDell Vostro 1520<br \/>\nDell Vostro 1700<br \/>\nDell Vostro 1710<br \/>\nDell Vostro 1720<br \/>\nDell Vostro 3300<br \/>\nDell Vostro 3400<br \/>\nDell Vostro 3500<br \/>\nDell Vostro 3700<br \/>\nDell XPS M1330<br \/>\nDell XPS M1530<\/p>\n<p>Itens Inclusos:<br \/>\n1 Fonte Notebook Carregador Dell 90w 19,5v 4.62a Pa-10<br \/>\n1 &#8211; Cabo Tripolar novo padr\u00e3o brasileiro ABNT<\/p>\n","protected":false},"excerpt":{"rendered":"<p>Descri\u00e7\u00e3o Pa-10 Descri\u00e7\u00e3o VERIFIQUE COMPATIBILIDADE COM SEU NOTEBOOK Fonte Notebook Carregador Dell 90w 19,5v 4.62a Pa-12 Informa\u00e7\u00f5es Tecnicas 90w &#8211; 19,5V 4.62A (PA-12) FAMILY Carregador, AC Adapter Part Number: PA-12 Family &#8211; 90W 19,5V &#8211; 4.62a &#8211; Plug 7.4mm x 5.0mm Acompanha Fonte + Cabo de energia Compat\u00edvel com Dell Latitude, Dell Inspiron, Dell Vostro, [&hellip;]\n","protected":false},"featured_media":29310,"comment_status":"open","ping_status":"closed","template":"","meta":{"_bbp_topic_count":0,"_bbp_reply_count":0,"_bbp_total_topic_count":0,"_bbp_total_reply_count":0,"_bbp_voice_count":0,"_bbp_anonymous_reply_count":0,"_bbp_topic_count_hidden":0,"_bbp_reply_count_hidden":0,"_bbp_forum_subforum_count":0,"_joinchat":[]},"product_brand":[],"product_cat":[100,208],"product_tag":[],"class_list":{"0":"post-29309","1":"product","2":"type-product","3":"status-publish","4":"has-post-thumbnail","6":"product_cat-alimentacao","7":"product_cat-carregadores","9":"first","10":"instock","11":"taxable","12":"shipping-taxable","13":"purchasable","14":"product-type-simple"},"_links":{"self":[{"href":"https:\/\/www.saralinatacado.com.br\/loja\/wp-json\/wp\/v2\/product\/29309","targetHints":{"allow":["GET"]}}],"collection":[{"href":"https:\/\/www.saralinatacado.com.br\/loja\/wp-json\/wp\/v2\/product"}],"about":[{"href":"https:\/\/www.saralinatacado.com.br\/loja\/wp-json\/wp\/v2\/types\/product"}],"replies":[{"embeddable":true,"href":"https:\/\/www.saralinatacado.com.br\/loja\/wp-json\/wp\/v2\/comments?post=29309"}],"wp:featuredmedia":[{"embeddable":true,"href":"https:\/\/www.saralinatacado.com.br\/loja\/wp-json\/wp\/v2\/media\/29310"}],"wp:attachment":[{"href":"https:\/\/www.saralinatacado.com.br\/loja\/wp-json\/wp\/v2\/media?parent=29309"}],"wp:term":[{"taxonomy":"product_brand","embeddable":true,"href":"https:\/\/www.saralinatacado.com.br\/loja\/wp-json\/wp\/v2\/product_brand?post=29309"},{"taxonomy":"product_cat","embeddable":true,"href":"https:\/\/www.saralinatacado.com.br\/loja\/wp-json\/wp\/v2\/product_cat?post=29309"},{"taxonomy":"product_tag","embeddable":true,"href":"https:\/\/www.saralinatacado.com.br\/loja\/wp-json\/wp\/v2\/product_tag?post=29309"}],"curies":[{"name":"wp","href":"https:\/\/api.w.org\/{rel}","templated":true}]}}