{"id":29300,"date":"2023-09-29T18:51:10","date_gmt":"2023-09-29T18:51:10","guid":{"rendered":"https:\/\/www.saralinatacado.com.br\/loja\/?post_type=product&#038;p=29300"},"modified":"2023-09-29T19:03:51","modified_gmt":"2023-09-29T19:03:51","slug":"fonte-de-notebook-lg-19v-3-42a","status":"publish","type":"product","link":"https:\/\/www.saralinatacado.com.br\/loja\/produto\/fonte-de-notebook-lg-19v-3-42a\/","title":{"rendered":"FONTE DE NOTEBOOK LG 19V\/ 3.42A"},"content":{"rendered":"<p>FONTE DE NOTEBOOK LG 19V\/ 3.42A<br \/>\nEspecifica\u00e7\u00f5es:<br \/>\n&#8211; Input: 100V-240V 50\/60Hz;<br \/>\n&#8211; Sa\u00edda Output: 19v 3.42A ? Bivolt;<br \/>\n&#8211; Di\u00e2metro Interno do Pino: 4.5mm;<br \/>\n&#8211; Di\u00e2metro Externo do Pino: 6.5mm;<br \/>\n&#8211; Voltagem: 19v Amperagem: 3.42A;<br \/>\n&#8211; Prote\u00e7\u00e3o contra sobrecarga;<br \/>\n&#8211; Prote\u00e7\u00e3o excesso de corrente;<br \/>\n&#8211; Prote\u00e7\u00e3o excesso temperatura;<br \/>\n&#8211; Sistema de regula\u00e7\u00e3o de tens\u00e3o;<\/p>\n<p>Modelos de Notebooks compat\u00edveis:<br \/>\nEsta fonte carregador \u00e9 compat\u00edvel com notebooks LG e outros que requeiram as mesmas especifica\u00e7\u00f5es de voltagem, pot\u00eancia e di\u00e2metro do pino.<\/p>\n<p>Garantia:\u00a0Este(s) produto(s) tem 3 meses de garantia (3 meses referentes \u00e0 garantia legal, nos termos do artigo 26, II, do C\u00f3digo de Defesa do Consumidor), para defeitos de fabrica\u00e7\u00e3o.<\/p>\n<p>REF.: 1721<\/p>\n","protected":false},"excerpt":{"rendered":"<p>FONTE DE NOTEBOOK LG 19V\/ 3.42A Especifica\u00e7\u00f5es: &#8211; Input: 100V-240V 50\/60Hz; &#8211; Sa\u00edda Output: 19v 3.42A ? Bivolt; &#8211; Di\u00e2metro Interno do Pino: 4.5mm; &#8211; Di\u00e2metro Externo do Pino: 6.5mm; &#8211; Voltagem: 19v Amperagem: 3.42A; &#8211; Prote\u00e7\u00e3o contra sobrecarga; &#8211; Prote\u00e7\u00e3o excesso de corrente; &#8211; Prote\u00e7\u00e3o excesso temperatura; &#8211; Sistema de regula\u00e7\u00e3o de tens\u00e3o; Modelos [&hellip;]\n","protected":false},"featured_media":29301,"comment_status":"open","ping_status":"closed","template":"","meta":{"_bbp_topic_count":0,"_bbp_reply_count":0,"_bbp_total_topic_count":0,"_bbp_total_reply_count":0,"_bbp_voice_count":0,"_bbp_anonymous_reply_count":0,"_bbp_topic_count_hidden":0,"_bbp_reply_count_hidden":0,"_bbp_forum_subforum_count":0,"_joinchat":[]},"product_brand":[],"product_cat":[100,208],"product_tag":[],"class_list":{"0":"post-29300","1":"product","2":"type-product","3":"status-publish","4":"has-post-thumbnail","6":"product_cat-alimentacao","7":"product_cat-carregadores","9":"first","10":"instock","11":"taxable","12":"shipping-taxable","13":"purchasable","14":"product-type-simple"},"_links":{"self":[{"href":"https:\/\/www.saralinatacado.com.br\/loja\/wp-json\/wp\/v2\/product\/29300","targetHints":{"allow":["GET"]}}],"collection":[{"href":"https:\/\/www.saralinatacado.com.br\/loja\/wp-json\/wp\/v2\/product"}],"about":[{"href":"https:\/\/www.saralinatacado.com.br\/loja\/wp-json\/wp\/v2\/types\/product"}],"replies":[{"embeddable":true,"href":"https:\/\/www.saralinatacado.com.br\/loja\/wp-json\/wp\/v2\/comments?post=29300"}],"wp:featuredmedia":[{"embeddable":true,"href":"https:\/\/www.saralinatacado.com.br\/loja\/wp-json\/wp\/v2\/media\/29301"}],"wp:attachment":[{"href":"https:\/\/www.saralinatacado.com.br\/loja\/wp-json\/wp\/v2\/media?parent=29300"}],"wp:term":[{"taxonomy":"product_brand","embeddable":true,"href":"https:\/\/www.saralinatacado.com.br\/loja\/wp-json\/wp\/v2\/product_brand?post=29300"},{"taxonomy":"product_cat","embeddable":true,"href":"https:\/\/www.saralinatacado.com.br\/loja\/wp-json\/wp\/v2\/product_cat?post=29300"},{"taxonomy":"product_tag","embeddable":true,"href":"https:\/\/www.saralinatacado.com.br\/loja\/wp-json\/wp\/v2\/product_tag?post=29300"}],"curies":[{"name":"wp","href":"https:\/\/api.w.org\/{rel}","templated":true}]}}