{"id":29292,"date":"2023-09-29T18:41:48","date_gmt":"2023-09-29T18:41:48","guid":{"rendered":"https:\/\/www.saralinatacado.com.br\/loja\/?post_type=product&#038;p=29292"},"modified":"2023-09-29T18:41:48","modified_gmt":"2023-09-29T18:41:48","slug":"fonte-carregador-lenovo-20v-325a-65w-pino-quadrado-novo","status":"publish","type":"product","link":"https:\/\/www.saralinatacado.com.br\/loja\/produto\/fonte-carregador-lenovo-20v-325a-65w-pino-quadrado-novo\/","title":{"rendered":"Fonte Carregador Lenovo 20v 3,25a 65w Pino Quadrado Novo"},"content":{"rendered":"<h2 class=\"ui-pdp-description__title\">Descri\u00e7\u00e3o<\/h2>\n<p class=\"ui-pdp-description__content\">FONTE CARREGADOR PARA<br \/>\nLenovo ThinkPad 65W (Slim Tip)<br \/>\n20V 3.25A &#8211; Plug Retangular<\/p>\n<p>Modelos Compat\u00edveis:<br \/>\nLenovo Thinkpad<br \/>\nB40<br \/>\nB50<br \/>\nB50-30<br \/>\nB50-45<br \/>\nB50-70<br \/>\nThinkPad Edge:<br \/>\nE431, E440<br \/>\nE531, E540<br \/>\nThinkPad:<br \/>\nG400, G405<br \/>\nL440, L540<br \/>\nS431, S440<br \/>\nS531, S540<br \/>\nS540, Touch<br \/>\nT431s, T440<br \/>\nT440p (65 Watt)<br \/>\nT440s, T540p (65 Watt)<br \/>\nX1 Carbon, X230s, X240<br \/>\nCompatible IBM\/Lenovo Models:<br \/>\nLenovo IdeaPad Flex 14<br \/>\nLenovo IdeaPad Flex14<br \/>\nLenovo IdeaPad Flex14 59395491<br \/>\nLenovo IdeaPad Flex14 59395495<br \/>\nLenovo IdeaPad Flex14 59395501<br \/>\nLenovo IdeaPad Flex14 59395991<br \/>\nLenovo IdeaPad Flex 14D<br \/>\nLenovo IdeaPad Flex 15<br \/>\nLenovo IdeaPad Flex15<br \/>\nLenovo IdeaPad Flex15 59382272<br \/>\nLenovo IdeaPad Flex15 59393851<br \/>\nLenovo IdeaPad Flex15 59393856<br \/>\nLenovo IdeaPad Flex15 59393867<br \/>\nLenovo IdeaPad Flex 15D<br \/>\nLenovo IdeaPad U430p<br \/>\nLenovo IdeaPad U530<br \/>\nLenovo IdeaPad U530 Touch 59401453<br \/>\nLenovo IdeaPad U530 Touch 59401457<br \/>\nLenovo IdeaPad U530 Touch 59401459<br \/>\nLenovo IdeaPad U530 Touch 59401461<br \/>\nLenovo IdeaPad U530T<br \/>\nLenovo IdeaPad Yoga 11<br \/>\nLenovo IdeaPad Yoga 11S<br \/>\nLenovo IdeaPad Yoga 11S 59370520<br \/>\nLenovo IdeaPad Yoga 11S 59370508<br \/>\nLenovo IdeaPad Yoga 11S 59370525<br \/>\nLenovo IdeaPad Yoga 11S 59370526<br \/>\nLenovo IdeaPad Yoga 13<br \/>\nLenovo IdeaPad Yoga 13 59359568<br \/>\nLenovo IdeaPad Yoga 13 59366347<br \/>\nLenovo IdeaPad Yoga 13 59366353<br \/>\nLenovo IdeaPad Yoga 13 59366358<br \/>\nLenovo IdeaPad Yoga 2 Pro<br \/>\nLenovo IdeaPad Yoga 2 Pro 59394167<br \/>\nLenovo IdeaPad Yoga 2 Pro 59394171<br \/>\nLenovo IdeaPad Yoga 2 Pro 59394177<br \/>\nLenovo IdeaPad Yoga 2 Pro 59394185<br \/>\nLenovo IdeaPad Z510<br \/>\nLenovo IdeaPad Z510 59400180<br \/>\nLenovo IdeaPad Z510 59400186<br \/>\nLenovo IdeaPad Z510 59400191<br \/>\nLenovo IdeaPad Z510 59400196<br \/>\nLenovo ThinkPad Edge E431<br \/>\nLenovo ThinkPad Edge E531<br \/>\nLenovo ThinkPad Helix<br \/>\nLenovo ThinkPad L440<br \/>\nLenovo ThinkPad L540<br \/>\nLenovo ThinkPad S431<br \/>\nLenovo ThinkPad T431S<br \/>\nLenovo ThinkPad T440<br \/>\nLenovo ThinkPad T440P<br \/>\nLenovo ThinkPad T440S<br \/>\nLenovo ThinkPad T540P<br \/>\nLenovo ThinkPad X240<\/p>\n","protected":false},"excerpt":{"rendered":"<p>Descri\u00e7\u00e3o FONTE CARREGADOR PARA Lenovo ThinkPad 65W (Slim Tip) 20V 3.25A &#8211; Plug Retangular Modelos Compat\u00edveis: Lenovo Thinkpad B40 B50 B50-30 B50-45 B50-70 ThinkPad Edge: E431, E440 E531, E540 ThinkPad: G400, G405 L440, L540 S431, S440 S531, S540 S540, Touch T431s, T440 T440p (65 Watt) T440s, T540p (65 Watt) X1 Carbon, X230s, X240 Compatible IBM\/Lenovo [&hellip;]\n","protected":false},"featured_media":29294,"comment_status":"open","ping_status":"closed","template":"","meta":{"_bbp_topic_count":0,"_bbp_reply_count":0,"_bbp_total_topic_count":0,"_bbp_total_reply_count":0,"_bbp_voice_count":0,"_bbp_anonymous_reply_count":0,"_bbp_topic_count_hidden":0,"_bbp_reply_count_hidden":0,"_bbp_forum_subforum_count":0,"_joinchat":[]},"product_brand":[],"product_cat":[100,208],"product_tag":[],"class_list":{"0":"post-29292","1":"product","2":"type-product","3":"status-publish","4":"has-post-thumbnail","6":"product_cat-alimentacao","7":"product_cat-carregadores","9":"first","10":"instock","11":"taxable","12":"shipping-taxable","13":"purchasable","14":"product-type-simple"},"_links":{"self":[{"href":"https:\/\/www.saralinatacado.com.br\/loja\/wp-json\/wp\/v2\/product\/29292","targetHints":{"allow":["GET"]}}],"collection":[{"href":"https:\/\/www.saralinatacado.com.br\/loja\/wp-json\/wp\/v2\/product"}],"about":[{"href":"https:\/\/www.saralinatacado.com.br\/loja\/wp-json\/wp\/v2\/types\/product"}],"replies":[{"embeddable":true,"href":"https:\/\/www.saralinatacado.com.br\/loja\/wp-json\/wp\/v2\/comments?post=29292"}],"wp:featuredmedia":[{"embeddable":true,"href":"https:\/\/www.saralinatacado.com.br\/loja\/wp-json\/wp\/v2\/media\/29294"}],"wp:attachment":[{"href":"https:\/\/www.saralinatacado.com.br\/loja\/wp-json\/wp\/v2\/media?parent=29292"}],"wp:term":[{"taxonomy":"product_brand","embeddable":true,"href":"https:\/\/www.saralinatacado.com.br\/loja\/wp-json\/wp\/v2\/product_brand?post=29292"},{"taxonomy":"product_cat","embeddable":true,"href":"https:\/\/www.saralinatacado.com.br\/loja\/wp-json\/wp\/v2\/product_cat?post=29292"},{"taxonomy":"product_tag","embeddable":true,"href":"https:\/\/www.saralinatacado.com.br\/loja\/wp-json\/wp\/v2\/product_tag?post=29292"}],"curies":[{"name":"wp","href":"https:\/\/api.w.org\/{rel}","templated":true}]}}