{"id":29288,"date":"2023-09-29T18:31:41","date_gmt":"2023-09-29T18:31:41","guid":{"rendered":"https:\/\/www.saralinatacado.com.br\/loja\/?post_type=product&#038;p=29288"},"modified":"2023-09-29T18:31:41","modified_gmt":"2023-09-29T18:31:41","slug":"fonte-para-notebook-samsung-adp-40zh-a-ad-4019-sa-03-19v-2-1a-40w-dhcp-informatica","status":"publish","type":"product","link":"https:\/\/www.saralinatacado.com.br\/loja\/produto\/fonte-para-notebook-samsung-adp-40zh-a-ad-4019-sa-03-19v-2-1a-40w-dhcp-informatica\/","title":{"rendered":"Fonte para Notebook Samsung ADP-40ZH A (AD-4019) SA 03 &#8211; 19V 2.1A &#8211; 40W &#8211; DHCP Inform\u00e1tica"},"content":{"rendered":"<p class=\"lead\"><strong>Caracter\u00edsticas<\/strong><\/p>\n<ul>\n<li>Entrada AC: 100-240V,50-60Hz<\/li>\n<li>Saida: 19V 2.1A- Bivolt<\/li>\n<li>Pot\u00eancia: 40W<\/li>\n<li>Tamanho do Conector: 1.1mm<\/li>\n<li>Cabo de for\u00e7a tripolar: Incluso<\/li>\n<\/ul>\n<hr \/>\n<p class=\"lead\"><strong>Compatibilidade Samgung Ultrabook<\/strong><\/p>\n<ul>\n<li>NP900X1A,NP900X1A-A01US,NP900X1A-A01,NP900X1AA01US NP900X1B,NP900X1B-A01US,NP900X1B-A01,NP900X1BA01US NP900X1B,NP900X1B-A02US,NP900X1B-A02,NP900X1BA02US NP900X3A,NP900X3A-A02US,NP900X3A-A02,NP900X3AA02US NP900X3A,NP900X3A-A03US,NP900X3A-A03,NP900X3AA03US NP900X3A,NP900X3A-A05US,NP900X3A-A05,NP900X3AA05US NP900X3A,NP900X3A-B01US,NP900X3A-B01,NP900X3AB01US NP900X3A,NP900X3A-B02US,NP900X3A-B02,NP900X3AB02US NP900X1B,NP900X1B-A01SE,NP900X1B-A01,NP900X1BA01SE NP900X1B,NP900X1B-A01AU,NP900X1B-A01,NP900X1BA01AU NP900X1B,NP900X1B-A01UK,NP900X1B-A01,NP900X1BA01UK<\/li>\n<\/ul>\n<hr \/>\n<p class=\"lead\"><strong>Compatibilidade Samsung Series 3<\/strong><\/p>\n<ul>\n<li>Samsung Series 3 305U1A-A01 Samsung Series 3 305U1A-305U1A-A03 Samsung Series 3 305U1A-A04 Samsung Series 3 305U1A-A05 Samsung Series 3 NP305U1A Samsung Series 3 NP305U1A-A01US Samsung Series 3 NP305U1A-A02US Samsung Series 3 NP350U2A Samsung Series 3 NP350U2A-W01UB Samsung Series 3 NP300U1A Samsung Series 3 NP300U1A-A01US<\/li>\n<\/ul>\n<hr \/>\n<p class=\"lead\"><strong>Compatibilidade Samsung Series 5<\/strong><\/p>\n<ul>\n<li>Ultrabook Np530u3b Np530u3bi Np530u3c Np535u3c Np540u3c Chromebook Xe550c22 Series 9 Premium Ultrabook Np900x1a Np900x1b Np900x3a Np900x3b Np900x3c Np900x4b Np900x4c<\/li>\n<\/ul>\n","protected":false},"excerpt":{"rendered":"<p>Caracter\u00edsticas Entrada AC: 100-240V,50-60Hz Saida: 19V 2.1A- Bivolt Pot\u00eancia: 40W Tamanho do Conector: 1.1mm Cabo de for\u00e7a tripolar: Incluso Compatibilidade Samgung Ultrabook NP900X1A,NP900X1A-A01US,NP900X1A-A01,NP900X1AA01US NP900X1B,NP900X1B-A01US,NP900X1B-A01,NP900X1BA01US NP900X1B,NP900X1B-A02US,NP900X1B-A02,NP900X1BA02US NP900X3A,NP900X3A-A02US,NP900X3A-A02,NP900X3AA02US NP900X3A,NP900X3A-A03US,NP900X3A-A03,NP900X3AA03US NP900X3A,NP900X3A-A05US,NP900X3A-A05,NP900X3AA05US NP900X3A,NP900X3A-B01US,NP900X3A-B01,NP900X3AB01US NP900X3A,NP900X3A-B02US,NP900X3A-B02,NP900X3AB02US NP900X1B,NP900X1B-A01SE,NP900X1B-A01,NP900X1BA01SE NP900X1B,NP900X1B-A01AU,NP900X1B-A01,NP900X1BA01AU NP900X1B,NP900X1B-A01UK,NP900X1B-A01,NP900X1BA01UK Compatibilidade Samsung Series 3 Samsung Series 3 305U1A-A01 Samsung Series 3 305U1A-305U1A-A03 Samsung Series 3 305U1A-A04 Samsung Series 3 305U1A-A05 Samsung Series [&hellip;]\n","protected":false},"featured_media":29290,"comment_status":"open","ping_status":"closed","template":"","meta":{"_bbp_topic_count":0,"_bbp_reply_count":0,"_bbp_total_topic_count":0,"_bbp_total_reply_count":0,"_bbp_voice_count":0,"_bbp_anonymous_reply_count":0,"_bbp_topic_count_hidden":0,"_bbp_reply_count_hidden":0,"_bbp_forum_subforum_count":0,"_joinchat":[]},"product_brand":[],"product_cat":[100,208],"product_tag":[],"class_list":{"0":"post-29288","1":"product","2":"type-product","3":"status-publish","4":"has-post-thumbnail","6":"product_cat-alimentacao","7":"product_cat-carregadores","9":"first","10":"instock","11":"taxable","12":"shipping-taxable","13":"purchasable","14":"product-type-simple"},"_links":{"self":[{"href":"https:\/\/www.saralinatacado.com.br\/loja\/wp-json\/wp\/v2\/product\/29288","targetHints":{"allow":["GET"]}}],"collection":[{"href":"https:\/\/www.saralinatacado.com.br\/loja\/wp-json\/wp\/v2\/product"}],"about":[{"href":"https:\/\/www.saralinatacado.com.br\/loja\/wp-json\/wp\/v2\/types\/product"}],"replies":[{"embeddable":true,"href":"https:\/\/www.saralinatacado.com.br\/loja\/wp-json\/wp\/v2\/comments?post=29288"}],"wp:featuredmedia":[{"embeddable":true,"href":"https:\/\/www.saralinatacado.com.br\/loja\/wp-json\/wp\/v2\/media\/29290"}],"wp:attachment":[{"href":"https:\/\/www.saralinatacado.com.br\/loja\/wp-json\/wp\/v2\/media?parent=29288"}],"wp:term":[{"taxonomy":"product_brand","embeddable":true,"href":"https:\/\/www.saralinatacado.com.br\/loja\/wp-json\/wp\/v2\/product_brand?post=29288"},{"taxonomy":"product_cat","embeddable":true,"href":"https:\/\/www.saralinatacado.com.br\/loja\/wp-json\/wp\/v2\/product_cat?post=29288"},{"taxonomy":"product_tag","embeddable":true,"href":"https:\/\/www.saralinatacado.com.br\/loja\/wp-json\/wp\/v2\/product_tag?post=29288"}],"curies":[{"name":"wp","href":"https:\/\/api.w.org\/{rel}","templated":true}]}}