{"id":29280,"date":"2023-09-29T18:25:12","date_gmt":"2023-09-29T18:25:12","guid":{"rendered":"https:\/\/www.saralinatacado.com.br\/loja\/?post_type=product&#038;p=29280"},"modified":"2023-09-29T18:25:12","modified_gmt":"2023-09-29T18:25:12","slug":"hub-hdmi-knup-kp-3456-3-portas-hub0008kp","status":"publish","type":"product","link":"https:\/\/www.saralinatacado.com.br\/loja\/produto\/hub-hdmi-knup-kp-3456-3-portas-hub0008kp\/","title":{"rendered":"Hub HDMI Knup KP-3456 3 Portas &#8211; HUB0008KP"},"content":{"rendered":"<p><strong>Especifica\u00e7\u00f5es T\u00e9cnicas:<\/strong><br \/>\n&#8211; Bot\u00e3o de altern\u00e2ncia de porta HDMI de 3 vias;<br \/>\n&#8211; Suporta resolu\u00e7\u00e3o de 480p, 720p, 1080i e 1920&#215;1200;<br \/>\n&#8211; Suporte de 1080 HDTV de alta qualidade;<br \/>\n&#8211; Totalmente compat\u00edvel com HDMI 1.3;<br \/>\n&#8211; Largura de banda de v\u00eddeo amplificador: 2.5Gbps;<br \/>\n&#8211; N\u00edvel de entrada do sinal v\u00eddeo: 1.2 volts p-p;<br \/>\n&#8211; N\u00edvel de entrada do sinal DDC: 5 volts p-p (TLL);<br \/>\n&#8211; Led indicador de uso de porta;<\/p>\n<p><strong>Conte\u00fado da Embalagem:<\/strong><br \/>\n&#8211; 01. Switch HUB HDMI 1&#215;3;<\/p>\n","protected":false},"excerpt":{"rendered":"<p>Especifica\u00e7\u00f5es T\u00e9cnicas: &#8211; Bot\u00e3o de altern\u00e2ncia de porta HDMI de 3 vias; &#8211; Suporta resolu\u00e7\u00e3o de 480p, 720p, 1080i e 1920&#215;1200; &#8211; Suporte de 1080 HDTV de alta qualidade; &#8211; Totalmente compat\u00edvel com HDMI 1.3; &#8211; Largura de banda de v\u00eddeo amplificador: 2.5Gbps; &#8211; N\u00edvel de entrada do sinal v\u00eddeo: 1.2 volts p-p; &#8211; N\u00edvel [&hellip;]\n","protected":false},"featured_media":29281,"comment_status":"open","ping_status":"closed","template":"","meta":{"_bbp_topic_count":0,"_bbp_reply_count":0,"_bbp_total_topic_count":0,"_bbp_total_reply_count":0,"_bbp_voice_count":0,"_bbp_anonymous_reply_count":0,"_bbp_topic_count_hidden":0,"_bbp_reply_count_hidden":0,"_bbp_forum_subforum_count":0,"_joinchat":[]},"product_brand":[],"product_cat":[107],"product_tag":[],"class_list":{"0":"post-29280","1":"product","2":"type-product","3":"status-publish","4":"has-post-thumbnail","6":"product_cat-acessorios","8":"first","9":"instock","10":"taxable","11":"shipping-taxable","12":"purchasable","13":"product-type-simple"},"_links":{"self":[{"href":"https:\/\/www.saralinatacado.com.br\/loja\/wp-json\/wp\/v2\/product\/29280","targetHints":{"allow":["GET"]}}],"collection":[{"href":"https:\/\/www.saralinatacado.com.br\/loja\/wp-json\/wp\/v2\/product"}],"about":[{"href":"https:\/\/www.saralinatacado.com.br\/loja\/wp-json\/wp\/v2\/types\/product"}],"replies":[{"embeddable":true,"href":"https:\/\/www.saralinatacado.com.br\/loja\/wp-json\/wp\/v2\/comments?post=29280"}],"wp:featuredmedia":[{"embeddable":true,"href":"https:\/\/www.saralinatacado.com.br\/loja\/wp-json\/wp\/v2\/media\/29281"}],"wp:attachment":[{"href":"https:\/\/www.saralinatacado.com.br\/loja\/wp-json\/wp\/v2\/media?parent=29280"}],"wp:term":[{"taxonomy":"product_brand","embeddable":true,"href":"https:\/\/www.saralinatacado.com.br\/loja\/wp-json\/wp\/v2\/product_brand?post=29280"},{"taxonomy":"product_cat","embeddable":true,"href":"https:\/\/www.saralinatacado.com.br\/loja\/wp-json\/wp\/v2\/product_cat?post=29280"},{"taxonomy":"product_tag","embeddable":true,"href":"https:\/\/www.saralinatacado.com.br\/loja\/wp-json\/wp\/v2\/product_tag?post=29280"}],"curies":[{"name":"wp","href":"https:\/\/api.w.org\/{rel}","templated":true}]}}