{"id":29271,"date":"2023-09-29T18:17:22","date_gmt":"2023-09-29T18:17:22","guid":{"rendered":"https:\/\/www.saralinatacado.com.br\/loja\/?post_type=product&#038;p=29271"},"modified":"2023-09-29T18:17:23","modified_gmt":"2023-09-29T18:17:23","slug":"hub-usb-7-portas-2-0-c-chave-liga-desliga","status":"publish","type":"product","link":"https:\/\/www.saralinatacado.com.br\/loja\/produto\/hub-usb-7-portas-2-0-c-chave-liga-desliga\/","title":{"rendered":"HUB USB 7 Portas 2.0 C\/ Chave Liga\/Desliga"},"content":{"rendered":"<p>Caracter\u00edsticas:<br \/>\n&#8211; Modelo: Hub Usb 7 portas com chave liga e desliga<\/p>\n<p>Especifica\u00e7\u00f5es:<br \/>\n&#8211; Converte uma \u00fanica porta USB em 7 portas com interruptor de energia<br \/>\n&#8211; Transfer\u00eancia de dados de at\u00e9 480 mbps<br \/>\n&#8211; Plug-and-Play<br \/>\n&#8211; Funciona perfeitamente com todos os dispositivos USB 1.1 e 2.0<br \/>\n&#8211; Suporta dispositivos USB at\u00e9 500GB<\/p>\n<p>Conte\u00fado da embalagem:<br \/>\n&#8211; 01 HUB USB 7 PORTAS<\/p>\n<p>Peso<br \/>\n115 gramas (bruto com embalagem)<\/p>\n","protected":false},"excerpt":{"rendered":"<p>Caracter\u00edsticas: &#8211; Modelo: Hub Usb 7 portas com chave liga e desliga Especifica\u00e7\u00f5es: &#8211; Converte uma \u00fanica porta USB em 7 portas com interruptor de energia &#8211; Transfer\u00eancia de dados de at\u00e9 480 mbps &#8211; Plug-and-Play &#8211; Funciona perfeitamente com todos os dispositivos USB 1.1 e 2.0 &#8211; Suporta dispositivos USB at\u00e9 500GB Conte\u00fado da [&hellip;]\n","protected":false},"featured_media":29273,"comment_status":"open","ping_status":"closed","template":"","meta":{"_bbp_topic_count":0,"_bbp_reply_count":0,"_bbp_total_topic_count":0,"_bbp_total_reply_count":0,"_bbp_voice_count":0,"_bbp_anonymous_reply_count":0,"_bbp_topic_count_hidden":0,"_bbp_reply_count_hidden":0,"_bbp_forum_subforum_count":0,"_joinchat":[]},"product_brand":[],"product_cat":[107,106],"product_tag":[],"class_list":{"0":"post-29271","1":"product","2":"type-product","3":"status-publish","4":"has-post-thumbnail","6":"product_cat-acessorios","7":"product_cat-cabos","9":"first","10":"instock","11":"taxable","12":"shipping-taxable","13":"purchasable","14":"product-type-simple"},"_links":{"self":[{"href":"https:\/\/www.saralinatacado.com.br\/loja\/wp-json\/wp\/v2\/product\/29271","targetHints":{"allow":["GET"]}}],"collection":[{"href":"https:\/\/www.saralinatacado.com.br\/loja\/wp-json\/wp\/v2\/product"}],"about":[{"href":"https:\/\/www.saralinatacado.com.br\/loja\/wp-json\/wp\/v2\/types\/product"}],"replies":[{"embeddable":true,"href":"https:\/\/www.saralinatacado.com.br\/loja\/wp-json\/wp\/v2\/comments?post=29271"}],"wp:featuredmedia":[{"embeddable":true,"href":"https:\/\/www.saralinatacado.com.br\/loja\/wp-json\/wp\/v2\/media\/29273"}],"wp:attachment":[{"href":"https:\/\/www.saralinatacado.com.br\/loja\/wp-json\/wp\/v2\/media?parent=29271"}],"wp:term":[{"taxonomy":"product_brand","embeddable":true,"href":"https:\/\/www.saralinatacado.com.br\/loja\/wp-json\/wp\/v2\/product_brand?post=29271"},{"taxonomy":"product_cat","embeddable":true,"href":"https:\/\/www.saralinatacado.com.br\/loja\/wp-json\/wp\/v2\/product_cat?post=29271"},{"taxonomy":"product_tag","embeddable":true,"href":"https:\/\/www.saralinatacado.com.br\/loja\/wp-json\/wp\/v2\/product_tag?post=29271"}],"curies":[{"name":"wp","href":"https:\/\/api.w.org\/{rel}","templated":true}]}}