{"id":29262,"date":"2023-09-29T14:51:38","date_gmt":"2023-09-29T14:51:38","guid":{"rendered":"https:\/\/www.saralinatacado.com.br\/loja\/?post_type=product&#038;p=29262"},"modified":"2023-09-29T14:51:38","modified_gmt":"2023-09-29T14:51:38","slug":"mini-caixa-de-som-para-pc-e-notebook-knup-kp-609-azul-plug-p2","status":"publish","type":"product","link":"https:\/\/www.saralinatacado.com.br\/loja\/produto\/mini-caixa-de-som-para-pc-e-notebook-knup-kp-609-azul-plug-p2\/","title":{"rendered":"Mini Caixa De Som Para Pc E Notebook Knup Kp-609 Azul Plug p2"},"content":{"rendered":"<div class=\"descricao-titulo padrao-desc\"><strong>Descri\u00e7\u00e3o<\/strong><\/div>\n<div class=\"box-descricao\">\n<div class=\"span12\">\n<div id=\"smarthint-product-position1\"><\/div>\n<div id=\"blank-product-position1\">Caixa de som Knup KP-600<\/div>\n<div class=\"abas-custom\">\n<div class=\"tab-content\">\n<div id=\"descricao\" class=\"tab-pane active\">\n<p>As caixas de som KP-600 s\u00e3o indicadas para espa\u00e7os menores, dessa forma, quanto mais compacto for um produto, maior a sua integra\u00e7\u00e3o com os outros elementos do ambiente.<br \/>\nAs caixas de som KP-600 tamb\u00e9m \u00e9 compativel com celulares e smartphones. Al\u00e9m de pequenas, elas s\u00e3o muito funcionais. Com \u00f3timo isolamento e veda\u00e7\u00e3o, funcionam como pequenas caixas ac\u00fasticas. A mesma \u00e9 feita em pl\u00e1stico fosco de alta qualidade para garantir maior vida \u00fatil.<\/p>\n<p>Caracter\u00edsticas<br \/>\nModelo: KP-600<br \/>\nSa\u00edda de \u00e1udio: P2 de 3.5mm<br \/>\nPot\u00eancia Total (rms): 3W x2(RMS)<br \/>\nFrequ\u00eancia de resposta: 100 Hz &#8211; 20 KHz<br \/>\nSensibilidade: 70 dB + 4db<br \/>\nImped\u00e2ncia: 4 Ohms<br \/>\nAlimenta\u00e7\u00e3o: 5Vdc (via porta usb)<br \/>\nCompat\u00edvel com: pc \/ Notebook \/ cd, dvd \/ MP3, MP4 \/ Celula<br \/>\nCor: Preto<br \/>\nDimens\u00f5es aprox. do produto: 65 x 70 x 70 mm (Cx Lx a)<br \/>\nComprimento do Cabo: 0,70 m<\/p>\n<p>Itens inclusos<br \/>\n01 Caixa de Som KP-600<\/p>\n<\/div>\n<\/div>\n<\/div>\n<\/div>\n<\/div>\n","protected":false},"excerpt":{"rendered":"<p>Descri\u00e7\u00e3o Caixa de som Knup KP-600 As caixas de som KP-600 s\u00e3o indicadas para espa\u00e7os menores, dessa forma, quanto mais compacto for um produto, maior a sua integra\u00e7\u00e3o com os outros elementos do ambiente. As caixas de som KP-600 tamb\u00e9m \u00e9 compativel com celulares e smartphones. Al\u00e9m de pequenas, elas s\u00e3o muito funcionais. Com \u00f3timo [&hellip;]\n","protected":false},"featured_media":29264,"comment_status":"open","ping_status":"closed","template":"","meta":{"_bbp_topic_count":0,"_bbp_reply_count":0,"_bbp_total_topic_count":0,"_bbp_total_reply_count":0,"_bbp_voice_count":0,"_bbp_anonymous_reply_count":0,"_bbp_topic_count_hidden":0,"_bbp_reply_count_hidden":0,"_bbp_forum_subforum_count":0,"_joinchat":[]},"product_brand":[],"product_cat":[102],"product_tag":[],"class_list":{"0":"post-29262","1":"product","2":"type-product","3":"status-publish","4":"has-post-thumbnail","6":"product_cat-caixa-de-som","8":"first","9":"instock","10":"taxable","11":"shipping-taxable","12":"purchasable","13":"product-type-simple"},"_links":{"self":[{"href":"https:\/\/www.saralinatacado.com.br\/loja\/wp-json\/wp\/v2\/product\/29262","targetHints":{"allow":["GET"]}}],"collection":[{"href":"https:\/\/www.saralinatacado.com.br\/loja\/wp-json\/wp\/v2\/product"}],"about":[{"href":"https:\/\/www.saralinatacado.com.br\/loja\/wp-json\/wp\/v2\/types\/product"}],"replies":[{"embeddable":true,"href":"https:\/\/www.saralinatacado.com.br\/loja\/wp-json\/wp\/v2\/comments?post=29262"}],"wp:featuredmedia":[{"embeddable":true,"href":"https:\/\/www.saralinatacado.com.br\/loja\/wp-json\/wp\/v2\/media\/29264"}],"wp:attachment":[{"href":"https:\/\/www.saralinatacado.com.br\/loja\/wp-json\/wp\/v2\/media?parent=29262"}],"wp:term":[{"taxonomy":"product_brand","embeddable":true,"href":"https:\/\/www.saralinatacado.com.br\/loja\/wp-json\/wp\/v2\/product_brand?post=29262"},{"taxonomy":"product_cat","embeddable":true,"href":"https:\/\/www.saralinatacado.com.br\/loja\/wp-json\/wp\/v2\/product_cat?post=29262"},{"taxonomy":"product_tag","embeddable":true,"href":"https:\/\/www.saralinatacado.com.br\/loja\/wp-json\/wp\/v2\/product_tag?post=29262"}],"curies":[{"name":"wp","href":"https:\/\/api.w.org\/{rel}","templated":true}]}}