{"id":29251,"date":"2023-09-29T14:41:07","date_gmt":"2023-09-29T14:41:07","guid":{"rendered":"https:\/\/www.saralinatacado.com.br\/loja\/?post_type=product&#038;p=29251"},"modified":"2023-09-29T14:43:38","modified_gmt":"2023-09-29T14:43:38","slug":"caixa-de-som-para-pc-kp-7024-12w-preto-knup","status":"publish","type":"product","link":"https:\/\/www.saralinatacado.com.br\/loja\/produto\/caixa-de-som-para-pc-kp-7024-12w-preto-knup\/","title":{"rendered":"CAIXA DE SOM PARA PC KP-7024 12W PRETO &#8211; KNUP"},"content":{"rendered":"<p>&#8211; Marca: Knup.<br \/>\n&#8211; Modelo: KP-7024.<\/p>\n<p>Caracter\u00edsticas:<br \/>\n&#8211; Compat\u00edvel com macs e notebooks.<br \/>\n&#8211; Controle de volume.<br \/>\n&#8211; Pot\u00eancia: 12W RMS (6W x 2).<br \/>\n&#8211; USB para alimenta\u00e7\u00e3o.<br \/>\n&#8211; Compat\u00edvel: XP, Vista, Windows 7\/8\/10, Mac e Linux.<\/p>\n<p>Especifica\u00e7\u00f5es:<br \/>\n&#8211; Fonte de alimenta\u00e7\u00e3o: 5V DC.<br \/>\n&#8211; Pot\u00eancia total de sa\u00edda: 12W RMS (6W x 2).<br \/>\n&#8211; Resposta de frequ\u00eancia: 100-20kHz.<br \/>\n&#8211; Imped\u00e2ncia: 40 Ohms.<br \/>\n&#8211; Sensibilidade: 70dB +- 4dB.<br \/>\n&#8211; Conex\u00e3o: Plug de 3,5mm.<br \/>\n&#8211; Composi\u00e7\u00e3o: Termopl\u00e1sticos, circuitos eletr\u00f4nicos e metais.<\/p>\n","protected":false},"excerpt":{"rendered":"<p>&#8211; Marca: Knup. &#8211; Modelo: KP-7024. Caracter\u00edsticas: &#8211; Compat\u00edvel com macs e notebooks. &#8211; Controle de volume. &#8211; Pot\u00eancia: 12W RMS (6W x 2). &#8211; USB para alimenta\u00e7\u00e3o. &#8211; Compat\u00edvel: XP, Vista, Windows 7\/8\/10, Mac e Linux. Especifica\u00e7\u00f5es: &#8211; Fonte de alimenta\u00e7\u00e3o: 5V DC. &#8211; Pot\u00eancia total de sa\u00edda: 12W RMS (6W x 2). &#8211; [&hellip;]\n","protected":false},"featured_media":29261,"comment_status":"open","ping_status":"closed","template":"","meta":{"_bbp_topic_count":0,"_bbp_reply_count":0,"_bbp_total_topic_count":0,"_bbp_total_reply_count":0,"_bbp_voice_count":0,"_bbp_anonymous_reply_count":0,"_bbp_topic_count_hidden":0,"_bbp_reply_count_hidden":0,"_bbp_forum_subforum_count":0,"_joinchat":[]},"product_brand":[],"product_cat":[102],"product_tag":[],"class_list":{"0":"post-29251","1":"product","2":"type-product","3":"status-publish","4":"has-post-thumbnail","6":"product_cat-caixa-de-som","8":"first","9":"instock","10":"taxable","11":"shipping-taxable","12":"purchasable","13":"product-type-simple"},"_links":{"self":[{"href":"https:\/\/www.saralinatacado.com.br\/loja\/wp-json\/wp\/v2\/product\/29251","targetHints":{"allow":["GET"]}}],"collection":[{"href":"https:\/\/www.saralinatacado.com.br\/loja\/wp-json\/wp\/v2\/product"}],"about":[{"href":"https:\/\/www.saralinatacado.com.br\/loja\/wp-json\/wp\/v2\/types\/product"}],"replies":[{"embeddable":true,"href":"https:\/\/www.saralinatacado.com.br\/loja\/wp-json\/wp\/v2\/comments?post=29251"}],"wp:featuredmedia":[{"embeddable":true,"href":"https:\/\/www.saralinatacado.com.br\/loja\/wp-json\/wp\/v2\/media\/29261"}],"wp:attachment":[{"href":"https:\/\/www.saralinatacado.com.br\/loja\/wp-json\/wp\/v2\/media?parent=29251"}],"wp:term":[{"taxonomy":"product_brand","embeddable":true,"href":"https:\/\/www.saralinatacado.com.br\/loja\/wp-json\/wp\/v2\/product_brand?post=29251"},{"taxonomy":"product_cat","embeddable":true,"href":"https:\/\/www.saralinatacado.com.br\/loja\/wp-json\/wp\/v2\/product_cat?post=29251"},{"taxonomy":"product_tag","embeddable":true,"href":"https:\/\/www.saralinatacado.com.br\/loja\/wp-json\/wp\/v2\/product_tag?post=29251"}],"curies":[{"name":"wp","href":"https:\/\/api.w.org\/{rel}","templated":true}]}}