{"id":29247,"date":"2023-09-29T14:34:14","date_gmt":"2023-09-29T14:34:14","guid":{"rendered":"https:\/\/www.saralinatacado.com.br\/loja\/?post_type=product&#038;p=29247"},"modified":"2023-09-29T14:34:14","modified_gmt":"2023-09-29T14:34:14","slug":"caixa-de-som-para-gamer-notebook-ubs-preto-knup-kpro800","status":"publish","type":"product","link":"https:\/\/www.saralinatacado.com.br\/loja\/produto\/caixa-de-som-para-gamer-notebook-ubs-preto-knup-kpro800\/","title":{"rendered":"Caixa de som para gamer notebook ubs preto knup kpro800"},"content":{"rendered":"<p>Caracter\u00edsticas:<br \/>\nMarca: Knup<br \/>\nModelo: KP-RO800<br \/>\nPot\u00eancia de sa\u00edda: 6W rms<br \/>\nAlimenta\u00e7\u00e3o: 5Vdc (porta usb)<br \/>\nsnr&gt; 85dB<br \/>\nResposta de frequ\u00eancia: 40Hz 18Khz<br \/>\nImped\u00e2ncia: 4<br \/>\nComprimento do cabo: 1,40m<br \/>\nModo de entrada: 3,5mm<br \/>\nDimens\u00f5es (c x L x a): 60x70x100mm<\/p>\n<p>Recursos:<br \/>\nQualidade Hi-Fi est\u00e9reo<br \/>\nCompat\u00edvel com pc e Notebook<br \/>\nControle de volume<br \/>\nIlumina\u00e7\u00e3o led<br \/>\nConex\u00e3o de \u00e1udio mini-plug de 3,5mm<br \/>\nNecess\u00e1rio USB para alimenta\u00e7\u00e3o<\/p>\n<p>Conte\u00fado Embalagem:<br \/>\n01 Caixa de som Multim\u00eddia 2.0 KP-RO800<\/p>\n","protected":false},"excerpt":{"rendered":"<p>Caracter\u00edsticas: Marca: Knup Modelo: KP-RO800 Pot\u00eancia de sa\u00edda: 6W rms Alimenta\u00e7\u00e3o: 5Vdc (porta usb) snr&gt; 85dB Resposta de frequ\u00eancia: 40Hz 18Khz Imped\u00e2ncia: 4 Comprimento do cabo: 1,40m Modo de entrada: 3,5mm Dimens\u00f5es (c x L x a): 60x70x100mm Recursos: Qualidade Hi-Fi est\u00e9reo Compat\u00edvel com pc e Notebook Controle de volume Ilumina\u00e7\u00e3o led Conex\u00e3o de \u00e1udio [&hellip;]\n","protected":false},"featured_media":29248,"comment_status":"open","ping_status":"closed","template":"","meta":{"_bbp_topic_count":0,"_bbp_reply_count":0,"_bbp_total_topic_count":0,"_bbp_total_reply_count":0,"_bbp_voice_count":0,"_bbp_anonymous_reply_count":0,"_bbp_topic_count_hidden":0,"_bbp_reply_count_hidden":0,"_bbp_forum_subforum_count":0,"_joinchat":[]},"product_brand":[],"product_cat":[107,102],"product_tag":[],"class_list":{"0":"post-29247","1":"product","2":"type-product","3":"status-publish","4":"has-post-thumbnail","6":"product_cat-acessorios","7":"product_cat-caixa-de-som","9":"first","10":"instock","11":"taxable","12":"shipping-taxable","13":"purchasable","14":"product-type-simple"},"_links":{"self":[{"href":"https:\/\/www.saralinatacado.com.br\/loja\/wp-json\/wp\/v2\/product\/29247","targetHints":{"allow":["GET"]}}],"collection":[{"href":"https:\/\/www.saralinatacado.com.br\/loja\/wp-json\/wp\/v2\/product"}],"about":[{"href":"https:\/\/www.saralinatacado.com.br\/loja\/wp-json\/wp\/v2\/types\/product"}],"replies":[{"embeddable":true,"href":"https:\/\/www.saralinatacado.com.br\/loja\/wp-json\/wp\/v2\/comments?post=29247"}],"wp:featuredmedia":[{"embeddable":true,"href":"https:\/\/www.saralinatacado.com.br\/loja\/wp-json\/wp\/v2\/media\/29248"}],"wp:attachment":[{"href":"https:\/\/www.saralinatacado.com.br\/loja\/wp-json\/wp\/v2\/media?parent=29247"}],"wp:term":[{"taxonomy":"product_brand","embeddable":true,"href":"https:\/\/www.saralinatacado.com.br\/loja\/wp-json\/wp\/v2\/product_brand?post=29247"},{"taxonomy":"product_cat","embeddable":true,"href":"https:\/\/www.saralinatacado.com.br\/loja\/wp-json\/wp\/v2\/product_cat?post=29247"},{"taxonomy":"product_tag","embeddable":true,"href":"https:\/\/www.saralinatacado.com.br\/loja\/wp-json\/wp\/v2\/product_tag?post=29247"}],"curies":[{"name":"wp","href":"https:\/\/api.w.org\/{rel}","templated":true}]}}