{"id":29233,"date":"2023-09-29T14:15:40","date_gmt":"2023-09-29T14:15:40","guid":{"rendered":"https:\/\/www.saralinatacado.com.br\/loja\/?post_type=product&#038;p=29233"},"modified":"2023-09-29T14:15:40","modified_gmt":"2023-09-29T14:15:40","slug":"adaptador-hdmi-para-vga-com-saida-p2-audio-compativel-com-pc-notebook-videogames-e-diversos","status":"publish","type":"product","link":"https:\/\/www.saralinatacado.com.br\/loja\/produto\/adaptador-hdmi-para-vga-com-saida-p2-audio-compativel-com-pc-notebook-videogames-e-diversos\/","title":{"rendered":"Adaptador HDMI para VGA com Saida P2 Audio compativel com PC, Notebook, Videogames e Diversos"},"content":{"rendered":"<p>Conecte seu PC, Placa de V\u00eddeo, Conversor de TV, TV Box, Videogame\u00a0com sa\u00edda de v\u00eddeo HDMI em um Monitor com sa\u00edda de v\u00eddeo VGA com o\u00a0Adaptador HDMI para VGA n\u00e3o s\u00f3 transmita o v\u00eddeo, mas tamb\u00e9m o \u00e1udio gra\u00e7as a uma sa\u00edda P2 embutida no adaptador.<\/p>\n<p>Aten\u00e7\u00e3o:<\/p>\n<p>*Verifique a disponibilidade de conex\u00f5es de v\u00eddeo em seus devidos dispositivos.<br \/>\n*Este adaptador funciona APENAS da sa\u00edda HDMI para uma entrada VGA (Monitor).<br \/>\n*Garantia cobre APENAS DEFEITO DE FABRICA\u00c7\u00c3O.<br \/>\n*Garantia n\u00e3o cobre mau uso ou dano el\u00e9trico.<\/p>\n","protected":false},"excerpt":{"rendered":"<p>Conecte seu PC, Placa de V\u00eddeo, Conversor de TV, TV Box, Videogame\u00a0com sa\u00edda de v\u00eddeo HDMI em um Monitor com sa\u00edda de v\u00eddeo VGA com o\u00a0Adaptador HDMI para VGA n\u00e3o s\u00f3 transmita o v\u00eddeo, mas tamb\u00e9m o \u00e1udio gra\u00e7as a uma sa\u00edda P2 embutida no adaptador. Aten\u00e7\u00e3o: *Verifique a disponibilidade de conex\u00f5es de v\u00eddeo em [&hellip;]\n","protected":false},"featured_media":29237,"comment_status":"open","ping_status":"closed","template":"","meta":{"_bbp_topic_count":0,"_bbp_reply_count":0,"_bbp_total_topic_count":0,"_bbp_total_reply_count":0,"_bbp_voice_count":0,"_bbp_anonymous_reply_count":0,"_bbp_topic_count_hidden":0,"_bbp_reply_count_hidden":0,"_bbp_forum_subforum_count":0,"_joinchat":[]},"product_brand":[],"product_cat":[107,100],"product_tag":[],"class_list":{"0":"post-29233","1":"product","2":"type-product","3":"status-publish","4":"has-post-thumbnail","6":"product_cat-acessorios","7":"product_cat-alimentacao","9":"first","10":"instock","11":"taxable","12":"shipping-taxable","13":"purchasable","14":"product-type-simple"},"_links":{"self":[{"href":"https:\/\/www.saralinatacado.com.br\/loja\/wp-json\/wp\/v2\/product\/29233","targetHints":{"allow":["GET"]}}],"collection":[{"href":"https:\/\/www.saralinatacado.com.br\/loja\/wp-json\/wp\/v2\/product"}],"about":[{"href":"https:\/\/www.saralinatacado.com.br\/loja\/wp-json\/wp\/v2\/types\/product"}],"replies":[{"embeddable":true,"href":"https:\/\/www.saralinatacado.com.br\/loja\/wp-json\/wp\/v2\/comments?post=29233"}],"wp:featuredmedia":[{"embeddable":true,"href":"https:\/\/www.saralinatacado.com.br\/loja\/wp-json\/wp\/v2\/media\/29237"}],"wp:attachment":[{"href":"https:\/\/www.saralinatacado.com.br\/loja\/wp-json\/wp\/v2\/media?parent=29233"}],"wp:term":[{"taxonomy":"product_brand","embeddable":true,"href":"https:\/\/www.saralinatacado.com.br\/loja\/wp-json\/wp\/v2\/product_brand?post=29233"},{"taxonomy":"product_cat","embeddable":true,"href":"https:\/\/www.saralinatacado.com.br\/loja\/wp-json\/wp\/v2\/product_cat?post=29233"},{"taxonomy":"product_tag","embeddable":true,"href":"https:\/\/www.saralinatacado.com.br\/loja\/wp-json\/wp\/v2\/product_tag?post=29233"}],"curies":[{"name":"wp","href":"https:\/\/api.w.org\/{rel}","templated":true}]}}