{"id":29229,"date":"2023-09-29T14:07:38","date_gmt":"2023-09-29T14:07:38","guid":{"rendered":"https:\/\/www.saralinatacado.com.br\/loja\/?post_type=product&#038;p=29229"},"modified":"2023-09-29T14:07:38","modified_gmt":"2023-09-29T14:07:38","slug":"cabo-adaptador-conversor-hdmi-para-vga-com-saida-de-audio-branco","status":"publish","type":"product","link":"https:\/\/www.saralinatacado.com.br\/loja\/produto\/cabo-adaptador-conversor-hdmi-para-vga-com-saida-de-audio-branco\/","title":{"rendered":"Cabo Adaptador Conversor HDMI para VGA (com Sa\u00edda de A\u00fadio) Branco"},"content":{"rendered":"<p>Adaptador Conversor De Hdmi Para Vga &#8211; Com Saida Audio<br \/>\nObs. esta pe\u00e7a converte aparelhos HDMI (PC e outros dispositivos HDMI) para VGA (TV ou Monitores VGA).<br \/>\nA pe\u00e7a n\u00e3o \u00e9 bidirecional, portanto n\u00e3o faz a fun\u00e7\u00e3o inversa.<\/p>\n<p>Especifica\u00e7\u00f5es T\u00e9cnicas:<\/p>\n<p>&#8211; Entrada: Hdmi<br \/>\n&#8211; Sa\u00edda: Vga<br \/>\n&#8211; Sa\u00edda de Audio: P2<\/p>\n","protected":false},"excerpt":{"rendered":"<p>Adaptador Conversor De Hdmi Para Vga &#8211; Com Saida Audio Obs. esta pe\u00e7a converte aparelhos HDMI (PC e outros dispositivos HDMI) para VGA (TV ou Monitores VGA). A pe\u00e7a n\u00e3o \u00e9 bidirecional, portanto n\u00e3o faz a fun\u00e7\u00e3o inversa. Especifica\u00e7\u00f5es T\u00e9cnicas: &#8211; Entrada: Hdmi &#8211; Sa\u00edda: Vga &#8211; Sa\u00edda de Audio: P2<\/p>\n","protected":false},"featured_media":29230,"comment_status":"open","ping_status":"closed","template":"","meta":{"_bbp_topic_count":0,"_bbp_reply_count":0,"_bbp_total_topic_count":0,"_bbp_total_reply_count":0,"_bbp_voice_count":0,"_bbp_anonymous_reply_count":0,"_bbp_topic_count_hidden":0,"_bbp_reply_count_hidden":0,"_bbp_forum_subforum_count":0,"_joinchat":[]},"product_brand":[],"product_cat":[107],"product_tag":[],"class_list":{"0":"post-29229","1":"product","2":"type-product","3":"status-publish","4":"has-post-thumbnail","6":"product_cat-acessorios","8":"first","9":"instock","10":"taxable","11":"shipping-taxable","12":"purchasable","13":"product-type-simple"},"_links":{"self":[{"href":"https:\/\/www.saralinatacado.com.br\/loja\/wp-json\/wp\/v2\/product\/29229","targetHints":{"allow":["GET"]}}],"collection":[{"href":"https:\/\/www.saralinatacado.com.br\/loja\/wp-json\/wp\/v2\/product"}],"about":[{"href":"https:\/\/www.saralinatacado.com.br\/loja\/wp-json\/wp\/v2\/types\/product"}],"replies":[{"embeddable":true,"href":"https:\/\/www.saralinatacado.com.br\/loja\/wp-json\/wp\/v2\/comments?post=29229"}],"wp:featuredmedia":[{"embeddable":true,"href":"https:\/\/www.saralinatacado.com.br\/loja\/wp-json\/wp\/v2\/media\/29230"}],"wp:attachment":[{"href":"https:\/\/www.saralinatacado.com.br\/loja\/wp-json\/wp\/v2\/media?parent=29229"}],"wp:term":[{"taxonomy":"product_brand","embeddable":true,"href":"https:\/\/www.saralinatacado.com.br\/loja\/wp-json\/wp\/v2\/product_brand?post=29229"},{"taxonomy":"product_cat","embeddable":true,"href":"https:\/\/www.saralinatacado.com.br\/loja\/wp-json\/wp\/v2\/product_cat?post=29229"},{"taxonomy":"product_tag","embeddable":true,"href":"https:\/\/www.saralinatacado.com.br\/loja\/wp-json\/wp\/v2\/product_tag?post=29229"}],"curies":[{"name":"wp","href":"https:\/\/api.w.org\/{rel}","templated":true}]}}