{"id":29225,"date":"2023-09-29T14:01:26","date_gmt":"2023-09-29T14:01:26","guid":{"rendered":"https:\/\/www.saralinatacado.com.br\/loja\/?post_type=product&#038;p=29225"},"modified":"2023-09-29T14:01:26","modified_gmt":"2023-09-29T14:01:26","slug":"mini-conversor-adaptador-rca-av-para-hdmi","status":"publish","type":"product","link":"https:\/\/www.saralinatacado.com.br\/loja\/produto\/mini-conversor-adaptador-rca-av-para-hdmi\/","title":{"rendered":"Mini Conversor \/ Adaptador Rca Av para Hdmi"},"content":{"rendered":"<p>Caracter\u00edsticas:<br \/>\n\u2022 N\u00e3o necessita de instala\u00e7\u00e3o de drivers, port\u00e1til, flex\u00edvel e plug and play<br \/>\n\u2022 fornecer processamento de sinal avan\u00e7ado com precis\u00e3o grandes, cores, resolu\u00e7\u00f5es e detalhes<br \/>\n\u2022 Suporta PAL, NTSC3.58, NTSC4.43, SECAM, PAL\/M, PAL\/N standard TV formats input.<br \/>\n\u2022 Suporta sa\u00eddas HDMI 1080 p ou 720p<\/p>\n<p>Especifica\u00e7\u00f5es t\u00e9cnicas:<br \/>\n\u2022 Portas de entrada: 1xRCA (amarelo, branco e vermelho)<br \/>\n\u2022 Portas de sa\u00edda: 1xHDMI<br \/>\n\u2022 Dimens\u00f5es (mm): 66(D) x 55(W) x 20(H)<br \/>\n\u2022 Entrada composta: PAL, NTSC3.58, NTSC 4.43, SECAM, PAL\/M, PAL\/N<br \/>\n\u2022 Sa\u00edda HDMI: 1080p60Hz, 720p\/60Hz ,,e \u00c1udio L\/R<\/p>\n<p>Conte\u00fado da Embalagem:<br \/>\n\u2022 Mini Conversor AV CVBS RCA para HDMI<br \/>\n\u2022 Cabo USB<\/p>\n<p>Marca: HD Video Converter<\/p>\n","protected":false},"excerpt":{"rendered":"<p>Caracter\u00edsticas: \u2022 N\u00e3o necessita de instala\u00e7\u00e3o de drivers, port\u00e1til, flex\u00edvel e plug and play \u2022 fornecer processamento de sinal avan\u00e7ado com precis\u00e3o grandes, cores, resolu\u00e7\u00f5es e detalhes \u2022 Suporta PAL, NTSC3.58, NTSC4.43, SECAM, PAL\/M, PAL\/N standard TV formats input. \u2022 Suporta sa\u00eddas HDMI 1080 p ou 720p Especifica\u00e7\u00f5es t\u00e9cnicas: \u2022 Portas de entrada: 1xRCA (amarelo, [&hellip;]\n","protected":false},"featured_media":29226,"comment_status":"open","ping_status":"closed","template":"","meta":{"_bbp_topic_count":0,"_bbp_reply_count":0,"_bbp_total_topic_count":0,"_bbp_total_reply_count":0,"_bbp_voice_count":0,"_bbp_anonymous_reply_count":0,"_bbp_topic_count_hidden":0,"_bbp_reply_count_hidden":0,"_bbp_forum_subforum_count":0,"_joinchat":[]},"product_brand":[],"product_cat":[107],"product_tag":[],"class_list":{"0":"post-29225","1":"product","2":"type-product","3":"status-publish","4":"has-post-thumbnail","6":"product_cat-acessorios","8":"first","9":"instock","10":"taxable","11":"shipping-taxable","12":"purchasable","13":"product-type-simple"},"_links":{"self":[{"href":"https:\/\/www.saralinatacado.com.br\/loja\/wp-json\/wp\/v2\/product\/29225","targetHints":{"allow":["GET"]}}],"collection":[{"href":"https:\/\/www.saralinatacado.com.br\/loja\/wp-json\/wp\/v2\/product"}],"about":[{"href":"https:\/\/www.saralinatacado.com.br\/loja\/wp-json\/wp\/v2\/types\/product"}],"replies":[{"embeddable":true,"href":"https:\/\/www.saralinatacado.com.br\/loja\/wp-json\/wp\/v2\/comments?post=29225"}],"wp:featuredmedia":[{"embeddable":true,"href":"https:\/\/www.saralinatacado.com.br\/loja\/wp-json\/wp\/v2\/media\/29226"}],"wp:attachment":[{"href":"https:\/\/www.saralinatacado.com.br\/loja\/wp-json\/wp\/v2\/media?parent=29225"}],"wp:term":[{"taxonomy":"product_brand","embeddable":true,"href":"https:\/\/www.saralinatacado.com.br\/loja\/wp-json\/wp\/v2\/product_brand?post=29225"},{"taxonomy":"product_cat","embeddable":true,"href":"https:\/\/www.saralinatacado.com.br\/loja\/wp-json\/wp\/v2\/product_cat?post=29225"},{"taxonomy":"product_tag","embeddable":true,"href":"https:\/\/www.saralinatacado.com.br\/loja\/wp-json\/wp\/v2\/product_tag?post=29225"}],"curies":[{"name":"wp","href":"https:\/\/api.w.org\/{rel}","templated":true}]}}