{"id":29221,"date":"2023-09-29T13:55:47","date_gmt":"2023-09-29T13:55:47","guid":{"rendered":"https:\/\/www.saralinatacado.com.br\/loja\/?post_type=product&#038;p=29221"},"modified":"2023-09-29T13:56:52","modified_gmt":"2023-09-29T13:56:52","slug":"adaptador-conversor-de-hdmi-para-video-3rca-2av","status":"publish","type":"product","link":"https:\/\/www.saralinatacado.com.br\/loja\/produto\/adaptador-conversor-de-hdmi-para-video-3rca-2av\/","title":{"rendered":"Adaptador conversor de HDMI para v\u00eddeo 3RCA 2av"},"content":{"rendered":"<div class=\"sc-80fa11ba-1 dShEis\">Portas de entrada: HDMI tipo f\u00eamea Portas de sa\u00edda: AV RCA (Amarelo, Branco, Vermelho).<\/div>\n<div class=\"sc-80fa11ba-1 dShEis\">Dimens\u00f5es: 66x55x20mm Peso do pacote: 40g<\/div>\n<div class=\"sc-80fa11ba-1 dShEis\">Cor: Preto, branco (Enviado aleat\u00f3rio) Exemplo de aplica\u00e7\u00e3o: c\u00e2mera HD, HD DVD, Displayer, fone de ouvido, proje\u00e7\u00e3o.<\/div>\n<div class=\"sc-80fa11ba-1 dShEis\">Resolu\u00e7\u00e3o Apoio: 640x480at60Hz, 800x600at60Hz, 1024x768at60Hz, 1280x720at60Hz, 1280x1024at60Hz, 1360x768at60Hz, 1600x1200at60Hz, 1920x1080at60Hz. 180i\/60Hz, 480 p\/60Hz, 576i\/60Hz, 576 p\/60Hz, 720p50\/60Hz, 1080I50\/60Hz, 1080 p\/60Hz. Sa\u00edda CVBS: PAL, NTSC_M, e NTSC_J. Suporta resolu\u00e7\u00e3o de at\u00e9 1080P de entrada; Saida de video anal\u00f3gico com resolu\u00e7\u00e3o de 480i ntsc ou 576i pal; A solu\u00e7\u00e3o perfeita para conectar seus aparelhos com saida hdmi em sua TV que n\u00e3o possui esta interface;<\/div>\n<div class=\"sc-80fa11ba-1 dShEis\">-Alguns aparelhos que voc\u00ea pode conectar:<\/div>\n<div class=\"sc-80fa11ba-1 dShEis\">-dvd Players; -Blu-ray Players; -Video Games;<\/div>\n<div class=\"sc-80fa11ba-1 dShEis\">-Projetores;<\/div>\n<div class=\"sc-80fa11ba-1 dShEis\">-Notebooks; -Computadores;<\/div>\n<div class=\"sc-80fa11ba-1 dShEis\">-Entre outros.<\/div>\n<div><\/div>\n<div class=\"sc-80fa11ba-1 dShEis\">\u00a0ITENS INCLUSOS<\/div>\n<div><\/div>\n<div class=\"sc-80fa11ba-1 dShEis\">1- Mini HDMI2AV<\/div>\n<div class=\"sc-80fa11ba-1 dShEis\">\n<p>1- Cabo USBpeso:<\/p>\n<\/div>\n<div class=\"sc-80fa11ba-2 cImxhy\" data-testid=\"InfoPeso\">\n<div class=\"sc-80fa11ba-3 kueQdl\">60 gramas (bruto com embalagem)<\/div>\n<\/div>\n","protected":false},"excerpt":{"rendered":"<p>Portas de entrada: HDMI tipo f\u00eamea Portas de sa\u00edda: AV RCA (Amarelo, Branco, Vermelho). Dimens\u00f5es: 66x55x20mm Peso do pacote: 40g Cor: Preto, branco (Enviado aleat\u00f3rio) Exemplo de aplica\u00e7\u00e3o: c\u00e2mera HD, HD DVD, Displayer, fone de ouvido, proje\u00e7\u00e3o. Resolu\u00e7\u00e3o Apoio: 640x480at60Hz, 800x600at60Hz, 1024x768at60Hz, 1280x720at60Hz, 1280x1024at60Hz, 1360x768at60Hz, 1600x1200at60Hz, 1920x1080at60Hz. 180i\/60Hz, 480 p\/60Hz, 576i\/60Hz, 576 p\/60Hz, 720p50\/60Hz, 1080I50\/60Hz, [&hellip;]\n","protected":false},"featured_media":29224,"comment_status":"open","ping_status":"closed","template":"","meta":{"_bbp_topic_count":0,"_bbp_reply_count":0,"_bbp_total_topic_count":0,"_bbp_total_reply_count":0,"_bbp_voice_count":0,"_bbp_anonymous_reply_count":0,"_bbp_topic_count_hidden":0,"_bbp_reply_count_hidden":0,"_bbp_forum_subforum_count":0,"_joinchat":[]},"product_brand":[],"product_cat":[107],"product_tag":[],"class_list":{"0":"post-29221","1":"product","2":"type-product","3":"status-publish","4":"has-post-thumbnail","6":"product_cat-acessorios","8":"first","9":"instock","10":"taxable","11":"shipping-taxable","12":"purchasable","13":"product-type-simple"},"_links":{"self":[{"href":"https:\/\/www.saralinatacado.com.br\/loja\/wp-json\/wp\/v2\/product\/29221","targetHints":{"allow":["GET"]}}],"collection":[{"href":"https:\/\/www.saralinatacado.com.br\/loja\/wp-json\/wp\/v2\/product"}],"about":[{"href":"https:\/\/www.saralinatacado.com.br\/loja\/wp-json\/wp\/v2\/types\/product"}],"replies":[{"embeddable":true,"href":"https:\/\/www.saralinatacado.com.br\/loja\/wp-json\/wp\/v2\/comments?post=29221"}],"wp:featuredmedia":[{"embeddable":true,"href":"https:\/\/www.saralinatacado.com.br\/loja\/wp-json\/wp\/v2\/media\/29224"}],"wp:attachment":[{"href":"https:\/\/www.saralinatacado.com.br\/loja\/wp-json\/wp\/v2\/media?parent=29221"}],"wp:term":[{"taxonomy":"product_brand","embeddable":true,"href":"https:\/\/www.saralinatacado.com.br\/loja\/wp-json\/wp\/v2\/product_brand?post=29221"},{"taxonomy":"product_cat","embeddable":true,"href":"https:\/\/www.saralinatacado.com.br\/loja\/wp-json\/wp\/v2\/product_cat?post=29221"},{"taxonomy":"product_tag","embeddable":true,"href":"https:\/\/www.saralinatacado.com.br\/loja\/wp-json\/wp\/v2\/product_tag?post=29221"}],"curies":[{"name":"wp","href":"https:\/\/api.w.org\/{rel}","templated":true}]}}