{"id":29215,"date":"2023-09-29T13:46:06","date_gmt":"2023-09-29T13:46:06","guid":{"rendered":"https:\/\/www.saralinatacado.com.br\/loja\/?post_type=product&#038;p=29215"},"modified":"2023-09-29T13:47:40","modified_gmt":"2023-09-29T13:47:40","slug":"lanterna-bastao-de-mao-tatica-marca-verde","status":"publish","type":"product","link":"https:\/\/www.saralinatacado.com.br\/loja\/produto\/lanterna-bastao-de-mao-tatica-marca-verde\/","title":{"rendered":"Lanterna bast\u00e3o De M\u00e3o T\u00e1tica Marca VERDE"},"content":{"rendered":"<p><b>Caracter\u00edsticas:<\/b><\/p>\n<p>-Pr\u00e1tica.<\/p>\n<p>-Design especial.<\/p>\n<p>-Resistente a \u00e1gua (n\u00e3o pode ser submersa).<\/p>\n<p>-F\u00e1cil transporte.<\/p>\n<p>-3 Modos de acionamento 50%, 100% e sos.<\/p>\n<p>-Strobo \u2013 Foco Possui Zoom Deslizante.<\/p>\n<p>-180000w de pot\u00eancia.<\/p>\n<p>-1500 Lumens de pot\u00eancia real.<\/p>\n<p>-Vida \u00fatil da l\u00e2mpada de at\u00e9 100.000 horas de uso.<\/p>\n<p>-Funciona com 2 Baterias recarreg\u00e1veis 26650 (inclusas modelo lacrado).<\/p>\n<p><b>Dimens\u00f5es:<\/b><\/p>\n<p>-Comprimento: 25 cm.<\/p>\n<p>-Largura da cabe\u00e7a: 5 cm.<\/p>\n<p>-Largura do corpo: 3 cm.<\/p>\n<p><b>Itens inclusos:<\/b><\/p>\n<p>-01 Lanterna.<\/p>\n<p>-02 Baterias 26650 de l\u00edtio.<\/p>\n<p>-02 Adaptador de pilha.<\/p>\n<p>-01 Cabo usb.<\/p>\n","protected":false},"excerpt":{"rendered":"<p>Caracter\u00edsticas: -Pr\u00e1tica. -Design especial. -Resistente a \u00e1gua (n\u00e3o pode ser submersa). -F\u00e1cil transporte. -3 Modos de acionamento 50%, 100% e sos. -Strobo \u2013 Foco Possui Zoom Deslizante. -180000w de pot\u00eancia. -1500 Lumens de pot\u00eancia real. -Vida \u00fatil da l\u00e2mpada de at\u00e9 100.000 horas de uso. -Funciona com 2 Baterias recarreg\u00e1veis 26650 (inclusas modelo lacrado). Dimens\u00f5es: [&hellip;]\n","protected":false},"featured_media":29219,"comment_status":"open","ping_status":"closed","template":"","meta":{"_bbp_topic_count":0,"_bbp_reply_count":0,"_bbp_total_topic_count":0,"_bbp_total_reply_count":0,"_bbp_voice_count":0,"_bbp_anonymous_reply_count":0,"_bbp_topic_count_hidden":0,"_bbp_reply_count_hidden":0,"_bbp_forum_subforum_count":0,"_joinchat":[]},"product_brand":[],"product_cat":[178],"product_tag":[],"class_list":{"0":"post-29215","1":"product","2":"type-product","3":"status-publish","4":"has-post-thumbnail","6":"product_cat-luminaria","8":"first","9":"instock","10":"taxable","11":"shipping-taxable","12":"purchasable","13":"product-type-simple"},"_links":{"self":[{"href":"https:\/\/www.saralinatacado.com.br\/loja\/wp-json\/wp\/v2\/product\/29215","targetHints":{"allow":["GET"]}}],"collection":[{"href":"https:\/\/www.saralinatacado.com.br\/loja\/wp-json\/wp\/v2\/product"}],"about":[{"href":"https:\/\/www.saralinatacado.com.br\/loja\/wp-json\/wp\/v2\/types\/product"}],"replies":[{"embeddable":true,"href":"https:\/\/www.saralinatacado.com.br\/loja\/wp-json\/wp\/v2\/comments?post=29215"}],"wp:featuredmedia":[{"embeddable":true,"href":"https:\/\/www.saralinatacado.com.br\/loja\/wp-json\/wp\/v2\/media\/29219"}],"wp:attachment":[{"href":"https:\/\/www.saralinatacado.com.br\/loja\/wp-json\/wp\/v2\/media?parent=29215"}],"wp:term":[{"taxonomy":"product_brand","embeddable":true,"href":"https:\/\/www.saralinatacado.com.br\/loja\/wp-json\/wp\/v2\/product_brand?post=29215"},{"taxonomy":"product_cat","embeddable":true,"href":"https:\/\/www.saralinatacado.com.br\/loja\/wp-json\/wp\/v2\/product_cat?post=29215"},{"taxonomy":"product_tag","embeddable":true,"href":"https:\/\/www.saralinatacado.com.br\/loja\/wp-json\/wp\/v2\/product_tag?post=29215"}],"curies":[{"name":"wp","href":"https:\/\/api.w.org\/{rel}","templated":true}]}}