{"id":29208,"date":"2023-09-29T13:35:19","date_gmt":"2023-09-29T13:35:19","guid":{"rendered":"https:\/\/www.saralinatacado.com.br\/loja\/?post_type=product&#038;p=29208"},"modified":"2023-09-29T13:35:20","modified_gmt":"2023-09-29T13:35:20","slug":"controle-smart-tv-box-pro-4k-universal-compativel-mxqpro-ou-mxq9","status":"publish","type":"product","link":"https:\/\/www.saralinatacado.com.br\/loja\/produto\/controle-smart-tv-box-pro-4k-universal-compativel-mxqpro-ou-mxq9\/","title":{"rendered":"Controle Smart Tv Box Pro 4k Universal Compat\u00edvel mxqpro ou mxq9"},"content":{"rendered":"<h2 class=\"ui-pdp-description__title\">Descri\u00e7\u00e3o<\/h2>\n<p class=\"ui-pdp-description__content\">CONTROLE REMOTO IR PARA TV BOX<br \/>\nEste controle \u00e9 Compat\u00edvel com v\u00e1rios modelos<br \/>\nde TV Box com: Mx9 \/ TX2 MINI, Tx3 \/ Tx9 \/ T95,<br \/>\nR69 \/ M96x \/ V88 \/ H96 Pro \/ T95z Plus \/<br \/>\nBox QQ Plus \/ X96 Mini \/ Tx3 MINI e com<br \/>\nfun\u00e7\u00e3o aprendizagem que \u00e9 um pareamento<br \/>\ncom outros controles para as fun\u00e7\u00f5es b\u00e1sicas.<br \/>\nAlcance m\u00e1xima de funcionamento &gt; 15 metros<br \/>\natrav\u00e9s de seu raio IR ( infra vermelho ) direcionado.<br \/>\nAlimenta\u00e7\u00e3o: 2 pilhas AAA ( palito) n\u00e3o inclusa.<br \/>\nDimens\u00f5es: 14 X 4,5 X 1,7 cent\u00edmetros.<br \/>\nCor: Preto.<\/p>\n","protected":false},"excerpt":{"rendered":"<p>Descri\u00e7\u00e3o CONTROLE REMOTO IR PARA TV BOX Este controle \u00e9 Compat\u00edvel com v\u00e1rios modelos de TV Box com: Mx9 \/ TX2 MINI, Tx3 \/ Tx9 \/ T95, R69 \/ M96x \/ V88 \/ H96 Pro \/ T95z Plus \/ Box QQ Plus \/ X96 Mini \/ Tx3 MINI e com fun\u00e7\u00e3o aprendizagem que \u00e9 um [&hellip;]\n","protected":false},"featured_media":29209,"comment_status":"open","ping_status":"closed","template":"","meta":{"_bbp_topic_count":0,"_bbp_reply_count":0,"_bbp_total_topic_count":0,"_bbp_total_reply_count":0,"_bbp_voice_count":0,"_bbp_anonymous_reply_count":0,"_bbp_topic_count_hidden":0,"_bbp_reply_count_hidden":0,"_bbp_forum_subforum_count":0,"_joinchat":[]},"product_brand":[],"product_cat":[175],"product_tag":[],"class_list":{"0":"post-29208","1":"product","2":"type-product","3":"status-publish","4":"has-post-thumbnail","6":"product_cat-receptor","8":"first","9":"instock","10":"taxable","11":"shipping-taxable","12":"purchasable","13":"product-type-simple"},"_links":{"self":[{"href":"https:\/\/www.saralinatacado.com.br\/loja\/wp-json\/wp\/v2\/product\/29208","targetHints":{"allow":["GET"]}}],"collection":[{"href":"https:\/\/www.saralinatacado.com.br\/loja\/wp-json\/wp\/v2\/product"}],"about":[{"href":"https:\/\/www.saralinatacado.com.br\/loja\/wp-json\/wp\/v2\/types\/product"}],"replies":[{"embeddable":true,"href":"https:\/\/www.saralinatacado.com.br\/loja\/wp-json\/wp\/v2\/comments?post=29208"}],"wp:featuredmedia":[{"embeddable":true,"href":"https:\/\/www.saralinatacado.com.br\/loja\/wp-json\/wp\/v2\/media\/29209"}],"wp:attachment":[{"href":"https:\/\/www.saralinatacado.com.br\/loja\/wp-json\/wp\/v2\/media?parent=29208"}],"wp:term":[{"taxonomy":"product_brand","embeddable":true,"href":"https:\/\/www.saralinatacado.com.br\/loja\/wp-json\/wp\/v2\/product_brand?post=29208"},{"taxonomy":"product_cat","embeddable":true,"href":"https:\/\/www.saralinatacado.com.br\/loja\/wp-json\/wp\/v2\/product_cat?post=29208"},{"taxonomy":"product_tag","embeddable":true,"href":"https:\/\/www.saralinatacado.com.br\/loja\/wp-json\/wp\/v2\/product_tag?post=29208"}],"curies":[{"name":"wp","href":"https:\/\/api.w.org\/{rel}","templated":true}]}}