{"id":29181,"date":"2023-09-27T14:26:09","date_gmt":"2023-09-27T14:26:09","guid":{"rendered":"https:\/\/www.saralinatacado.com.br\/loja\/?post_type=product&#038;p=29181"},"modified":"2023-09-27T14:26:09","modified_gmt":"2023-09-27T14:26:09","slug":"extensao-eletrica-10-metros-tripolar-3-pinos","status":"publish","type":"product","link":"https:\/\/www.saralinatacado.com.br\/loja\/produto\/extensao-eletrica-10-metros-tripolar-3-pinos\/","title":{"rendered":"Extens\u00e3o El\u00e9trica 10 Metros Tripolar 3 Pinos"},"content":{"rendered":"<p>Extens\u00e3o El\u00e9trica foram desenvolvidos no padr\u00e3o de seguran\u00e7a e qualidade inmetro s\u00e3o um dos melhores Extens\u00e3o que j\u00e1 tem no mercado de Extens\u00e3o El\u00e9trica do nosso produto totalmente seguros seguindo a normas do inmetro trazendo de beneficios para clientes mais seguran\u00e7a.<br \/>\nPara Usa em seus Eletrodom\u00e9stico celulares, Bombas de aqu\u00e1rio, tv, dvr, microcomputadores etc&#8230;<br \/>\ntrazendo mais seguran\u00e7a na sua casa e sua fam\u00edlia.<\/p>\n<p>INFORMA\u00c7\u00d5ES T\u00c9CNICAS<br \/>\nEXTENS\u00c3O 10 METROS<br \/>\nBivolt Pode Quanto Na Tomada 110w ou 220w.<br \/>\nPL 2&#215;0,75mm<br \/>\nPot\u00eancia M\u00e1xima em 127v &#8211; 1270 watts<br \/>\nPot\u00eancia M\u00e1xima em 220v &#8211; 2200 watts<\/p>\n","protected":false},"excerpt":{"rendered":"<p>Extens\u00e3o El\u00e9trica foram desenvolvidos no padr\u00e3o de seguran\u00e7a e qualidade inmetro s\u00e3o um dos melhores Extens\u00e3o que j\u00e1 tem no mercado de Extens\u00e3o El\u00e9trica do nosso produto totalmente seguros seguindo a normas do inmetro trazendo de beneficios para clientes mais seguran\u00e7a. Para Usa em seus Eletrodom\u00e9stico celulares, Bombas de aqu\u00e1rio, tv, dvr, microcomputadores etc&#8230; trazendo [&hellip;]\n","protected":false},"featured_media":29182,"comment_status":"open","ping_status":"closed","template":"","meta":{"_bbp_topic_count":0,"_bbp_reply_count":0,"_bbp_total_topic_count":0,"_bbp_total_reply_count":0,"_bbp_voice_count":0,"_bbp_anonymous_reply_count":0,"_bbp_topic_count_hidden":0,"_bbp_reply_count_hidden":0,"_bbp_forum_subforum_count":0,"_joinchat":[]},"product_brand":[],"product_cat":[100],"product_tag":[],"class_list":{"0":"post-29181","1":"product","2":"type-product","3":"status-publish","4":"has-post-thumbnail","6":"product_cat-alimentacao","8":"first","9":"instock","10":"taxable","11":"shipping-taxable","12":"purchasable","13":"product-type-simple"},"_links":{"self":[{"href":"https:\/\/www.saralinatacado.com.br\/loja\/wp-json\/wp\/v2\/product\/29181","targetHints":{"allow":["GET"]}}],"collection":[{"href":"https:\/\/www.saralinatacado.com.br\/loja\/wp-json\/wp\/v2\/product"}],"about":[{"href":"https:\/\/www.saralinatacado.com.br\/loja\/wp-json\/wp\/v2\/types\/product"}],"replies":[{"embeddable":true,"href":"https:\/\/www.saralinatacado.com.br\/loja\/wp-json\/wp\/v2\/comments?post=29181"}],"wp:featuredmedia":[{"embeddable":true,"href":"https:\/\/www.saralinatacado.com.br\/loja\/wp-json\/wp\/v2\/media\/29182"}],"wp:attachment":[{"href":"https:\/\/www.saralinatacado.com.br\/loja\/wp-json\/wp\/v2\/media?parent=29181"}],"wp:term":[{"taxonomy":"product_brand","embeddable":true,"href":"https:\/\/www.saralinatacado.com.br\/loja\/wp-json\/wp\/v2\/product_brand?post=29181"},{"taxonomy":"product_cat","embeddable":true,"href":"https:\/\/www.saralinatacado.com.br\/loja\/wp-json\/wp\/v2\/product_cat?post=29181"},{"taxonomy":"product_tag","embeddable":true,"href":"https:\/\/www.saralinatacado.com.br\/loja\/wp-json\/wp\/v2\/product_tag?post=29181"}],"curies":[{"name":"wp","href":"https:\/\/api.w.org\/{rel}","templated":true}]}}