{"id":29174,"date":"2023-09-27T14:03:40","date_gmt":"2023-09-27T14:03:40","guid":{"rendered":"https:\/\/www.saralinatacado.com.br\/loja\/?post_type=product&#038;p=29174"},"modified":"2023-09-27T14:03:40","modified_gmt":"2023-09-27T14:03:40","slug":"cabo-de-rede-cat6-20-metros-azul-patch-cord-rj45-gigabit-20m","status":"publish","type":"product","link":"https:\/\/www.saralinatacado.com.br\/loja\/produto\/cabo-de-rede-cat6-20-metros-azul-patch-cord-rj45-gigabit-20m\/","title":{"rendered":"Cabo De Rede Cat6 20 Metros Azul Patch Cord Rj45 Gigabit 20m"},"content":{"rendered":"<p>Detalhes:<br \/>\n* Caracter\u00edsticas T\u00e9cnicas<br \/>\nCabo ethernet CAT6, conector tipo RJ45<br \/>\nT\u00e9cnologia de transfer\u00eancia de dados e confiabilidade em suas conex\u00f5es.<\/p>\n<p>* Utiliza\u00e7\u00e3o<br \/>\nConex\u00f5es em rede<br \/>\nComputador<br \/>\nVideo Game<br \/>\nTv Smart<br \/>\nE Outros<\/p>\n<p>* Informa\u00e7\u00f5es T\u00e9cnicas<br \/>\nCategoria de aplica\u00e7\u00e3o &#8211; Transfer\u00eancia de dados<br \/>\nComprimento Nominal: 20 Metros<br \/>\nMaterial de revestimento externo &#8211; PVC<br \/>\nCamada de prote\u00e7\u00e3o &#8211; Capa de PVC<br \/>\nTipo de conectores \/ interface RJ45<br \/>\n&#8211; Ponta A RJ45<br \/>\n&#8211; Ponta B RJ45<\/p>\n<p>Acabamento dos conectores &#8211; Conectores com travas<br \/>\nTaxa de transfer\u00eancia de dados &#8211; Gigabit<br \/>\nTemperatura de opera\u00e7\u00e3o<br \/>\nTemperatura de armazenamento<br \/>\nFiltro toroidal &#8211; N\u00e3o<\/p>\n","protected":false},"excerpt":{"rendered":"<p>Detalhes: * Caracter\u00edsticas T\u00e9cnicas Cabo ethernet CAT6, conector tipo RJ45 T\u00e9cnologia de transfer\u00eancia de dados e confiabilidade em suas conex\u00f5es. * Utiliza\u00e7\u00e3o Conex\u00f5es em rede Computador Video Game Tv Smart E Outros * Informa\u00e7\u00f5es T\u00e9cnicas Categoria de aplica\u00e7\u00e3o &#8211; Transfer\u00eancia de dados Comprimento Nominal: 20 Metros Material de revestimento externo &#8211; PVC Camada de prote\u00e7\u00e3o [&hellip;]\n","protected":false},"featured_media":29175,"comment_status":"open","ping_status":"closed","template":"","meta":{"_bbp_topic_count":0,"_bbp_reply_count":0,"_bbp_total_topic_count":0,"_bbp_total_reply_count":0,"_bbp_voice_count":0,"_bbp_anonymous_reply_count":0,"_bbp_topic_count_hidden":0,"_bbp_reply_count_hidden":0,"_bbp_forum_subforum_count":0,"_joinchat":[]},"product_brand":[],"product_cat":[106],"product_tag":[],"class_list":{"0":"post-29174","1":"product","2":"type-product","3":"status-publish","4":"has-post-thumbnail","6":"product_cat-cabos","8":"first","9":"instock","10":"taxable","11":"shipping-taxable","12":"purchasable","13":"product-type-simple"},"_links":{"self":[{"href":"https:\/\/www.saralinatacado.com.br\/loja\/wp-json\/wp\/v2\/product\/29174","targetHints":{"allow":["GET"]}}],"collection":[{"href":"https:\/\/www.saralinatacado.com.br\/loja\/wp-json\/wp\/v2\/product"}],"about":[{"href":"https:\/\/www.saralinatacado.com.br\/loja\/wp-json\/wp\/v2\/types\/product"}],"replies":[{"embeddable":true,"href":"https:\/\/www.saralinatacado.com.br\/loja\/wp-json\/wp\/v2\/comments?post=29174"}],"wp:featuredmedia":[{"embeddable":true,"href":"https:\/\/www.saralinatacado.com.br\/loja\/wp-json\/wp\/v2\/media\/29175"}],"wp:attachment":[{"href":"https:\/\/www.saralinatacado.com.br\/loja\/wp-json\/wp\/v2\/media?parent=29174"}],"wp:term":[{"taxonomy":"product_brand","embeddable":true,"href":"https:\/\/www.saralinatacado.com.br\/loja\/wp-json\/wp\/v2\/product_brand?post=29174"},{"taxonomy":"product_cat","embeddable":true,"href":"https:\/\/www.saralinatacado.com.br\/loja\/wp-json\/wp\/v2\/product_cat?post=29174"},{"taxonomy":"product_tag","embeddable":true,"href":"https:\/\/www.saralinatacado.com.br\/loja\/wp-json\/wp\/v2\/product_tag?post=29174"}],"curies":[{"name":"wp","href":"https:\/\/api.w.org\/{rel}","templated":true}]}}