{"id":29165,"date":"2023-09-27T13:57:29","date_gmt":"2023-09-27T13:57:29","guid":{"rendered":"https:\/\/www.saralinatacado.com.br\/loja\/?post_type=product&#038;p=29165"},"modified":"2023-09-27T13:57:29","modified_gmt":"2023-09-27T13:57:29","slug":"cabo-fio-internet-rede-10-metros-c-conector-nas-pontas-rj45-cat6","status":"publish","type":"product","link":"https:\/\/www.saralinatacado.com.br\/loja\/produto\/cabo-fio-internet-rede-10-metros-c-conector-nas-pontas-rj45-cat6\/","title":{"rendered":"Cabo Fio Internet Rede 10 Metros C\/conector Nas Pontas Rj45 cat6"},"content":{"rendered":"<p>Cabo de Rede 10 metros Padr\u00e3o UTP com conectores RJ-45 Par tran\u00e7ado.<\/p>\n<p>\u2022 Especifica\u00e7\u00e3o T\u00e9cnica<br \/>\n&#8211; Cabo UTP Par tran\u00e7ado<br \/>\n&#8211; Tamanho: 10 metros<br \/>\n&#8211; Crimpado nas duas extremidades com conectores RJ-45<br \/>\n&#8211; Crimpado no padr\u00e3o T-568A<br \/>\n&#8211; Cabos de alta qualidade e extrema velocidade<br \/>\n&#8211; Uma excelente op\u00e7\u00e3o para voc\u00ea que precisa de cabos de rede com medidas variadas<br \/>\n&#8211; Novo e Testado<\/p>\n<p>ITENS DA EMBALAGEM<br \/>\n1 Unidade Cabo de Rede Rj45 UTP 5e 10 Metros<\/p>\n","protected":false},"excerpt":{"rendered":"<p>Cabo de Rede 10 metros Padr\u00e3o UTP com conectores RJ-45 Par tran\u00e7ado. \u2022 Especifica\u00e7\u00e3o T\u00e9cnica &#8211; Cabo UTP Par tran\u00e7ado &#8211; Tamanho: 10 metros &#8211; Crimpado nas duas extremidades com conectores RJ-45 &#8211; Crimpado no padr\u00e3o T-568A &#8211; Cabos de alta qualidade e extrema velocidade &#8211; Uma excelente op\u00e7\u00e3o para voc\u00ea que precisa de cabos [&hellip;]\n","protected":false},"featured_media":29167,"comment_status":"open","ping_status":"closed","template":"","meta":{"_bbp_topic_count":0,"_bbp_reply_count":0,"_bbp_total_topic_count":0,"_bbp_total_reply_count":0,"_bbp_voice_count":0,"_bbp_anonymous_reply_count":0,"_bbp_topic_count_hidden":0,"_bbp_reply_count_hidden":0,"_bbp_forum_subforum_count":0,"_joinchat":[]},"product_brand":[],"product_cat":[106],"product_tag":[],"class_list":{"0":"post-29165","1":"product","2":"type-product","3":"status-publish","4":"has-post-thumbnail","6":"product_cat-cabos","8":"first","9":"instock","10":"taxable","11":"shipping-taxable","12":"purchasable","13":"product-type-simple"},"_links":{"self":[{"href":"https:\/\/www.saralinatacado.com.br\/loja\/wp-json\/wp\/v2\/product\/29165","targetHints":{"allow":["GET"]}}],"collection":[{"href":"https:\/\/www.saralinatacado.com.br\/loja\/wp-json\/wp\/v2\/product"}],"about":[{"href":"https:\/\/www.saralinatacado.com.br\/loja\/wp-json\/wp\/v2\/types\/product"}],"replies":[{"embeddable":true,"href":"https:\/\/www.saralinatacado.com.br\/loja\/wp-json\/wp\/v2\/comments?post=29165"}],"wp:featuredmedia":[{"embeddable":true,"href":"https:\/\/www.saralinatacado.com.br\/loja\/wp-json\/wp\/v2\/media\/29167"}],"wp:attachment":[{"href":"https:\/\/www.saralinatacado.com.br\/loja\/wp-json\/wp\/v2\/media?parent=29165"}],"wp:term":[{"taxonomy":"product_brand","embeddable":true,"href":"https:\/\/www.saralinatacado.com.br\/loja\/wp-json\/wp\/v2\/product_brand?post=29165"},{"taxonomy":"product_cat","embeddable":true,"href":"https:\/\/www.saralinatacado.com.br\/loja\/wp-json\/wp\/v2\/product_cat?post=29165"},{"taxonomy":"product_tag","embeddable":true,"href":"https:\/\/www.saralinatacado.com.br\/loja\/wp-json\/wp\/v2\/product_tag?post=29165"}],"curies":[{"name":"wp","href":"https:\/\/api.w.org\/{rel}","templated":true}]}}