{"id":29146,"date":"2023-09-26T19:37:30","date_gmt":"2023-09-26T19:37:30","guid":{"rendered":"https:\/\/www.saralinatacado.com.br\/loja\/?post_type=product&#038;p=29146"},"modified":"2023-09-26T19:37:30","modified_gmt":"2023-09-26T19:37:30","slug":"cabo-tipo-c-turbo-2-metros-h-rebos-carregamento-rapido","status":"publish","type":"product","link":"https:\/\/www.saralinatacado.com.br\/loja\/produto\/cabo-tipo-c-turbo-2-metros-h-rebos-carregamento-rapido\/","title":{"rendered":"Cabo Tipo C Turbo 2 Metros H-rebos  Carregamento R\u00e1pido"},"content":{"rendered":"<p>ESPECIFICA\u00c7\u00d5ES T\u00c9CNICAS:<br \/>\n&#8211; Marca: H-Rebos<br \/>\n&#8211; Cabo USB Tipo-C<br \/>\n&#8211; Comprimento: 2 metros<br \/>\n&#8211; Proporciona carregamento turbo<br \/>\n&#8211; Transmiss\u00e3o de dados<br \/>\n&#8211; Carregamento e sincroniza\u00e7\u00e3o com alta velocidade<br \/>\n&#8211; Compatibilidade: Todos aparelhos com entrada TIPO-C<br \/>\n&#8211; Forte e dur\u00e1vel<\/p>\n<p>ITEN INCLUSO:<br \/>\n&#8211; 1cabo USB Tipo C H-Rebos turbo<\/p>\n","protected":false},"excerpt":{"rendered":"<p>ESPECIFICA\u00c7\u00d5ES T\u00c9CNICAS: &#8211; Marca: H-Rebos &#8211; Cabo USB Tipo-C &#8211; Comprimento: 2 metros &#8211; Proporciona carregamento turbo &#8211; Transmiss\u00e3o de dados &#8211; Carregamento e sincroniza\u00e7\u00e3o com alta velocidade &#8211; Compatibilidade: Todos aparelhos com entrada TIPO-C &#8211; Forte e dur\u00e1vel ITEN INCLUSO: &#8211; 1cabo USB Tipo C H-Rebos turbo<\/p>\n","protected":false},"featured_media":29149,"comment_status":"open","ping_status":"closed","template":"","meta":{"_bbp_topic_count":0,"_bbp_reply_count":0,"_bbp_total_topic_count":0,"_bbp_total_reply_count":0,"_bbp_voice_count":0,"_bbp_anonymous_reply_count":0,"_bbp_topic_count_hidden":0,"_bbp_reply_count_hidden":0,"_bbp_forum_subforum_count":0,"_joinchat":[]},"product_brand":[],"product_cat":[106],"product_tag":[],"class_list":{"0":"post-29146","1":"product","2":"type-product","3":"status-publish","4":"has-post-thumbnail","6":"product_cat-cabos","8":"first","9":"instock","10":"taxable","11":"shipping-taxable","12":"purchasable","13":"product-type-simple"},"_links":{"self":[{"href":"https:\/\/www.saralinatacado.com.br\/loja\/wp-json\/wp\/v2\/product\/29146","targetHints":{"allow":["GET"]}}],"collection":[{"href":"https:\/\/www.saralinatacado.com.br\/loja\/wp-json\/wp\/v2\/product"}],"about":[{"href":"https:\/\/www.saralinatacado.com.br\/loja\/wp-json\/wp\/v2\/types\/product"}],"replies":[{"embeddable":true,"href":"https:\/\/www.saralinatacado.com.br\/loja\/wp-json\/wp\/v2\/comments?post=29146"}],"wp:featuredmedia":[{"embeddable":true,"href":"https:\/\/www.saralinatacado.com.br\/loja\/wp-json\/wp\/v2\/media\/29149"}],"wp:attachment":[{"href":"https:\/\/www.saralinatacado.com.br\/loja\/wp-json\/wp\/v2\/media?parent=29146"}],"wp:term":[{"taxonomy":"product_brand","embeddable":true,"href":"https:\/\/www.saralinatacado.com.br\/loja\/wp-json\/wp\/v2\/product_brand?post=29146"},{"taxonomy":"product_cat","embeddable":true,"href":"https:\/\/www.saralinatacado.com.br\/loja\/wp-json\/wp\/v2\/product_cat?post=29146"},{"taxonomy":"product_tag","embeddable":true,"href":"https:\/\/www.saralinatacado.com.br\/loja\/wp-json\/wp\/v2\/product_tag?post=29146"}],"curies":[{"name":"wp","href":"https:\/\/api.w.org\/{rel}","templated":true}]}}