{"id":29141,"date":"2023-09-26T19:32:11","date_gmt":"2023-09-26T19:32:11","guid":{"rendered":"https:\/\/www.saralinatacado.com.br\/loja\/?post_type=product&#038;p=29141"},"modified":"2023-09-26T19:32:11","modified_gmt":"2023-09-26T19:32:11","slug":"cabo-turbo-2m-v8-carregar-dados-p-motorola-tdos-modelos","status":"publish","type":"product","link":"https:\/\/www.saralinatacado.com.br\/loja\/produto\/cabo-turbo-2m-v8-carregar-dados-p-motorola-tdos-modelos\/","title":{"rendered":"Cabo Turbo 2m V8 Carregar Dados P\/ Motorola Tdos Modelos"},"content":{"rendered":"<p>PERMITE CARREGAR O CELULAR E TRANSMITIR DADOS COM ALTA VELOCIDADE AO MESMO TEMPO<\/p>\n<p>CARACTER\u00cdSTICAS:<br \/>\n-COMP\u00c1TIVEL COM ENTRADA V8- MICRO USB<br \/>\n-COM CARGA R\u00c1PIDA<br \/>\n-TRANSMISS\u00c3O DE DADOS E CARREGAMENTO JUNTOS<br \/>\n-CARREGAMENTO E SINCRONIZA\u00c7\u00c3O COM ALTA VELOCIDADE<br \/>\n-TRANSMISS\u00c3O DE DADOS POR POSTA USB E V8<br \/>\n-MUITA AGILIDADE, SEGURAN\u00c7A E QUALIDADE<\/p>\n","protected":false},"excerpt":{"rendered":"<p>PERMITE CARREGAR O CELULAR E TRANSMITIR DADOS COM ALTA VELOCIDADE AO MESMO TEMPO CARACTER\u00cdSTICAS: -COMP\u00c1TIVEL COM ENTRADA V8- MICRO USB -COM CARGA R\u00c1PIDA -TRANSMISS\u00c3O DE DADOS E CARREGAMENTO JUNTOS -CARREGAMENTO E SINCRONIZA\u00c7\u00c3O COM ALTA VELOCIDADE -TRANSMISS\u00c3O DE DADOS POR POSTA USB E V8 -MUITA AGILIDADE, SEGURAN\u00c7A E QUALIDADE<\/p>\n","protected":false},"featured_media":29143,"comment_status":"open","ping_status":"closed","template":"","meta":{"_bbp_topic_count":0,"_bbp_reply_count":0,"_bbp_total_topic_count":0,"_bbp_total_reply_count":0,"_bbp_voice_count":0,"_bbp_anonymous_reply_count":0,"_bbp_topic_count_hidden":0,"_bbp_reply_count_hidden":0,"_bbp_forum_subforum_count":0,"_joinchat":[]},"product_brand":[],"product_cat":[106],"product_tag":[],"class_list":{"0":"post-29141","1":"product","2":"type-product","3":"status-publish","4":"has-post-thumbnail","6":"product_cat-cabos","8":"first","9":"instock","10":"taxable","11":"shipping-taxable","12":"purchasable","13":"product-type-simple"},"_links":{"self":[{"href":"https:\/\/www.saralinatacado.com.br\/loja\/wp-json\/wp\/v2\/product\/29141","targetHints":{"allow":["GET"]}}],"collection":[{"href":"https:\/\/www.saralinatacado.com.br\/loja\/wp-json\/wp\/v2\/product"}],"about":[{"href":"https:\/\/www.saralinatacado.com.br\/loja\/wp-json\/wp\/v2\/types\/product"}],"replies":[{"embeddable":true,"href":"https:\/\/www.saralinatacado.com.br\/loja\/wp-json\/wp\/v2\/comments?post=29141"}],"wp:featuredmedia":[{"embeddable":true,"href":"https:\/\/www.saralinatacado.com.br\/loja\/wp-json\/wp\/v2\/media\/29143"}],"wp:attachment":[{"href":"https:\/\/www.saralinatacado.com.br\/loja\/wp-json\/wp\/v2\/media?parent=29141"}],"wp:term":[{"taxonomy":"product_brand","embeddable":true,"href":"https:\/\/www.saralinatacado.com.br\/loja\/wp-json\/wp\/v2\/product_brand?post=29141"},{"taxonomy":"product_cat","embeddable":true,"href":"https:\/\/www.saralinatacado.com.br\/loja\/wp-json\/wp\/v2\/product_cat?post=29141"},{"taxonomy":"product_tag","embeddable":true,"href":"https:\/\/www.saralinatacado.com.br\/loja\/wp-json\/wp\/v2\/product_tag?post=29141"}],"curies":[{"name":"wp","href":"https:\/\/api.w.org\/{rel}","templated":true}]}}