{"id":29138,"date":"2023-09-26T19:17:48","date_gmt":"2023-09-26T19:17:48","guid":{"rendered":"https:\/\/www.saralinatacado.com.br\/loja\/?post_type=product&#038;p=29138"},"modified":"2023-09-26T19:17:48","modified_gmt":"2023-09-26T19:17:48","slug":"adaptador-p2-para-iphone-fone-p2-lightning","status":"publish","type":"product","link":"https:\/\/www.saralinatacado.com.br\/loja\/produto\/adaptador-p2-para-iphone-fone-p2-lightning\/","title":{"rendered":"Adaptador P2 para iPhone Fone P2 Lightning"},"content":{"rendered":"<p>Especifica\u00e7\u00f5es t\u00e9cnicas:<\/p>\n<p>\u2022 Composi\u00e7\u00e3o: Pl\u00e1sticos e metais<\/p>\n<p>\u2022 Cor: Branco \u2022 Tipo de Entrada: Lightning<\/p>\n<p>\u2022 Tipo de Sa\u00edda: P2 ( F\u00eamea 3,5mm ) Ap\u00f3s o adaptador conectado no iPhone e no fone de ouvido, clicar em &#8220;ajustes&#8221;, &#8220;Bluetooth&#8221;, rolar a tela para baixo e clicar em &#8220;Lightning&#8221;, pronto, estar\u00e1 funcionando perfeitamente. &gt; COMPRA GARANTIDA SHOPEE Receba o produto que est\u00e1 esperando ou devolvemos o seu dinheiro.<\/p>\n","protected":false},"excerpt":{"rendered":"<p>Especifica\u00e7\u00f5es t\u00e9cnicas: \u2022 Composi\u00e7\u00e3o: Pl\u00e1sticos e metais \u2022 Cor: Branco \u2022 Tipo de Entrada: Lightning \u2022 Tipo de Sa\u00edda: P2 ( F\u00eamea 3,5mm ) Ap\u00f3s o adaptador conectado no iPhone e no fone de ouvido, clicar em &#8220;ajustes&#8221;, &#8220;Bluetooth&#8221;, rolar a tela para baixo e clicar em &#8220;Lightning&#8221;, pronto, estar\u00e1 funcionando perfeitamente. &gt; COMPRA GARANTIDA [&hellip;]\n","protected":false},"featured_media":29139,"comment_status":"open","ping_status":"closed","template":"","meta":{"_bbp_topic_count":0,"_bbp_reply_count":0,"_bbp_total_topic_count":0,"_bbp_total_reply_count":0,"_bbp_voice_count":0,"_bbp_anonymous_reply_count":0,"_bbp_topic_count_hidden":0,"_bbp_reply_count_hidden":0,"_bbp_forum_subforum_count":0,"_joinchat":[]},"product_brand":[],"product_cat":[100],"product_tag":[],"class_list":{"0":"post-29138","1":"product","2":"type-product","3":"status-publish","4":"has-post-thumbnail","6":"product_cat-alimentacao","8":"first","9":"instock","10":"taxable","11":"shipping-taxable","12":"purchasable","13":"product-type-simple"},"_links":{"self":[{"href":"https:\/\/www.saralinatacado.com.br\/loja\/wp-json\/wp\/v2\/product\/29138","targetHints":{"allow":["GET"]}}],"collection":[{"href":"https:\/\/www.saralinatacado.com.br\/loja\/wp-json\/wp\/v2\/product"}],"about":[{"href":"https:\/\/www.saralinatacado.com.br\/loja\/wp-json\/wp\/v2\/types\/product"}],"replies":[{"embeddable":true,"href":"https:\/\/www.saralinatacado.com.br\/loja\/wp-json\/wp\/v2\/comments?post=29138"}],"wp:featuredmedia":[{"embeddable":true,"href":"https:\/\/www.saralinatacado.com.br\/loja\/wp-json\/wp\/v2\/media\/29139"}],"wp:attachment":[{"href":"https:\/\/www.saralinatacado.com.br\/loja\/wp-json\/wp\/v2\/media?parent=29138"}],"wp:term":[{"taxonomy":"product_brand","embeddable":true,"href":"https:\/\/www.saralinatacado.com.br\/loja\/wp-json\/wp\/v2\/product_brand?post=29138"},{"taxonomy":"product_cat","embeddable":true,"href":"https:\/\/www.saralinatacado.com.br\/loja\/wp-json\/wp\/v2\/product_cat?post=29138"},{"taxonomy":"product_tag","embeddable":true,"href":"https:\/\/www.saralinatacado.com.br\/loja\/wp-json\/wp\/v2\/product_tag?post=29138"}],"curies":[{"name":"wp","href":"https:\/\/api.w.org\/{rel}","templated":true}]}}