{"id":29132,"date":"2023-09-26T19:11:23","date_gmt":"2023-09-26T19:11:23","guid":{"rendered":"https:\/\/www.saralinatacado.com.br\/loja\/?post_type=product&#038;p=29132"},"modified":"2023-09-26T19:12:44","modified_gmt":"2023-09-26T19:12:44","slug":"bateria-lithium-2032-alfacell-3v-cartela-com-5-un","status":"publish","type":"product","link":"https:\/\/www.saralinatacado.com.br\/loja\/produto\/bateria-lithium-2032-alfacell-3v-cartela-com-5-un\/","title":{"rendered":"BATERIA LITHIUM 2032 ALFACELL 3V cartela com 5 un"},"content":{"rendered":"<p><strong>especifica\u00e7\u00f5es:<\/strong><br \/>\n<strong>marca:\u00a0<\/strong>alfacell<strong><br \/>\nmodelo<\/strong>: bateria pilha bot\u00e3o<br \/>\n<strong>material<\/strong>: lithium<strong>voltagem<\/strong>: 3v<br \/>\n<strong>amperagem<\/strong>: 210mah<br \/>\n<strong>dur\u00e1veis e seguras<\/strong><br \/>\n<strong>alto padr\u00e3o de qualidade<\/strong><\/p>\n<p><strong>acompanha o produto<\/strong>:<br \/>\n01 bateria lithium 3v<\/p>\n<p><strong>dimens\u00e3o do produto<\/strong>:<br \/>\nlargura:\u00a0 \u00a0 \u00a0 \u00a0 \u00a0 \u00a0 \u00a0 \u00a0 \u00a0 \u00a0 \u00a0 \u00a02 cm<br \/>\ncomprimento:\u00a0 \u00a0 \u00a0 \u00a0 \u00a0 \u00a0 \u00a0 2 cm<br \/>\naltura:\u00a0 \u00a0 \u00a0 \u00a0 \u00a0 \u00a0 \u00a0 \u00a0 \u00a0 \u00a0 \u00a0 \u00a0 \u00a03 cm<\/p>\n","protected":false},"excerpt":{"rendered":"<p>especifica\u00e7\u00f5es: marca:\u00a0alfacell modelo: bateria pilha bot\u00e3o material: lithiumvoltagem: 3v amperagem: 210mah dur\u00e1veis e seguras alto padr\u00e3o de qualidade acompanha o produto: 01 bateria lithium 3v dimens\u00e3o do produto: largura:\u00a0 \u00a0 \u00a0 \u00a0 \u00a0 \u00a0 \u00a0 \u00a0 \u00a0 \u00a0 \u00a0 \u00a02 cm comprimento:\u00a0 \u00a0 \u00a0 \u00a0 \u00a0 \u00a0 \u00a0 2 cm altura:\u00a0 \u00a0 \u00a0 \u00a0 \u00a0 [&hellip;]\n","protected":false},"featured_media":29133,"comment_status":"open","ping_status":"closed","template":"","meta":{"_bbp_topic_count":0,"_bbp_reply_count":0,"_bbp_total_topic_count":0,"_bbp_total_reply_count":0,"_bbp_voice_count":0,"_bbp_anonymous_reply_count":0,"_bbp_topic_count_hidden":0,"_bbp_reply_count_hidden":0,"_bbp_forum_subforum_count":0,"_joinchat":[]},"product_brand":[],"product_cat":[100],"product_tag":[],"class_list":{"0":"post-29132","1":"product","2":"type-product","3":"status-publish","4":"has-post-thumbnail","6":"product_cat-alimentacao","8":"first","9":"instock","10":"taxable","11":"shipping-taxable","12":"purchasable","13":"product-type-simple"},"_links":{"self":[{"href":"https:\/\/www.saralinatacado.com.br\/loja\/wp-json\/wp\/v2\/product\/29132","targetHints":{"allow":["GET"]}}],"collection":[{"href":"https:\/\/www.saralinatacado.com.br\/loja\/wp-json\/wp\/v2\/product"}],"about":[{"href":"https:\/\/www.saralinatacado.com.br\/loja\/wp-json\/wp\/v2\/types\/product"}],"replies":[{"embeddable":true,"href":"https:\/\/www.saralinatacado.com.br\/loja\/wp-json\/wp\/v2\/comments?post=29132"}],"wp:featuredmedia":[{"embeddable":true,"href":"https:\/\/www.saralinatacado.com.br\/loja\/wp-json\/wp\/v2\/media\/29133"}],"wp:attachment":[{"href":"https:\/\/www.saralinatacado.com.br\/loja\/wp-json\/wp\/v2\/media?parent=29132"}],"wp:term":[{"taxonomy":"product_brand","embeddable":true,"href":"https:\/\/www.saralinatacado.com.br\/loja\/wp-json\/wp\/v2\/product_brand?post=29132"},{"taxonomy":"product_cat","embeddable":true,"href":"https:\/\/www.saralinatacado.com.br\/loja\/wp-json\/wp\/v2\/product_cat?post=29132"},{"taxonomy":"product_tag","embeddable":true,"href":"https:\/\/www.saralinatacado.com.br\/loja\/wp-json\/wp\/v2\/product_tag?post=29132"}],"curies":[{"name":"wp","href":"https:\/\/api.w.org\/{rel}","templated":true}]}}