{"id":29130,"date":"2023-09-26T19:04:32","date_gmt":"2023-09-26T19:04:32","guid":{"rendered":"https:\/\/www.saralinatacado.com.br\/loja\/?post_type=product&#038;p=29130"},"modified":"2023-09-26T19:04:32","modified_gmt":"2023-09-26T19:04:32","slug":"carregador-para-notebook-hp-pino-grosso","status":"publish","type":"product","link":"https:\/\/www.saralinatacado.com.br\/loja\/produto\/carregador-para-notebook-hp-pino-grosso\/","title":{"rendered":"Carregador para Notebook HP (Pino Grosso)"},"content":{"rendered":"<p>Modelo: HP pino grosso<br \/>\nPot\u00eancia: 65 W<br \/>\nUniversal N\u00e3o<br \/>\nTens\u00e3o de Entrada: 220v ~ 110v (Bivolt)<br \/>\nVoltagem de sa\u00edda: 18.5V<br \/>\nCorrente de sa\u00edda : 3.5A<br \/>\nPot\u00eancia : 65W<br \/>\nDi\u00e2metro interno do pino: 5,0mm<br \/>\nDi\u00e2metro externo do pino: 7,4mm<\/p>\n","protected":false},"excerpt":{"rendered":"<p>Modelo: HP pino grosso Pot\u00eancia: 65 W Universal N\u00e3o Tens\u00e3o de Entrada: 220v ~ 110v (Bivolt) Voltagem de sa\u00edda: 18.5V Corrente de sa\u00edda : 3.5A Pot\u00eancia : 65W Di\u00e2metro interno do pino: 5,0mm Di\u00e2metro externo do pino: 7,4mm<\/p>\n","protected":false},"featured_media":29131,"comment_status":"open","ping_status":"closed","template":"","meta":{"_bbp_topic_count":0,"_bbp_reply_count":0,"_bbp_total_topic_count":0,"_bbp_total_reply_count":0,"_bbp_voice_count":0,"_bbp_anonymous_reply_count":0,"_bbp_topic_count_hidden":0,"_bbp_reply_count_hidden":0,"_bbp_forum_subforum_count":0,"_joinchat":[]},"product_brand":[],"product_cat":[208],"product_tag":[],"class_list":{"0":"post-29130","1":"product","2":"type-product","3":"status-publish","4":"has-post-thumbnail","6":"product_cat-carregadores","8":"first","9":"instock","10":"taxable","11":"shipping-taxable","12":"purchasable","13":"product-type-simple"},"_links":{"self":[{"href":"https:\/\/www.saralinatacado.com.br\/loja\/wp-json\/wp\/v2\/product\/29130","targetHints":{"allow":["GET"]}}],"collection":[{"href":"https:\/\/www.saralinatacado.com.br\/loja\/wp-json\/wp\/v2\/product"}],"about":[{"href":"https:\/\/www.saralinatacado.com.br\/loja\/wp-json\/wp\/v2\/types\/product"}],"replies":[{"embeddable":true,"href":"https:\/\/www.saralinatacado.com.br\/loja\/wp-json\/wp\/v2\/comments?post=29130"}],"wp:featuredmedia":[{"embeddable":true,"href":"https:\/\/www.saralinatacado.com.br\/loja\/wp-json\/wp\/v2\/media\/29131"}],"wp:attachment":[{"href":"https:\/\/www.saralinatacado.com.br\/loja\/wp-json\/wp\/v2\/media?parent=29130"}],"wp:term":[{"taxonomy":"product_brand","embeddable":true,"href":"https:\/\/www.saralinatacado.com.br\/loja\/wp-json\/wp\/v2\/product_brand?post=29130"},{"taxonomy":"product_cat","embeddable":true,"href":"https:\/\/www.saralinatacado.com.br\/loja\/wp-json\/wp\/v2\/product_cat?post=29130"},{"taxonomy":"product_tag","embeddable":true,"href":"https:\/\/www.saralinatacado.com.br\/loja\/wp-json\/wp\/v2\/product_tag?post=29130"}],"curies":[{"name":"wp","href":"https:\/\/api.w.org\/{rel}","templated":true}]}}