{"id":29118,"date":"2023-09-26T18:49:49","date_gmt":"2023-09-26T18:49:49","guid":{"rendered":"https:\/\/www.saralinatacado.com.br\/loja\/?post_type=product&#038;p=29118"},"modified":"2023-09-26T19:38:38","modified_gmt":"2023-09-26T19:38:38","slug":"copo-stanley-473ml-com-tampa","status":"publish","type":"product","link":"https:\/\/www.saralinatacado.com.br\/loja\/produto\/copo-stanley-473ml-com-tampa\/","title":{"rendered":"Copo Stanley  473ml Com Tampa"},"content":{"rendered":"<p>Para quem gosta de tomar uma cerveja gelada at\u00e9 o \u00faltimo gole, o copo Stanley em a\u00e7o inox, com camada dupla e isolamento t\u00e9rmico \u00e0 v\u00e1cuo \u00e9 a melhor solu\u00e7\u00e3o!<br \/>\nCaracter\u00edsticas:<br \/>\n&#8211; Capacidade: 473 ml<br \/>\n&#8211; Parede dupla com isolamento a v\u00e1cuo<br \/>\n&#8211; Mant\u00e9m Gelada por 4,5h<br \/>\n&#8211; N\u00e3o sua por fora<br \/>\n&#8211; Dimens\u00f5es (LxAxC): 9,6 x 17,2 x 9,6 cm<br \/>\n&#8211; Peso: 0,330kg<\/p>\n<p>Conserva\u00e7\u00e3o<br \/>\n&#8211; Quente at\u00e9 1,5 horas<br \/>\n&#8211; Frio at\u00e9 4,5 horas<br \/>\n&#8211; Gelo at\u00e9 7 horas<\/p>\n","protected":false},"excerpt":{"rendered":"<p>Para quem gosta de tomar uma cerveja gelada at\u00e9 o \u00faltimo gole, o copo Stanley em a\u00e7o inox, com camada dupla e isolamento t\u00e9rmico \u00e0 v\u00e1cuo \u00e9 a melhor solu\u00e7\u00e3o! Caracter\u00edsticas: &#8211; Capacidade: 473 ml &#8211; Parede dupla com isolamento a v\u00e1cuo &#8211; Mant\u00e9m Gelada por 4,5h &#8211; N\u00e3o sua por fora &#8211; Dimens\u00f5es (LxAxC): [&hellip;]\n","protected":false},"featured_media":29121,"comment_status":"open","ping_status":"closed","template":"","meta":{"_bbp_topic_count":0,"_bbp_reply_count":0,"_bbp_total_topic_count":0,"_bbp_total_reply_count":0,"_bbp_voice_count":0,"_bbp_anonymous_reply_count":0,"_bbp_topic_count_hidden":0,"_bbp_reply_count_hidden":0,"_bbp_forum_subforum_count":0,"_joinchat":[]},"product_brand":[],"product_cat":[209],"product_tag":[],"class_list":{"0":"post-29118","1":"product","2":"type-product","3":"status-publish","4":"has-post-thumbnail","6":"product_cat-garrafas","8":"first","9":"instock","10":"taxable","11":"shipping-taxable","12":"purchasable","13":"product-type-simple"},"_links":{"self":[{"href":"https:\/\/www.saralinatacado.com.br\/loja\/wp-json\/wp\/v2\/product\/29118","targetHints":{"allow":["GET"]}}],"collection":[{"href":"https:\/\/www.saralinatacado.com.br\/loja\/wp-json\/wp\/v2\/product"}],"about":[{"href":"https:\/\/www.saralinatacado.com.br\/loja\/wp-json\/wp\/v2\/types\/product"}],"replies":[{"embeddable":true,"href":"https:\/\/www.saralinatacado.com.br\/loja\/wp-json\/wp\/v2\/comments?post=29118"}],"wp:featuredmedia":[{"embeddable":true,"href":"https:\/\/www.saralinatacado.com.br\/loja\/wp-json\/wp\/v2\/media\/29121"}],"wp:attachment":[{"href":"https:\/\/www.saralinatacado.com.br\/loja\/wp-json\/wp\/v2\/media?parent=29118"}],"wp:term":[{"taxonomy":"product_brand","embeddable":true,"href":"https:\/\/www.saralinatacado.com.br\/loja\/wp-json\/wp\/v2\/product_brand?post=29118"},{"taxonomy":"product_cat","embeddable":true,"href":"https:\/\/www.saralinatacado.com.br\/loja\/wp-json\/wp\/v2\/product_cat?post=29118"},{"taxonomy":"product_tag","embeddable":true,"href":"https:\/\/www.saralinatacado.com.br\/loja\/wp-json\/wp\/v2\/product_tag?post=29118"}],"curies":[{"name":"wp","href":"https:\/\/api.w.org\/{rel}","templated":true}]}}