{"id":29111,"date":"2023-09-23T13:35:04","date_gmt":"2023-09-23T13:35:04","guid":{"rendered":"https:\/\/www.saralinatacado.com.br\/loja\/?post_type=product&#038;p=29111"},"modified":"2023-09-23T13:35:04","modified_gmt":"2023-09-23T13:35:04","slug":"caixa-de-som-bluetooth-12w-d-s4143-grasep","status":"publish","type":"product","link":"https:\/\/www.saralinatacado.com.br\/loja\/produto\/caixa-de-som-bluetooth-12w-d-s4143-grasep\/","title":{"rendered":"Caixa de Som Bluetooth 12W D-S4143 &#8211; Grasep"},"content":{"rendered":"<p><strong>Caracter\u00edsticas:<\/strong><\/p>\n<p>Conex\u00e3o Blueto v.5.0+EDR<\/p>\n<p>Entrada para Pendrive e Cart\u00e3o Micro SD<\/p>\n<p>Som Hi-Fi de alta qualidade<\/p>\n<p>R\u00e1dio FM integrado<\/p>\n<p>F\u00e1cil instala\u00e7\u00e3o e utiliza\u00e7\u00e3o<\/p>\n<p>Ideal para PCs, Notebooks, Smartphones, Tablets, TVs, MP3 e MP4 Players<\/p>\n<p>Bateria interna de excelente autonomia<\/p>\n<p><strong>Especifica\u00e7\u00f5es:<\/strong><\/p>\n<p>Pot\u00eancia: 12W RMS<\/p>\n<p>Alimenta\u00e7\u00e3o: 5Vdc (Via Porta USB)<\/p>\n<p>Capacidade da bateria interna:800 mAh<\/p>\n<p>Frequ\u00eancia de Resposta: 80HZ~18KHZ<\/p>\n<p>Imped\u00e2ncia: 2 Ohms<\/p>\n<p>Sensibilidade: &gt;80dB<\/p>\n<p>Di\u00e2metro do Alto-falante: 10CM<\/p>\n<p>Dimens\u00f5es: 13.5*8*20cm (C x L x A)<\/p>\n","protected":false},"excerpt":{"rendered":"<p>Caracter\u00edsticas: Conex\u00e3o Blueto v.5.0+EDR Entrada para Pendrive e Cart\u00e3o Micro SD Som Hi-Fi de alta qualidade R\u00e1dio FM integrado F\u00e1cil instala\u00e7\u00e3o e utiliza\u00e7\u00e3o Ideal para PCs, Notebooks, Smartphones, Tablets, TVs, MP3 e MP4 Players Bateria interna de excelente autonomia Especifica\u00e7\u00f5es: Pot\u00eancia: 12W RMS Alimenta\u00e7\u00e3o: 5Vdc (Via Porta USB) Capacidade da bateria interna:800 mAh Frequ\u00eancia de [&hellip;]\n","protected":false},"featured_media":29112,"comment_status":"open","ping_status":"closed","template":"","meta":{"_bbp_topic_count":0,"_bbp_reply_count":0,"_bbp_total_topic_count":0,"_bbp_total_reply_count":0,"_bbp_voice_count":0,"_bbp_anonymous_reply_count":0,"_bbp_topic_count_hidden":0,"_bbp_reply_count_hidden":0,"_bbp_forum_subforum_count":0,"_joinchat":[]},"product_brand":[],"product_cat":[102],"product_tag":[],"class_list":{"0":"post-29111","1":"product","2":"type-product","3":"status-publish","4":"has-post-thumbnail","6":"product_cat-caixa-de-som","8":"first","9":"instock","10":"taxable","11":"shipping-taxable","12":"purchasable","13":"product-type-simple"},"_links":{"self":[{"href":"https:\/\/www.saralinatacado.com.br\/loja\/wp-json\/wp\/v2\/product\/29111","targetHints":{"allow":["GET"]}}],"collection":[{"href":"https:\/\/www.saralinatacado.com.br\/loja\/wp-json\/wp\/v2\/product"}],"about":[{"href":"https:\/\/www.saralinatacado.com.br\/loja\/wp-json\/wp\/v2\/types\/product"}],"replies":[{"embeddable":true,"href":"https:\/\/www.saralinatacado.com.br\/loja\/wp-json\/wp\/v2\/comments?post=29111"}],"wp:featuredmedia":[{"embeddable":true,"href":"https:\/\/www.saralinatacado.com.br\/loja\/wp-json\/wp\/v2\/media\/29112"}],"wp:attachment":[{"href":"https:\/\/www.saralinatacado.com.br\/loja\/wp-json\/wp\/v2\/media?parent=29111"}],"wp:term":[{"taxonomy":"product_brand","embeddable":true,"href":"https:\/\/www.saralinatacado.com.br\/loja\/wp-json\/wp\/v2\/product_brand?post=29111"},{"taxonomy":"product_cat","embeddable":true,"href":"https:\/\/www.saralinatacado.com.br\/loja\/wp-json\/wp\/v2\/product_cat?post=29111"},{"taxonomy":"product_tag","embeddable":true,"href":"https:\/\/www.saralinatacado.com.br\/loja\/wp-json\/wp\/v2\/product_tag?post=29111"}],"curies":[{"name":"wp","href":"https:\/\/api.w.org\/{rel}","templated":true}]}}