{"id":29088,"date":"2023-09-22T19:23:57","date_gmt":"2023-09-22T19:23:57","guid":{"rendered":"https:\/\/www.saralinatacado.com.br\/loja\/?post_type=product&#038;p=29088"},"modified":"2023-09-22T19:23:57","modified_gmt":"2023-09-22T19:23:57","slug":"320ml-copo-de-isolamento-de-agua-de-aco-inoxidavel-cor-solida-garrafa-termica","status":"publish","type":"product","link":"https:\/\/www.saralinatacado.com.br\/loja\/produto\/320ml-copo-de-isolamento-de-agua-de-aco-inoxidavel-cor-solida-garrafa-termica\/","title":{"rendered":"320ml copo de isolamento de \u00e1gua de a\u00e7o inoxid\u00e1vel cor s\u00f3lida \/ garrafa t\u00e9rmica"},"content":{"rendered":"<div class=\"title--wrap--wDzGayX description--title--ZsqjrTd\">\n<div class=\"title--text--Lx66GPw\">\n<h1 class=\"title--title--RN9Pt03\">Informa\u00e7\u00f5es Gerais<\/h1>\n<h1 class=\"title--title--RN9Pt03\">Caracter\u00edstica:<\/h1>\n<\/div>\n<\/div>\n<div>\n<div class=\"extend--content--DlnAngg\">\n<div>\n<div id=\"product-description\" class=\"description--product-description--nxRv0lW\" data-spm=\"1000023\" data-pl=\"product-description\">\n<div class=\"description--origin-part--SsZJoGC\">\n<div id=\"offer-template-0\"><span data-spm-anchor-id=\"a2g0o.detail.1000023.i0.34a6VvKbVvKb9r\">100% novo e de alta qualidade<\/span><br \/>\nMaterial: a\u00e7o inoxid\u00e1vel<br \/>\nCapacidade: 320ml<br \/>\nCor: verde, azul, rosa, preto, branco<br \/>\nPacote: 1x garrafa<\/div>\n<\/div>\n<\/div>\n<\/div>\n<\/div>\n<\/div>\n","protected":false},"excerpt":{"rendered":"<p>Informa\u00e7\u00f5es Gerais Caracter\u00edstica: 100% novo e de alta qualidade Material: a\u00e7o inoxid\u00e1vel Capacidade: 320ml Cor: verde, azul, rosa, preto, branco Pacote: 1x garrafa<\/p>\n","protected":false},"featured_media":29089,"comment_status":"open","ping_status":"closed","template":"","meta":{"_bbp_topic_count":0,"_bbp_reply_count":0,"_bbp_total_topic_count":0,"_bbp_total_reply_count":0,"_bbp_voice_count":0,"_bbp_anonymous_reply_count":0,"_bbp_topic_count_hidden":0,"_bbp_reply_count_hidden":0,"_bbp_forum_subforum_count":0,"_joinchat":[]},"product_brand":[],"product_cat":[209],"product_tag":[],"class_list":{"0":"post-29088","1":"product","2":"type-product","3":"status-publish","4":"has-post-thumbnail","6":"product_cat-garrafas","8":"first","9":"instock","10":"taxable","11":"shipping-taxable","12":"purchasable","13":"product-type-simple"},"_links":{"self":[{"href":"https:\/\/www.saralinatacado.com.br\/loja\/wp-json\/wp\/v2\/product\/29088","targetHints":{"allow":["GET"]}}],"collection":[{"href":"https:\/\/www.saralinatacado.com.br\/loja\/wp-json\/wp\/v2\/product"}],"about":[{"href":"https:\/\/www.saralinatacado.com.br\/loja\/wp-json\/wp\/v2\/types\/product"}],"replies":[{"embeddable":true,"href":"https:\/\/www.saralinatacado.com.br\/loja\/wp-json\/wp\/v2\/comments?post=29088"}],"wp:featuredmedia":[{"embeddable":true,"href":"https:\/\/www.saralinatacado.com.br\/loja\/wp-json\/wp\/v2\/media\/29089"}],"wp:attachment":[{"href":"https:\/\/www.saralinatacado.com.br\/loja\/wp-json\/wp\/v2\/media?parent=29088"}],"wp:term":[{"taxonomy":"product_brand","embeddable":true,"href":"https:\/\/www.saralinatacado.com.br\/loja\/wp-json\/wp\/v2\/product_brand?post=29088"},{"taxonomy":"product_cat","embeddable":true,"href":"https:\/\/www.saralinatacado.com.br\/loja\/wp-json\/wp\/v2\/product_cat?post=29088"},{"taxonomy":"product_tag","embeddable":true,"href":"https:\/\/www.saralinatacado.com.br\/loja\/wp-json\/wp\/v2\/product_tag?post=29088"}],"curies":[{"name":"wp","href":"https:\/\/api.w.org\/{rel}","templated":true}]}}