{"id":29078,"date":"2023-09-22T18:51:52","date_gmt":"2023-09-22T18:51:52","guid":{"rendered":"https:\/\/www.saralinatacado.com.br\/loja\/?post_type=product&#038;p=29078"},"modified":"2023-09-22T18:51:52","modified_gmt":"2023-09-22T18:51:52","slug":"cabo-p2-x-p10-15-metros-estereo-profissional-adaptador-mesa-som","status":"publish","type":"product","link":"https:\/\/www.saralinatacado.com.br\/loja\/produto\/cabo-p2-x-p10-15-metros-estereo-profissional-adaptador-mesa-som\/","title":{"rendered":"Cabo P2 x P10 1,5 metros  Est\u00e9reo Profissional Adaptador Mesa Som"},"content":{"rendered":"<p><strong>Cabo P2 Estereo Macho Para P10 Mono Macho 1,5 Metros<\/strong><\/p>\n<p>Este cabo \u00e9 indicado para conectar\u00a0dispositivos com conex\u00e3o P10 como mesa de som, decks para conectar em dispositivos P2 tais como: caixas de som, celulares, r\u00e1dios, auto r\u00e1dios, falantes, fones de ouvido.<\/p>\n<p>&nbsp;<\/p>\n<p><strong>Caracter\u00edsticas:<\/strong><br \/>\n&#8211; Material de f\u00e1cil limpeza.<br \/>\n&#8211; Alta durabilidade.<\/p>\n<p>&nbsp;<\/p>\n<p><strong>Itens inclusos:<\/strong><br \/>\n1 &#8211; Cabo P2 X P10<\/p>\n<p>&nbsp;<\/p>\n<p><strong>Informa\u00e7\u00f5es t\u00e9cnicas:\u00a0<\/strong><br \/>\nMarca: MBTECH<br \/>\nComprimento: 1.5 metros<\/p>\n","protected":false},"excerpt":{"rendered":"<p>Cabo P2 Estereo Macho Para P10 Mono Macho 1,5 Metros Este cabo \u00e9 indicado para conectar\u00a0dispositivos com conex\u00e3o P10 como mesa de som, decks para conectar em dispositivos P2 tais como: caixas de som, celulares, r\u00e1dios, auto r\u00e1dios, falantes, fones de ouvido. &nbsp; Caracter\u00edsticas: &#8211; Material de f\u00e1cil limpeza. &#8211; Alta durabilidade. &nbsp; Itens inclusos: [&hellip;]\n","protected":false},"featured_media":29081,"comment_status":"open","ping_status":"closed","template":"","meta":{"_bbp_topic_count":0,"_bbp_reply_count":0,"_bbp_total_topic_count":0,"_bbp_total_reply_count":0,"_bbp_voice_count":0,"_bbp_anonymous_reply_count":0,"_bbp_topic_count_hidden":0,"_bbp_reply_count_hidden":0,"_bbp_forum_subforum_count":0,"_joinchat":[]},"product_brand":[],"product_cat":[106],"product_tag":[],"class_list":{"0":"post-29078","1":"product","2":"type-product","3":"status-publish","4":"has-post-thumbnail","6":"product_cat-cabos","8":"first","9":"instock","10":"taxable","11":"shipping-taxable","12":"purchasable","13":"product-type-simple"},"_links":{"self":[{"href":"https:\/\/www.saralinatacado.com.br\/loja\/wp-json\/wp\/v2\/product\/29078","targetHints":{"allow":["GET"]}}],"collection":[{"href":"https:\/\/www.saralinatacado.com.br\/loja\/wp-json\/wp\/v2\/product"}],"about":[{"href":"https:\/\/www.saralinatacado.com.br\/loja\/wp-json\/wp\/v2\/types\/product"}],"replies":[{"embeddable":true,"href":"https:\/\/www.saralinatacado.com.br\/loja\/wp-json\/wp\/v2\/comments?post=29078"}],"wp:featuredmedia":[{"embeddable":true,"href":"https:\/\/www.saralinatacado.com.br\/loja\/wp-json\/wp\/v2\/media\/29081"}],"wp:attachment":[{"href":"https:\/\/www.saralinatacado.com.br\/loja\/wp-json\/wp\/v2\/media?parent=29078"}],"wp:term":[{"taxonomy":"product_brand","embeddable":true,"href":"https:\/\/www.saralinatacado.com.br\/loja\/wp-json\/wp\/v2\/product_brand?post=29078"},{"taxonomy":"product_cat","embeddable":true,"href":"https:\/\/www.saralinatacado.com.br\/loja\/wp-json\/wp\/v2\/product_cat?post=29078"},{"taxonomy":"product_tag","embeddable":true,"href":"https:\/\/www.saralinatacado.com.br\/loja\/wp-json\/wp\/v2\/product_tag?post=29078"}],"curies":[{"name":"wp","href":"https:\/\/api.w.org\/{rel}","templated":true}]}}