{"id":29072,"date":"2023-09-20T14:54:04","date_gmt":"2023-09-20T14:54:04","guid":{"rendered":"https:\/\/www.saralinatacado.com.br\/loja\/?post_type=product&#038;p=29072"},"modified":"2023-09-20T15:31:35","modified_gmt":"2023-09-20T15:31:35","slug":"fita-adesiva-durex-200-metros-p-embalar-caixas-correios-adelbra","status":"publish","type":"product","link":"https:\/\/www.saralinatacado.com.br\/loja\/produto\/fita-adesiva-durex-200-metros-p-embalar-caixas-correios-adelbra\/","title":{"rendered":"Fita Adesiva Durex 200 Metros P\/ Embalar Caixas Correios &#8211; ADELBRA"},"content":{"rendered":"<p><span class=\"sc-kpDqfm qhIEo\" data-testid=\"product-detail-title\">Fita Adesiva Durex 200 Metros P\/ Embalar Caixas Correios<\/span><\/p>\n<div class=\"sc-fqkvVR heuZyN sc-dnvZjJ dtJjfe\" data-testid=\"product-detail-description\">\n<div class=\"sc-fqkvVR hlqElk sc-jcdlHQ cxsdMT\" data-testid=\"rich-content-container\">Descri\u00e7\u00e3o Voc\u00ea esta comprando:1 ROLO DE Fita Durex Adesiva Larga 200m Transparente\/Amarela Grande Embalar Caixa e Encomendas TAMANHO: COMPRIMENTO: 200 METROSLARGURA: 4,2CM*** SUPER RESISTENTE E ALTA QUALIDADE DESCRI\u00c7\u00c3O: Cor: Transparente<\/div>\n<div class=\"sc-fqkvVR hlqElk sc-jcdlHQ cxsdMT\" data-testid=\"rich-content-container\">&#8211; amarelo Tipo de fita: Adesiva \/<\/div>\n<div class=\"sc-fqkvVR hlqElk sc-jcdlHQ cxsdMT\" data-testid=\"rich-content-container\">\u00a0-Durex Aplica\u00e7\u00e3o:<\/div>\n<div class=\"sc-fqkvVR hlqElk sc-jcdlHQ cxsdMT\" data-testid=\"rich-content-container\">Caixas, papel e etc<\/div>\n<div class=\"sc-fqkvVR hlqElk sc-jcdlHQ cxsdMT\" data-testid=\"rich-content-container\"><\/div>\n<div class=\"sc-fqkvVR hlqElk sc-jcdlHQ cxsdMT\" data-testid=\"rich-content-container\">Novo Essencial para quem trabalha com embalagens.<\/div>\n<div class=\"sc-fqkvVR hlqElk sc-jcdlHQ cxsdMT\" data-testid=\"rich-content-container\">Fechamento de caixas para mudan\u00e7as, presentes, vendas e etc&#8230;<\/div>\n<\/div>\n","protected":false},"excerpt":{"rendered":"<p>Fita Adesiva Durex 200 Metros P\/ Embalar Caixas Correios Descri\u00e7\u00e3o Voc\u00ea esta comprando:1 ROLO DE Fita Durex Adesiva Larga 200m Transparente\/Amarela Grande Embalar Caixa e Encomendas TAMANHO: COMPRIMENTO: 200 METROSLARGURA: 4,2CM*** SUPER RESISTENTE E ALTA QUALIDADE DESCRI\u00c7\u00c3O: Cor: Transparente &#8211; amarelo Tipo de fita: Adesiva \/ \u00a0-Durex Aplica\u00e7\u00e3o: Caixas, papel e etc Novo Essencial para [&hellip;]\n","protected":false},"featured_media":29074,"comment_status":"open","ping_status":"closed","template":"","meta":{"_bbp_topic_count":0,"_bbp_reply_count":0,"_bbp_total_topic_count":0,"_bbp_total_reply_count":0,"_bbp_voice_count":0,"_bbp_anonymous_reply_count":0,"_bbp_topic_count_hidden":0,"_bbp_reply_count_hidden":0,"_bbp_forum_subforum_count":0,"_joinchat":[]},"product_brand":[],"product_cat":[107],"product_tag":[],"class_list":{"0":"post-29072","1":"product","2":"type-product","3":"status-publish","4":"has-post-thumbnail","6":"product_cat-acessorios","8":"first","9":"instock","10":"taxable","11":"shipping-taxable","12":"purchasable","13":"product-type-simple"},"_links":{"self":[{"href":"https:\/\/www.saralinatacado.com.br\/loja\/wp-json\/wp\/v2\/product\/29072","targetHints":{"allow":["GET"]}}],"collection":[{"href":"https:\/\/www.saralinatacado.com.br\/loja\/wp-json\/wp\/v2\/product"}],"about":[{"href":"https:\/\/www.saralinatacado.com.br\/loja\/wp-json\/wp\/v2\/types\/product"}],"replies":[{"embeddable":true,"href":"https:\/\/www.saralinatacado.com.br\/loja\/wp-json\/wp\/v2\/comments?post=29072"}],"wp:featuredmedia":[{"embeddable":true,"href":"https:\/\/www.saralinatacado.com.br\/loja\/wp-json\/wp\/v2\/media\/29074"}],"wp:attachment":[{"href":"https:\/\/www.saralinatacado.com.br\/loja\/wp-json\/wp\/v2\/media?parent=29072"}],"wp:term":[{"taxonomy":"product_brand","embeddable":true,"href":"https:\/\/www.saralinatacado.com.br\/loja\/wp-json\/wp\/v2\/product_brand?post=29072"},{"taxonomy":"product_cat","embeddable":true,"href":"https:\/\/www.saralinatacado.com.br\/loja\/wp-json\/wp\/v2\/product_cat?post=29072"},{"taxonomy":"product_tag","embeddable":true,"href":"https:\/\/www.saralinatacado.com.br\/loja\/wp-json\/wp\/v2\/product_tag?post=29072"}],"curies":[{"name":"wp","href":"https:\/\/api.w.org\/{rel}","templated":true}]}}