{"id":29068,"date":"2023-09-20T14:44:46","date_gmt":"2023-09-20T14:44:46","guid":{"rendered":"https:\/\/www.saralinatacado.com.br\/loja\/?post_type=product&#038;p=29068"},"modified":"2023-09-20T14:44:46","modified_gmt":"2023-09-20T14:44:46","slug":"cabo-hdmi-malha-e-filtro-1080p-1-4-3d-4k-19p-10m-mbtech","status":"publish","type":"product","link":"https:\/\/www.saralinatacado.com.br\/loja\/produto\/cabo-hdmi-malha-e-filtro-1080p-1-4-3d-4k-19p-10m-mbtech\/","title":{"rendered":"Cabo Hdmi Malha E Filtro 1080P 1.4 3D\/4K 19P 10M Mbtech"},"content":{"rendered":"<p>Comprimento do cabo: 10m<\/p>\n<p>Vers\u00e3o:1.4<\/p>\n<p>Indicado para conectar dvd player, blu-ray, videogames, receptor e conversor de tv digital, tvs de plasma, lcd, led e monitores<\/p>\n<p>Compat\u00edvel com resolu\u00e7\u00f5es de 480i, 480p, 720i, 720p, 1080i e 1080p<\/p>\n<p>Blindagem tripla para m\u00e1xima isola\u00e7\u00e3o contra interfer\u00eancias externas<\/p>\n<p>Revestimento externo em pvc de alta qualidade<\/p>\n<p>Conectores banhados a ouro<\/p>\n<p>Suporte: full hd, lossless audio t\/ deep color t<\/p>\n","protected":false},"excerpt":{"rendered":"<p>Comprimento do cabo: 10m Vers\u00e3o:1.4 Indicado para conectar dvd player, blu-ray, videogames, receptor e conversor de tv digital, tvs de plasma, lcd, led e monitores Compat\u00edvel com resolu\u00e7\u00f5es de 480i, 480p, 720i, 720p, 1080i e 1080p Blindagem tripla para m\u00e1xima isola\u00e7\u00e3o contra interfer\u00eancias externas Revestimento externo em pvc de alta qualidade Conectores banhados a ouro [&hellip;]\n","protected":false},"featured_media":29070,"comment_status":"open","ping_status":"closed","template":"","meta":{"_bbp_topic_count":0,"_bbp_reply_count":0,"_bbp_total_topic_count":0,"_bbp_total_reply_count":0,"_bbp_voice_count":0,"_bbp_anonymous_reply_count":0,"_bbp_topic_count_hidden":0,"_bbp_reply_count_hidden":0,"_bbp_forum_subforum_count":0,"_joinchat":[]},"product_brand":[],"product_cat":[106],"product_tag":[],"class_list":{"0":"post-29068","1":"product","2":"type-product","3":"status-publish","4":"has-post-thumbnail","6":"product_cat-cabos","8":"first","9":"instock","10":"taxable","11":"shipping-taxable","12":"purchasable","13":"product-type-simple"},"_links":{"self":[{"href":"https:\/\/www.saralinatacado.com.br\/loja\/wp-json\/wp\/v2\/product\/29068","targetHints":{"allow":["GET"]}}],"collection":[{"href":"https:\/\/www.saralinatacado.com.br\/loja\/wp-json\/wp\/v2\/product"}],"about":[{"href":"https:\/\/www.saralinatacado.com.br\/loja\/wp-json\/wp\/v2\/types\/product"}],"replies":[{"embeddable":true,"href":"https:\/\/www.saralinatacado.com.br\/loja\/wp-json\/wp\/v2\/comments?post=29068"}],"wp:featuredmedia":[{"embeddable":true,"href":"https:\/\/www.saralinatacado.com.br\/loja\/wp-json\/wp\/v2\/media\/29070"}],"wp:attachment":[{"href":"https:\/\/www.saralinatacado.com.br\/loja\/wp-json\/wp\/v2\/media?parent=29068"}],"wp:term":[{"taxonomy":"product_brand","embeddable":true,"href":"https:\/\/www.saralinatacado.com.br\/loja\/wp-json\/wp\/v2\/product_brand?post=29068"},{"taxonomy":"product_cat","embeddable":true,"href":"https:\/\/www.saralinatacado.com.br\/loja\/wp-json\/wp\/v2\/product_cat?post=29068"},{"taxonomy":"product_tag","embeddable":true,"href":"https:\/\/www.saralinatacado.com.br\/loja\/wp-json\/wp\/v2\/product_tag?post=29068"}],"curies":[{"name":"wp","href":"https:\/\/api.w.org\/{rel}","templated":true}]}}