{"id":29057,"date":"2023-09-20T13:02:28","date_gmt":"2023-09-20T13:02:28","guid":{"rendered":"https:\/\/www.saralinatacado.com.br\/loja\/?post_type=product&#038;p=29057"},"modified":"2023-09-20T13:03:52","modified_gmt":"2023-09-20T13:03:52","slug":"luminaria-articulada-base-mesa-pixar-suporte-garra-articulavel","status":"publish","type":"product","link":"https:\/\/www.saralinatacado.com.br\/loja\/produto\/luminaria-articulada-base-mesa-pixar-suporte-garra-articulavel\/","title":{"rendered":"LUMINARIA ARTICULADA BASE MESA FIXAR ARTICULAVEL"},"content":{"rendered":"<p><strong>Detalhes T\u00e9cnicos:<\/strong><\/p>\n<p>Frequ\u00eancia: 50\/60Hz<br \/>\nVoltagem: 110\/220V (Bivolt)<br \/>\nSoquete: E27<br \/>\nPeso: 1,4kg<br \/>\nCabo: 1,10m<br \/>\nDimens\u00f5es: 15cm x 26cm x 65cm<br \/>\nVersatilidade de L\u00e2mpadas:<\/p>\n<p>Funciona com diversos tipos de l\u00e2mpadas, como incandescentes, LEDs, fluorescentes econ\u00f4micas e muito mais.<\/p>\n<p>Constru\u00e7\u00e3o Dur\u00e1vel:<\/p>\n<p>Feita com materiais resistente<\/p>\n","protected":false},"excerpt":{"rendered":"<p>Detalhes T\u00e9cnicos: Frequ\u00eancia: 50\/60Hz Voltagem: 110\/220V (Bivolt) Soquete: E27 Peso: 1,4kg Cabo: 1,10m Dimens\u00f5es: 15cm x 26cm x 65cm Versatilidade de L\u00e2mpadas: Funciona com diversos tipos de l\u00e2mpadas, como incandescentes, LEDs, fluorescentes econ\u00f4micas e muito mais. Constru\u00e7\u00e3o Dur\u00e1vel: Feita com materiais resistente<\/p>\n","protected":false},"featured_media":29059,"comment_status":"open","ping_status":"closed","template":"","meta":{"_bbp_topic_count":0,"_bbp_reply_count":0,"_bbp_total_topic_count":0,"_bbp_total_reply_count":0,"_bbp_voice_count":0,"_bbp_anonymous_reply_count":0,"_bbp_topic_count_hidden":0,"_bbp_reply_count_hidden":0,"_bbp_forum_subforum_count":0,"_joinchat":[]},"product_brand":[],"product_cat":[164],"product_tag":[],"class_list":{"0":"post-29057","1":"product","2":"type-product","3":"status-publish","4":"has-post-thumbnail","6":"product_cat-led","8":"first","9":"instock","10":"taxable","11":"shipping-taxable","12":"purchasable","13":"product-type-simple"},"_links":{"self":[{"href":"https:\/\/www.saralinatacado.com.br\/loja\/wp-json\/wp\/v2\/product\/29057","targetHints":{"allow":["GET"]}}],"collection":[{"href":"https:\/\/www.saralinatacado.com.br\/loja\/wp-json\/wp\/v2\/product"}],"about":[{"href":"https:\/\/www.saralinatacado.com.br\/loja\/wp-json\/wp\/v2\/types\/product"}],"replies":[{"embeddable":true,"href":"https:\/\/www.saralinatacado.com.br\/loja\/wp-json\/wp\/v2\/comments?post=29057"}],"wp:featuredmedia":[{"embeddable":true,"href":"https:\/\/www.saralinatacado.com.br\/loja\/wp-json\/wp\/v2\/media\/29059"}],"wp:attachment":[{"href":"https:\/\/www.saralinatacado.com.br\/loja\/wp-json\/wp\/v2\/media?parent=29057"}],"wp:term":[{"taxonomy":"product_brand","embeddable":true,"href":"https:\/\/www.saralinatacado.com.br\/loja\/wp-json\/wp\/v2\/product_brand?post=29057"},{"taxonomy":"product_cat","embeddable":true,"href":"https:\/\/www.saralinatacado.com.br\/loja\/wp-json\/wp\/v2\/product_cat?post=29057"},{"taxonomy":"product_tag","embeddable":true,"href":"https:\/\/www.saralinatacado.com.br\/loja\/wp-json\/wp\/v2\/product_tag?post=29057"}],"curies":[{"name":"wp","href":"https:\/\/api.w.org\/{rel}","templated":true}]}}