{"id":29048,"date":"2023-09-20T12:38:35","date_gmt":"2023-09-20T12:38:35","guid":{"rendered":"https:\/\/www.saralinatacado.com.br\/loja\/?post_type=product&#038;p=29048"},"modified":"2023-09-20T12:39:12","modified_gmt":"2023-09-20T12:39:12","slug":"bateria-botao-lithium-cr2025-alfacell-3v-cartela-com-5un","status":"publish","type":"product","link":"https:\/\/www.saralinatacado.com.br\/loja\/produto\/bateria-botao-lithium-cr2025-alfacell-3v-cartela-com-5un\/","title":{"rendered":"BATERIA BOT\u00c3O LITHIUM CR2025 ALFACELL 3V &#8211; cartela com 5un"},"content":{"rendered":"<p><strong>Especifica\u00e7\u00f5es<\/strong><\/p>\n<ul>\n<li><strong>Marca:<\/strong>\u00a0Alfacell<\/li>\n<li><strong>Modelo:<\/strong>\u00a02C (CR2025)<\/li>\n<li><strong>Voltagem<\/strong>\u00a0Nominal: 3V<\/li>\n<li><strong>Conte\u00fado<\/strong> da Embalagem: 5 un<\/li>\n<\/ul>\n<p>&nbsp;<\/p>\n<p>&nbsp;<\/p>\n<p>&nbsp;<\/p>\n<p>&nbsp;<\/p>\n<p>&nbsp;<\/p>\n<p>&nbsp;<\/p>\n","protected":false},"excerpt":{"rendered":"<p>Especifica\u00e7\u00f5es Marca:\u00a0Alfacell Modelo:\u00a02C (CR2025) Voltagem\u00a0Nominal: 3V Conte\u00fado da Embalagem: 5 un &nbsp; &nbsp; &nbsp; &nbsp; &nbsp; &nbsp;<\/p>\n","protected":false},"featured_media":29050,"comment_status":"open","ping_status":"closed","template":"","meta":{"_bbp_topic_count":0,"_bbp_reply_count":0,"_bbp_total_topic_count":0,"_bbp_total_reply_count":0,"_bbp_voice_count":0,"_bbp_anonymous_reply_count":0,"_bbp_topic_count_hidden":0,"_bbp_reply_count_hidden":0,"_bbp_forum_subforum_count":0,"_joinchat":[]},"product_brand":[],"product_cat":[100],"product_tag":[],"class_list":{"0":"post-29048","1":"product","2":"type-product","3":"status-publish","4":"has-post-thumbnail","6":"product_cat-alimentacao","8":"first","9":"instock","10":"taxable","11":"shipping-taxable","12":"purchasable","13":"product-type-simple"},"_links":{"self":[{"href":"https:\/\/www.saralinatacado.com.br\/loja\/wp-json\/wp\/v2\/product\/29048","targetHints":{"allow":["GET"]}}],"collection":[{"href":"https:\/\/www.saralinatacado.com.br\/loja\/wp-json\/wp\/v2\/product"}],"about":[{"href":"https:\/\/www.saralinatacado.com.br\/loja\/wp-json\/wp\/v2\/types\/product"}],"replies":[{"embeddable":true,"href":"https:\/\/www.saralinatacado.com.br\/loja\/wp-json\/wp\/v2\/comments?post=29048"}],"wp:featuredmedia":[{"embeddable":true,"href":"https:\/\/www.saralinatacado.com.br\/loja\/wp-json\/wp\/v2\/media\/29050"}],"wp:attachment":[{"href":"https:\/\/www.saralinatacado.com.br\/loja\/wp-json\/wp\/v2\/media?parent=29048"}],"wp:term":[{"taxonomy":"product_brand","embeddable":true,"href":"https:\/\/www.saralinatacado.com.br\/loja\/wp-json\/wp\/v2\/product_brand?post=29048"},{"taxonomy":"product_cat","embeddable":true,"href":"https:\/\/www.saralinatacado.com.br\/loja\/wp-json\/wp\/v2\/product_cat?post=29048"},{"taxonomy":"product_tag","embeddable":true,"href":"https:\/\/www.saralinatacado.com.br\/loja\/wp-json\/wp\/v2\/product_tag?post=29048"}],"curies":[{"name":"wp","href":"https:\/\/api.w.org\/{rel}","templated":true}]}}