{"id":29044,"date":"2023-09-20T12:28:05","date_gmt":"2023-09-20T12:28:05","guid":{"rendered":"https:\/\/www.saralinatacado.com.br\/loja\/?post_type=product&#038;p=29044"},"modified":"2023-09-20T12:28:21","modified_gmt":"2023-09-20T12:28:21","slug":"fonte-para-notebook-samsung-np350xaa-a4019p-19v-2-1a-40w","status":"publish","type":"product","link":"https:\/\/www.saralinatacado.com.br\/loja\/produto\/fonte-para-notebook-samsung-np350xaa-a4019p-19v-2-1a-40w\/","title":{"rendered":"Fonte Para Notebook Samsung Np350xaa A4019p 19v 2.1a 40w"},"content":{"rendered":"<p>FONTE CARREGADOR PARA NOTEBOOK \/ TABLET SAMSUNG 19V 2.1A 40W &#8211; PINO FINO<\/p>\n<p>Especifica\u00e7\u00f5es:<br \/>\nEntrada: 100-240V, 50-60Hz (BIVOLT)<br \/>\nSa\u00edda: 19V 2.1A 40W<br \/>\nConector:<br \/>\nDi\u00e2metro Interno: 1.1mm<br \/>\nDi\u00e2metro Externo: 3.0mm<\/p>\n<p>Fonte completa, acompanha cabo de for\u00e7a.<\/p>\n","protected":false},"excerpt":{"rendered":"<p>FONTE CARREGADOR PARA NOTEBOOK \/ TABLET SAMSUNG 19V 2.1A 40W &#8211; PINO FINO Especifica\u00e7\u00f5es: Entrada: 100-240V, 50-60Hz (BIVOLT) Sa\u00edda: 19V 2.1A 40W Conector: Di\u00e2metro Interno: 1.1mm Di\u00e2metro Externo: 3.0mm Fonte completa, acompanha cabo de for\u00e7a.<\/p>\n","protected":false},"featured_media":29046,"comment_status":"open","ping_status":"closed","template":"","meta":{"_bbp_topic_count":0,"_bbp_reply_count":0,"_bbp_total_topic_count":0,"_bbp_total_reply_count":0,"_bbp_voice_count":0,"_bbp_anonymous_reply_count":0,"_bbp_topic_count_hidden":0,"_bbp_reply_count_hidden":0,"_bbp_forum_subforum_count":0,"_joinchat":[]},"product_brand":[],"product_cat":[100],"product_tag":[],"class_list":{"0":"post-29044","1":"product","2":"type-product","3":"status-publish","4":"has-post-thumbnail","6":"product_cat-alimentacao","8":"first","9":"instock","10":"taxable","11":"shipping-taxable","12":"purchasable","13":"product-type-simple"},"_links":{"self":[{"href":"https:\/\/www.saralinatacado.com.br\/loja\/wp-json\/wp\/v2\/product\/29044","targetHints":{"allow":["GET"]}}],"collection":[{"href":"https:\/\/www.saralinatacado.com.br\/loja\/wp-json\/wp\/v2\/product"}],"about":[{"href":"https:\/\/www.saralinatacado.com.br\/loja\/wp-json\/wp\/v2\/types\/product"}],"replies":[{"embeddable":true,"href":"https:\/\/www.saralinatacado.com.br\/loja\/wp-json\/wp\/v2\/comments?post=29044"}],"wp:featuredmedia":[{"embeddable":true,"href":"https:\/\/www.saralinatacado.com.br\/loja\/wp-json\/wp\/v2\/media\/29046"}],"wp:attachment":[{"href":"https:\/\/www.saralinatacado.com.br\/loja\/wp-json\/wp\/v2\/media?parent=29044"}],"wp:term":[{"taxonomy":"product_brand","embeddable":true,"href":"https:\/\/www.saralinatacado.com.br\/loja\/wp-json\/wp\/v2\/product_brand?post=29044"},{"taxonomy":"product_cat","embeddable":true,"href":"https:\/\/www.saralinatacado.com.br\/loja\/wp-json\/wp\/v2\/product_cat?post=29044"},{"taxonomy":"product_tag","embeddable":true,"href":"https:\/\/www.saralinatacado.com.br\/loja\/wp-json\/wp\/v2\/product_tag?post=29044"}],"curies":[{"name":"wp","href":"https:\/\/api.w.org\/{rel}","templated":true}]}}