{"id":29039,"date":"2023-09-20T12:21:43","date_gmt":"2023-09-20T12:21:43","guid":{"rendered":"https:\/\/www.saralinatacado.com.br\/loja\/?post_type=product&#038;p=29039"},"modified":"2023-09-20T12:21:43","modified_gmt":"2023-09-20T12:21:43","slug":"fonte-chaveada-12v-30a-360w-estabilizado-bivolt-com-cooler","status":"publish","type":"product","link":"https:\/\/www.saralinatacado.com.br\/loja\/produto\/fonte-chaveada-12v-30a-360w-estabilizado-bivolt-com-cooler\/","title":{"rendered":"Fonte Chaveada 12v 30a 360w Estabilizado Bivolt com Cooler"},"content":{"rendered":"<p>Informa\u00e7\u00f5es t\u00e9cnicas:<\/p>\n<p>\u2022 Possui Chave Seletora (Para Alterar Voltagem) 110\/220 Vac<br \/>\n\u2022 Fonte AC\/DC 24V<br \/>\n\u2022 Pot\u00eancia: 360W<br \/>\n\u2022 Tens\u00e3o de entrada: 100V-240V AC<br \/>\n\u2022 Frequ\u00eancia: 50\/60Hz<br \/>\n\u2022 Amperagem: 15A<br \/>\n\u2022 Tens\u00e3o de sa\u00edda: 24V ( tens\u00e3o ajust\u00e1vel )<br \/>\n\u2022 Conex\u00e3o por borne<br \/>\n\u2022 Com COOLER<br \/>\n\u2022 Dimens\u00f5es: 20 x 11 x 5 cm<\/p>\n<p>Obs: Antes de ligar a fonte verificar a chave seletora de Voltagem (110\/220V) dentro da fonte.<\/p>\n<p>Itens Inclusos:<br \/>\n1 &#8211; Fonte 12V Bivolt &#8211; 30A &#8211; 360W<\/p>\n","protected":false},"excerpt":{"rendered":"<p>Informa\u00e7\u00f5es t\u00e9cnicas: \u2022 Possui Chave Seletora (Para Alterar Voltagem) 110\/220 Vac \u2022 Fonte AC\/DC 24V \u2022 Pot\u00eancia: 360W \u2022 Tens\u00e3o de entrada: 100V-240V AC \u2022 Frequ\u00eancia: 50\/60Hz \u2022 Amperagem: 15A \u2022 Tens\u00e3o de sa\u00edda: 24V ( tens\u00e3o ajust\u00e1vel ) \u2022 Conex\u00e3o por borne \u2022 Com COOLER \u2022 Dimens\u00f5es: 20 x 11 x 5 cm Obs: [&hellip;]\n","protected":false},"featured_media":29040,"comment_status":"open","ping_status":"closed","template":"","meta":{"_bbp_topic_count":0,"_bbp_reply_count":0,"_bbp_total_topic_count":0,"_bbp_total_reply_count":0,"_bbp_voice_count":0,"_bbp_anonymous_reply_count":0,"_bbp_topic_count_hidden":0,"_bbp_reply_count_hidden":0,"_bbp_forum_subforum_count":0,"_joinchat":[]},"product_brand":[],"product_cat":[100],"product_tag":[],"class_list":{"0":"post-29039","1":"product","2":"type-product","3":"status-publish","4":"has-post-thumbnail","6":"product_cat-alimentacao","8":"first","9":"instock","10":"taxable","11":"shipping-taxable","12":"purchasable","13":"product-type-simple"},"_links":{"self":[{"href":"https:\/\/www.saralinatacado.com.br\/loja\/wp-json\/wp\/v2\/product\/29039","targetHints":{"allow":["GET"]}}],"collection":[{"href":"https:\/\/www.saralinatacado.com.br\/loja\/wp-json\/wp\/v2\/product"}],"about":[{"href":"https:\/\/www.saralinatacado.com.br\/loja\/wp-json\/wp\/v2\/types\/product"}],"replies":[{"embeddable":true,"href":"https:\/\/www.saralinatacado.com.br\/loja\/wp-json\/wp\/v2\/comments?post=29039"}],"wp:featuredmedia":[{"embeddable":true,"href":"https:\/\/www.saralinatacado.com.br\/loja\/wp-json\/wp\/v2\/media\/29040"}],"wp:attachment":[{"href":"https:\/\/www.saralinatacado.com.br\/loja\/wp-json\/wp\/v2\/media?parent=29039"}],"wp:term":[{"taxonomy":"product_brand","embeddable":true,"href":"https:\/\/www.saralinatacado.com.br\/loja\/wp-json\/wp\/v2\/product_brand?post=29039"},{"taxonomy":"product_cat","embeddable":true,"href":"https:\/\/www.saralinatacado.com.br\/loja\/wp-json\/wp\/v2\/product_cat?post=29039"},{"taxonomy":"product_tag","embeddable":true,"href":"https:\/\/www.saralinatacado.com.br\/loja\/wp-json\/wp\/v2\/product_tag?post=29039"}],"curies":[{"name":"wp","href":"https:\/\/api.w.org\/{rel}","templated":true}]}}