{"id":29035,"date":"2023-09-20T12:02:37","date_gmt":"2023-09-20T12:02:37","guid":{"rendered":"https:\/\/www.saralinatacado.com.br\/loja\/?post_type=product&#038;p=29035"},"modified":"2023-09-20T12:03:16","modified_gmt":"2023-09-20T12:03:16","slug":"fonte-chaveada-20a-12v-colmeia-bivolt","status":"publish","type":"product","link":"https:\/\/www.saralinatacado.com.br\/loja\/produto\/fonte-chaveada-20a-12v-colmeia-bivolt\/","title":{"rendered":"Fonte Chaveada 20A 12V Colm\u00e9ia Bivolt"},"content":{"rendered":"<p>Caracter\u00edsticas:<\/p>\n<p>&#8211; Produto: Fonte Colmeia\/ Manual<\/p>\n<p>&#8211; Pot\u00eancia: 240w<\/p>\n<p>&#8211; Entrada: AC 110-220v<\/p>\n<p>&#8211; Frequ\u00eancia: AC63Hz<\/p>\n<p>&#8211; Sa\u00edda: DC 12v 20A<\/p>\n<p>&#8211; Chaveamento de ajuste de tens\u00e3o (127-220v) (MANUAL)<\/p>\n<p>&#8211; Conex\u00e3o por borne<\/p>\n<p>&#8211; Material: Alum\u00ednio e Metal<\/p>\n<p>&#8211; Funciona at\u00e9 10 C\u00e2meras<\/p>\n","protected":false},"excerpt":{"rendered":"<p>Caracter\u00edsticas: &#8211; Produto: Fonte Colmeia\/ Manual &#8211; Pot\u00eancia: 240w &#8211; Entrada: AC 110-220v &#8211; Frequ\u00eancia: AC63Hz &#8211; Sa\u00edda: DC 12v 20A &#8211; Chaveamento de ajuste de tens\u00e3o (127-220v) (MANUAL) &#8211; Conex\u00e3o por borne &#8211; Material: Alum\u00ednio e Metal &#8211; Funciona at\u00e9 10 C\u00e2meras<\/p>\n","protected":false},"featured_media":29037,"comment_status":"open","ping_status":"closed","template":"","meta":{"_bbp_topic_count":0,"_bbp_reply_count":0,"_bbp_total_topic_count":0,"_bbp_total_reply_count":0,"_bbp_voice_count":0,"_bbp_anonymous_reply_count":0,"_bbp_topic_count_hidden":0,"_bbp_reply_count_hidden":0,"_bbp_forum_subforum_count":0,"_joinchat":[]},"product_brand":[],"product_cat":[179,100],"product_tag":[],"class_list":{"0":"post-29035","1":"product","2":"type-product","3":"status-publish","4":"has-post-thumbnail","6":"product_cat-sem-categoria","7":"product_cat-alimentacao","9":"first","10":"instock","11":"taxable","12":"shipping-taxable","13":"purchasable","14":"product-type-simple"},"_links":{"self":[{"href":"https:\/\/www.saralinatacado.com.br\/loja\/wp-json\/wp\/v2\/product\/29035","targetHints":{"allow":["GET"]}}],"collection":[{"href":"https:\/\/www.saralinatacado.com.br\/loja\/wp-json\/wp\/v2\/product"}],"about":[{"href":"https:\/\/www.saralinatacado.com.br\/loja\/wp-json\/wp\/v2\/types\/product"}],"replies":[{"embeddable":true,"href":"https:\/\/www.saralinatacado.com.br\/loja\/wp-json\/wp\/v2\/comments?post=29035"}],"wp:featuredmedia":[{"embeddable":true,"href":"https:\/\/www.saralinatacado.com.br\/loja\/wp-json\/wp\/v2\/media\/29037"}],"wp:attachment":[{"href":"https:\/\/www.saralinatacado.com.br\/loja\/wp-json\/wp\/v2\/media?parent=29035"}],"wp:term":[{"taxonomy":"product_brand","embeddable":true,"href":"https:\/\/www.saralinatacado.com.br\/loja\/wp-json\/wp\/v2\/product_brand?post=29035"},{"taxonomy":"product_cat","embeddable":true,"href":"https:\/\/www.saralinatacado.com.br\/loja\/wp-json\/wp\/v2\/product_cat?post=29035"},{"taxonomy":"product_tag","embeddable":true,"href":"https:\/\/www.saralinatacado.com.br\/loja\/wp-json\/wp\/v2\/product_tag?post=29035"}],"curies":[{"name":"wp","href":"https:\/\/api.w.org\/{rel}","templated":true}]}}