{"id":29029,"date":"2023-09-20T11:57:06","date_gmt":"2023-09-20T11:57:06","guid":{"rendered":"https:\/\/www.saralinatacado.com.br\/loja\/?post_type=product&#038;p=29029"},"modified":"2023-09-20T11:57:06","modified_gmt":"2023-09-20T11:57:06","slug":"fonte-de-alimentacao-chaveada-colmeia-12v-15a-180w-127v-220v","status":"publish","type":"product","link":"https:\/\/www.saralinatacado.com.br\/loja\/produto\/fonte-de-alimentacao-chaveada-colmeia-12v-15a-180w-127v-220v\/","title":{"rendered":"Fonte de Alimenta\u00e7\u00e3o Chaveada Colm\u00e9ia 12V 15A 180W 127V\/220V"},"content":{"rendered":"<div class=\"titulo-categoria\"><strong>Descri\u00e7\u00e3o<\/strong><\/div>\n<div class=\"tab-content\">\n<div id=\"descricao\" class=\"tab-pane active\">\n<p><strong>Fonte de Alimenta\u00e7\u00e3o Chaveada Colm\u00e9ia 12V 15A 180W 127V\/220V &#8211; Descri\u00e7\u00e3o:<\/strong><\/p>\n<p>A\u00a0<strong>Fonte de Alimenta\u00e7\u00e3o Chaveada Colm\u00e9ia 12V 15A 180W 127V\/220V<\/strong>\u00a0\u00e9 uma fonte chaveada capaz de converter tens\u00f5es AC 127V ou 220V em tens\u00e3o DC 12V com capacidade m\u00e1xima de 15A. A\u00a0<strong>Fonte de Alimenta\u00e7\u00e3o Chaveada Colm\u00e9ia 12V 15A 180W 127V\/220V<\/strong>\u00a0\u00e9 muito utilizada na alimenta\u00e7\u00e3o de fitas de leds, c\u00e2meras de seguran\u00e7a, entre outros dispositivos.<\/p>\n<p>Se voc\u00ea busca uma fonte 12V 15A de alta confiabilidade e seguran\u00e7a, este \u00e9 o dispositivo que voc\u00ea estava procurando, por um excelente custo x benef\u00edcio.<\/p>\n<p><strong>Fonte de Alimenta\u00e7\u00e3o Chaveada Colm\u00e9ia 12V 15A 180W 127V\/220V &#8211; Especifica\u00e7\u00f5es:<\/strong><\/p>\n<p>&#8211; Tens\u00e3o de Entrada: 127V\/220V (Bivolt);<br \/>\n&#8211; Tens\u00e3o de Sa\u00edda: 12V 15A 180W;<br \/>\n&#8211; Dimens\u00f5es: aprox. 13.5&#215;10.5x45mm (CxLxA).<\/p>\n<p><strong>Fonte de Alimenta\u00e7\u00e3o Chaveada Colm\u00e9ia 12V 15A 180W 127V\/220V &#8211; Acompanha:<\/strong><\/p>\n<p>01 &#8211;\u00a0Fonte de Alimenta\u00e7\u00e3o Chaveada Colm\u00e9ia 12V 15A 180W 127V\/220V<\/p>\n<\/div>\n<\/div>\n","protected":false},"excerpt":{"rendered":"<p>Descri\u00e7\u00e3o Fonte de Alimenta\u00e7\u00e3o Chaveada Colm\u00e9ia 12V 15A 180W 127V\/220V &#8211; Descri\u00e7\u00e3o: A\u00a0Fonte de Alimenta\u00e7\u00e3o Chaveada Colm\u00e9ia 12V 15A 180W 127V\/220V\u00a0\u00e9 uma fonte chaveada capaz de converter tens\u00f5es AC 127V ou 220V em tens\u00e3o DC 12V com capacidade m\u00e1xima de 15A. A\u00a0Fonte de Alimenta\u00e7\u00e3o Chaveada Colm\u00e9ia 12V 15A 180W 127V\/220V\u00a0\u00e9 muito utilizada na alimenta\u00e7\u00e3o de [&hellip;]\n","protected":false},"featured_media":29031,"comment_status":"open","ping_status":"closed","template":"","meta":{"_bbp_topic_count":0,"_bbp_reply_count":0,"_bbp_total_topic_count":0,"_bbp_total_reply_count":0,"_bbp_voice_count":0,"_bbp_anonymous_reply_count":0,"_bbp_topic_count_hidden":0,"_bbp_reply_count_hidden":0,"_bbp_forum_subforum_count":0,"_joinchat":[]},"product_brand":[],"product_cat":[179,100],"product_tag":[],"class_list":{"0":"post-29029","1":"product","2":"type-product","3":"status-publish","4":"has-post-thumbnail","6":"product_cat-sem-categoria","7":"product_cat-alimentacao","9":"first","10":"instock","11":"taxable","12":"shipping-taxable","13":"purchasable","14":"product-type-simple"},"_links":{"self":[{"href":"https:\/\/www.saralinatacado.com.br\/loja\/wp-json\/wp\/v2\/product\/29029","targetHints":{"allow":["GET"]}}],"collection":[{"href":"https:\/\/www.saralinatacado.com.br\/loja\/wp-json\/wp\/v2\/product"}],"about":[{"href":"https:\/\/www.saralinatacado.com.br\/loja\/wp-json\/wp\/v2\/types\/product"}],"replies":[{"embeddable":true,"href":"https:\/\/www.saralinatacado.com.br\/loja\/wp-json\/wp\/v2\/comments?post=29029"}],"wp:featuredmedia":[{"embeddable":true,"href":"https:\/\/www.saralinatacado.com.br\/loja\/wp-json\/wp\/v2\/media\/29031"}],"wp:attachment":[{"href":"https:\/\/www.saralinatacado.com.br\/loja\/wp-json\/wp\/v2\/media?parent=29029"}],"wp:term":[{"taxonomy":"product_brand","embeddable":true,"href":"https:\/\/www.saralinatacado.com.br\/loja\/wp-json\/wp\/v2\/product_brand?post=29029"},{"taxonomy":"product_cat","embeddable":true,"href":"https:\/\/www.saralinatacado.com.br\/loja\/wp-json\/wp\/v2\/product_cat?post=29029"},{"taxonomy":"product_tag","embeddable":true,"href":"https:\/\/www.saralinatacado.com.br\/loja\/wp-json\/wp\/v2\/product_tag?post=29029"}],"curies":[{"name":"wp","href":"https:\/\/api.w.org\/{rel}","templated":true}]}}