{"id":29026,"date":"2023-09-19T19:53:37","date_gmt":"2023-09-19T19:53:37","guid":{"rendered":"https:\/\/www.saralinatacado.com.br\/loja\/?post_type=product&#038;p=29026"},"modified":"2023-09-19T19:53:37","modified_gmt":"2023-09-19T19:53:37","slug":"fonte-colmeia-cftv-gradeada-bivolt-protetor-surto-12v-10a","status":"publish","type":"product","link":"https:\/\/www.saralinatacado.com.br\/loja\/produto\/fonte-colmeia-cftv-gradeada-bivolt-protetor-surto-12v-10a\/","title":{"rendered":"Fonte Colm\u00e9ia Cftv Gradeada Bivolt Protetor Surto 12v 10a"},"content":{"rendered":"<p><strong>Fonte Colmeia CFTV Gradeada Bivolt Protetor Surto 12v 10a<\/strong><\/p>\n<p>Fonte Gradeada 12V\/10A Bivolt Eletr\u00f4nica Protetor Surto Interfer\u00eancia<br \/>\nFonte de Alimenta\u00e7\u00e3o de 12V 10A<br \/>\nEspecifica\u00e7\u00f5es: Estabilizada com prote\u00e7\u00e3o contra curto e sobrecarga, ideal para CFTV, Alarmes, L\u00e2mpada de LED<br \/>\nModelo: Fonte 12V 10A<br \/>\nTens\u00e3o de Entrada: 90 \u02dc 260 Vca, 50\/60 Hz<br \/>\nTens\u00e3o Sa\u00edda: 12 Vcc +\/- 10% toler\u00e2ncia<br \/>\nCorrente de Sa\u00edda: 10A (120 Watts)<br \/>\nProte\u00e7\u00e3o: Limita\u00e7\u00e3o de pot\u00eancia e prote\u00e7\u00e3o contra sobre corrente nas sa\u00eddas de tens\u00e3o<br \/>\nFun\u00e7\u00e3o Nobreak: N\u00e3o<br \/>\nTrimpot para Regulagem: Sim (para dist\u00e2ncias maiores que 100 metros)<br \/>\nGarantia: 1 ano de garantia contra defeitos de f\u00e1brica<\/p>\n","protected":false},"excerpt":{"rendered":"<p>Fonte Colmeia CFTV Gradeada Bivolt Protetor Surto 12v 10a Fonte Gradeada 12V\/10A Bivolt Eletr\u00f4nica Protetor Surto Interfer\u00eancia Fonte de Alimenta\u00e7\u00e3o de 12V 10A Especifica\u00e7\u00f5es: Estabilizada com prote\u00e7\u00e3o contra curto e sobrecarga, ideal para CFTV, Alarmes, L\u00e2mpada de LED Modelo: Fonte 12V 10A Tens\u00e3o de Entrada: 90 \u02dc 260 Vca, 50\/60 Hz Tens\u00e3o Sa\u00edda: 12 Vcc [&hellip;]\n","protected":false},"featured_media":29028,"comment_status":"open","ping_status":"closed","template":"","meta":{"_bbp_topic_count":0,"_bbp_reply_count":0,"_bbp_total_topic_count":0,"_bbp_total_reply_count":0,"_bbp_voice_count":0,"_bbp_anonymous_reply_count":0,"_bbp_topic_count_hidden":0,"_bbp_reply_count_hidden":0,"_bbp_forum_subforum_count":0,"_joinchat":[]},"product_brand":[],"product_cat":[179,100],"product_tag":[],"class_list":{"0":"post-29026","1":"product","2":"type-product","3":"status-publish","4":"has-post-thumbnail","6":"product_cat-sem-categoria","7":"product_cat-alimentacao","9":"first","10":"instock","11":"taxable","12":"shipping-taxable","13":"purchasable","14":"product-type-simple"},"_links":{"self":[{"href":"https:\/\/www.saralinatacado.com.br\/loja\/wp-json\/wp\/v2\/product\/29026","targetHints":{"allow":["GET"]}}],"collection":[{"href":"https:\/\/www.saralinatacado.com.br\/loja\/wp-json\/wp\/v2\/product"}],"about":[{"href":"https:\/\/www.saralinatacado.com.br\/loja\/wp-json\/wp\/v2\/types\/product"}],"replies":[{"embeddable":true,"href":"https:\/\/www.saralinatacado.com.br\/loja\/wp-json\/wp\/v2\/comments?post=29026"}],"wp:featuredmedia":[{"embeddable":true,"href":"https:\/\/www.saralinatacado.com.br\/loja\/wp-json\/wp\/v2\/media\/29028"}],"wp:attachment":[{"href":"https:\/\/www.saralinatacado.com.br\/loja\/wp-json\/wp\/v2\/media?parent=29026"}],"wp:term":[{"taxonomy":"product_brand","embeddable":true,"href":"https:\/\/www.saralinatacado.com.br\/loja\/wp-json\/wp\/v2\/product_brand?post=29026"},{"taxonomy":"product_cat","embeddable":true,"href":"https:\/\/www.saralinatacado.com.br\/loja\/wp-json\/wp\/v2\/product_cat?post=29026"},{"taxonomy":"product_tag","embeddable":true,"href":"https:\/\/www.saralinatacado.com.br\/loja\/wp-json\/wp\/v2\/product_tag?post=29026"}],"curies":[{"name":"wp","href":"https:\/\/api.w.org\/{rel}","templated":true}]}}