{"id":29022,"date":"2023-09-19T19:44:00","date_gmt":"2023-09-19T19:44:00","guid":{"rendered":"https:\/\/www.saralinatacado.com.br\/loja\/?post_type=product&#038;p=29022"},"modified":"2023-09-19T19:44:01","modified_gmt":"2023-09-19T19:44:01","slug":"fonte-comeia-de-alimentacao-12v-5a","status":"publish","type":"product","link":"https:\/\/www.saralinatacado.com.br\/loja\/produto\/fonte-comeia-de-alimentacao-12v-5a\/","title":{"rendered":"Fonte comeia de Alimenta\u00e7\u00e3o 12V \u2013 5A"},"content":{"rendered":"<h2>Descri\u00e7\u00e3o<\/h2>\n<p>A sa\u00edda \u00e9 fixa em 12V, por\u00e9m, \u00e9 poss\u00edvel realizar a calibra\u00e7\u00e3o por meio de um trimpot, que permite um pequeno ajuste em torno de 15% deste valor total. Com isso, pode-se obter uma tens\u00e3o de sa\u00edda entre 10,2V at\u00e9 13,8V aproximadamente.<\/p>\n<p><strong>Especifica\u00e7\u00f5es:<\/strong><\/p>\n<p>\u2013 Tens\u00e3o de entrada: bivolt 100 ~ 240V AC;<br \/>\n\u2013 Tens\u00e3o de sa\u00edda: 12v DC (com ajuste\/calibra\u00e7\u00e3o via trimpot de + \u2013 15%);<br \/>\n\u2013 Pot\u00eancia: 60W;<br \/>\n\u2013 Frequ\u00eancia: 50\/60Hz;<br \/>\n\u2013 Corrente m\u00e1xima: 5A;<br \/>\n\u2013 Prote\u00e7\u00e3o contra Sobrecarga, Curto e Surto;<br \/>\n\u2013 Led indicador de alimenta\u00e7\u00e3o;<br \/>\n\u2013 Dimens\u00f5es: 3,5cm [altura] x 7,9cm [largura] x 11,2cm [comprimento]\n<p>Obs: N\u00e3o acompanha cabo de alimenta\u00e7\u00e3o da rede el\u00e9trica.<\/p>\n","protected":false},"excerpt":{"rendered":"<p>Descri\u00e7\u00e3o A sa\u00edda \u00e9 fixa em 12V, por\u00e9m, \u00e9 poss\u00edvel realizar a calibra\u00e7\u00e3o por meio de um trimpot, que permite um pequeno ajuste em torno de 15% deste valor total. Com isso, pode-se obter uma tens\u00e3o de sa\u00edda entre 10,2V at\u00e9 13,8V aproximadamente. Especifica\u00e7\u00f5es: \u2013 Tens\u00e3o de entrada: bivolt 100 ~ 240V AC; \u2013 Tens\u00e3o [&hellip;]\n","protected":false},"featured_media":29023,"comment_status":"open","ping_status":"closed","template":"","meta":{"_bbp_topic_count":0,"_bbp_reply_count":0,"_bbp_total_topic_count":0,"_bbp_total_reply_count":0,"_bbp_voice_count":0,"_bbp_anonymous_reply_count":0,"_bbp_topic_count_hidden":0,"_bbp_reply_count_hidden":0,"_bbp_forum_subforum_count":0,"_joinchat":[]},"product_brand":[],"product_cat":[179,107],"product_tag":[],"class_list":{"0":"post-29022","1":"product","2":"type-product","3":"status-publish","4":"has-post-thumbnail","6":"product_cat-sem-categoria","7":"product_cat-acessorios","9":"first","10":"instock","11":"taxable","12":"shipping-taxable","13":"purchasable","14":"product-type-simple"},"_links":{"self":[{"href":"https:\/\/www.saralinatacado.com.br\/loja\/wp-json\/wp\/v2\/product\/29022","targetHints":{"allow":["GET"]}}],"collection":[{"href":"https:\/\/www.saralinatacado.com.br\/loja\/wp-json\/wp\/v2\/product"}],"about":[{"href":"https:\/\/www.saralinatacado.com.br\/loja\/wp-json\/wp\/v2\/types\/product"}],"replies":[{"embeddable":true,"href":"https:\/\/www.saralinatacado.com.br\/loja\/wp-json\/wp\/v2\/comments?post=29022"}],"wp:featuredmedia":[{"embeddable":true,"href":"https:\/\/www.saralinatacado.com.br\/loja\/wp-json\/wp\/v2\/media\/29023"}],"wp:attachment":[{"href":"https:\/\/www.saralinatacado.com.br\/loja\/wp-json\/wp\/v2\/media?parent=29022"}],"wp:term":[{"taxonomy":"product_brand","embeddable":true,"href":"https:\/\/www.saralinatacado.com.br\/loja\/wp-json\/wp\/v2\/product_brand?post=29022"},{"taxonomy":"product_cat","embeddable":true,"href":"https:\/\/www.saralinatacado.com.br\/loja\/wp-json\/wp\/v2\/product_cat?post=29022"},{"taxonomy":"product_tag","embeddable":true,"href":"https:\/\/www.saralinatacado.com.br\/loja\/wp-json\/wp\/v2\/product_tag?post=29022"}],"curies":[{"name":"wp","href":"https:\/\/api.w.org\/{rel}","templated":true}]}}