{"id":29017,"date":"2023-09-19T19:33:24","date_gmt":"2023-09-19T19:33:24","guid":{"rendered":"https:\/\/www.saralinatacado.com.br\/loja\/?post_type=product&#038;p=29017"},"modified":"2023-09-19T19:34:43","modified_gmt":"2023-09-19T19:34:43","slug":"maquina-de-barbear-aparador-de-pelos-eletrico-nova-bivolt","status":"publish","type":"product","link":"https:\/\/www.saralinatacado.com.br\/loja\/produto\/maquina-de-barbear-aparador-de-pelos-eletrico-nova-bivolt\/","title":{"rendered":"M\u00e1quina De Barbear aparador de pelos El\u00e9trico Nova Bivolt"},"content":{"rendered":"<p>M\u00e1quina De Barbear aparador de pelos El\u00e9trico Nova Nhc-3915 Bivolt<\/p>\n<p>Barbeador El\u00e9trico M\u00e1quina Cabelo Bigode nova NHC-3915 Descri\u00e7\u00e3o: M\u00e1quina de acabamento e barba port\u00e1til, com pente ajust\u00e1vel, l\u00e2mina de a\u00e7o inox alta precis\u00e3o cortando seco e molhado, autonomia de 45 minutos, tempo de recarga 8 horas, pot\u00eancia de 3W e alimenta\u00e7\u00e3o alternativa e bateria interna bivolt. Caracter\u00edstica e A\u00e7\u00e3o: M\u00e1quina de acabamento e barba port\u00e1til, recarreg\u00e1vel, voltagem autom\u00e1tica bivolt l\u00e2mina de inox e pot\u00eancia de 3W.<\/p>\n<p>&nbsp;<\/p>\n<p>Sugest\u00e3o de Uso:<\/p>\n<p>&#8211; Para recarregar utilize o plug na parte inferior do aparelho e ligue em uma tomada.<\/p>\n<p>&#8211; Primeira carga 8 horas permitindo 45 minutos de uso<\/p>\n<p>&#8211; Mantenha a l\u00e2mina sempre limpa e lubrificada.<\/p>\n<p>&#8211; Acabamento de cabelo e barba Conte\u00fado da Caixa 1 Aparador de Pelos El\u00e9trico 1 Liquido lubrificante 1 Pincel para limpeza<\/p>\n<p>&nbsp;<\/p>\n<p>Informa\u00e7\u00f5es Complementares<\/p>\n<p>&nbsp;<\/p>\n<p>&#8211; Fabricante: nova<\/p>\n<p>&#8211; Modelo: Magic Blade<\/p>\n<p>&#8211; C\u00f3digo: NHC-3915<\/p>\n<p>&#8211; Indica\u00e7\u00e3o: Acabamento Barba, Bigode e Cabelo<br \/>\ncor aleatoria<\/p>\n","protected":false},"excerpt":{"rendered":"<p>M\u00e1quina De Barbear aparador de pelos El\u00e9trico Nova Nhc-3915 Bivolt Barbeador El\u00e9trico M\u00e1quina Cabelo Bigode nova NHC-3915 Descri\u00e7\u00e3o: M\u00e1quina de acabamento e barba port\u00e1til, com pente ajust\u00e1vel, l\u00e2mina de a\u00e7o inox alta precis\u00e3o cortando seco e molhado, autonomia de 45 minutos, tempo de recarga 8 horas, pot\u00eancia de 3W e alimenta\u00e7\u00e3o alternativa e bateria interna [&hellip;]\n","protected":false},"featured_media":29020,"comment_status":"open","ping_status":"closed","template":"","meta":{"_bbp_topic_count":0,"_bbp_reply_count":0,"_bbp_total_topic_count":0,"_bbp_total_reply_count":0,"_bbp_voice_count":0,"_bbp_anonymous_reply_count":0,"_bbp_topic_count_hidden":0,"_bbp_reply_count_hidden":0,"_bbp_forum_subforum_count":0,"_joinchat":[]},"product_brand":[],"product_cat":[179],"product_tag":[],"class_list":{"0":"post-29017","1":"product","2":"type-product","3":"status-publish","4":"has-post-thumbnail","6":"product_cat-sem-categoria","8":"first","9":"instock","10":"taxable","11":"shipping-taxable","12":"purchasable","13":"product-type-simple"},"_links":{"self":[{"href":"https:\/\/www.saralinatacado.com.br\/loja\/wp-json\/wp\/v2\/product\/29017","targetHints":{"allow":["GET"]}}],"collection":[{"href":"https:\/\/www.saralinatacado.com.br\/loja\/wp-json\/wp\/v2\/product"}],"about":[{"href":"https:\/\/www.saralinatacado.com.br\/loja\/wp-json\/wp\/v2\/types\/product"}],"replies":[{"embeddable":true,"href":"https:\/\/www.saralinatacado.com.br\/loja\/wp-json\/wp\/v2\/comments?post=29017"}],"wp:featuredmedia":[{"embeddable":true,"href":"https:\/\/www.saralinatacado.com.br\/loja\/wp-json\/wp\/v2\/media\/29020"}],"wp:attachment":[{"href":"https:\/\/www.saralinatacado.com.br\/loja\/wp-json\/wp\/v2\/media?parent=29017"}],"wp:term":[{"taxonomy":"product_brand","embeddable":true,"href":"https:\/\/www.saralinatacado.com.br\/loja\/wp-json\/wp\/v2\/product_brand?post=29017"},{"taxonomy":"product_cat","embeddable":true,"href":"https:\/\/www.saralinatacado.com.br\/loja\/wp-json\/wp\/v2\/product_cat?post=29017"},{"taxonomy":"product_tag","embeddable":true,"href":"https:\/\/www.saralinatacado.com.br\/loja\/wp-json\/wp\/v2\/product_tag?post=29017"}],"curies":[{"name":"wp","href":"https:\/\/api.w.org\/{rel}","templated":true}]}}