{"id":29012,"date":"2023-09-19T19:24:05","date_gmt":"2023-09-19T19:24:05","guid":{"rendered":"https:\/\/www.saralinatacado.com.br\/loja\/?post_type=product&#038;p=29012"},"modified":"2023-09-19T19:24:05","modified_gmt":"2023-09-19T19:24:05","slug":"fonte-tomada-ltimports-usb-5v-1a-para-carregador","status":"publish","type":"product","link":"https:\/\/www.saralinatacado.com.br\/loja\/produto\/fonte-tomada-ltimports-usb-5v-1a-para-carregador\/","title":{"rendered":"Fonte Tomada Ltimports Usb 5v 1a Para Carregador."},"content":{"rendered":"<h2 class=\"ui-pdp-description__title\">Descri\u00e7\u00e3o<\/h2>\n<p class=\"ui-pdp-description__content\">FONTE DE TOMADA USB 5V 1A &#8211; MARCA LTIMPORTS (BRANCO)<\/p>\n<p>Fonte de tomada ideal para usar em carregadores de rel\u00f3gio smartwatch, \u00e9 compat\u00edvel com carregadores do Samsung Watch e Apple Watch.<\/p>\n<p>*Esse anuncio \u00e9 referente apenas a fonte de tomada, N\u00c3O acompanha cabo usb e N\u00c3O acompanha carregador.<\/p>\n<p>DETALHES TECNICOS:<br \/>\nModelo: Fonte de Tomada USB.<br \/>\nMarca: LTIMPORTS.<br \/>\nCor: Branco.<br \/>\nEntrada(Input) 100-240V 50\/60hz 0.15A<br \/>\nSa\u00edda(Output) 5V=1.0A<br \/>\nDimens\u00f5es: 4,8 x 3,5 x 1,4 cm.<br \/>\nTomada Padr\u00e3o: NBR 14136.<br \/>\nTempo de carregamento: 2:00 horas\/2:30 horas.<br \/>\nPeso: 21 gramas.<\/p>\n<p>COMPATIVEL COM:<br \/>\nCarregador do Samsung Watch.<br \/>\nCarregador do Apple Watch.<\/p>\n<p>ACOMPANHA:<br \/>\n1 unidade &#8211; Fonte de Tomada USB 1A 5V BRANCO.<br \/>\nN\u00c3O acompanha carregador.<br \/>\nN\u00c3O acompanha cabo.<\/p>\n","protected":false},"excerpt":{"rendered":"<p>Descri\u00e7\u00e3o FONTE DE TOMADA USB 5V 1A &#8211; MARCA LTIMPORTS (BRANCO) Fonte de tomada ideal para usar em carregadores de rel\u00f3gio smartwatch, \u00e9 compat\u00edvel com carregadores do Samsung Watch e Apple Watch. *Esse anuncio \u00e9 referente apenas a fonte de tomada, N\u00c3O acompanha cabo usb e N\u00c3O acompanha carregador. DETALHES TECNICOS: Modelo: Fonte de Tomada [&hellip;]\n","protected":false},"featured_media":29015,"comment_status":"open","ping_status":"closed","template":"","meta":{"_bbp_topic_count":0,"_bbp_reply_count":0,"_bbp_total_topic_count":0,"_bbp_total_reply_count":0,"_bbp_voice_count":0,"_bbp_anonymous_reply_count":0,"_bbp_topic_count_hidden":0,"_bbp_reply_count_hidden":0,"_bbp_forum_subforum_count":0,"_joinchat":[]},"product_brand":[],"product_cat":[179,208],"product_tag":[],"class_list":{"0":"post-29012","1":"product","2":"type-product","3":"status-publish","4":"has-post-thumbnail","6":"product_cat-sem-categoria","7":"product_cat-carregadores","9":"first","10":"instock","11":"taxable","12":"shipping-taxable","13":"purchasable","14":"product-type-simple"},"_links":{"self":[{"href":"https:\/\/www.saralinatacado.com.br\/loja\/wp-json\/wp\/v2\/product\/29012","targetHints":{"allow":["GET"]}}],"collection":[{"href":"https:\/\/www.saralinatacado.com.br\/loja\/wp-json\/wp\/v2\/product"}],"about":[{"href":"https:\/\/www.saralinatacado.com.br\/loja\/wp-json\/wp\/v2\/types\/product"}],"replies":[{"embeddable":true,"href":"https:\/\/www.saralinatacado.com.br\/loja\/wp-json\/wp\/v2\/comments?post=29012"}],"wp:featuredmedia":[{"embeddable":true,"href":"https:\/\/www.saralinatacado.com.br\/loja\/wp-json\/wp\/v2\/media\/29015"}],"wp:attachment":[{"href":"https:\/\/www.saralinatacado.com.br\/loja\/wp-json\/wp\/v2\/media?parent=29012"}],"wp:term":[{"taxonomy":"product_brand","embeddable":true,"href":"https:\/\/www.saralinatacado.com.br\/loja\/wp-json\/wp\/v2\/product_brand?post=29012"},{"taxonomy":"product_cat","embeddable":true,"href":"https:\/\/www.saralinatacado.com.br\/loja\/wp-json\/wp\/v2\/product_cat?post=29012"},{"taxonomy":"product_tag","embeddable":true,"href":"https:\/\/www.saralinatacado.com.br\/loja\/wp-json\/wp\/v2\/product_tag?post=29012"}],"curies":[{"name":"wp","href":"https:\/\/api.w.org\/{rel}","templated":true}]}}