{"id":29003,"date":"2023-09-19T14:48:41","date_gmt":"2023-09-19T14:48:41","guid":{"rendered":"https:\/\/www.saralinatacado.com.br\/loja\/?post_type=product&#038;p=29003"},"modified":"2023-09-19T14:48:41","modified_gmt":"2023-09-19T14:48:41","slug":"mini-lanterna-tatica-usb-recarregavel-portatil-com-zoom","status":"publish","type":"product","link":"https:\/\/www.saralinatacado.com.br\/loja\/produto\/mini-lanterna-tatica-usb-recarregavel-portatil-com-zoom\/","title":{"rendered":"Mini Lanterna T\u00e1tica USB Recarreg\u00e1vel Port\u00e1til com Zoom"},"content":{"rendered":"<p>Mini Lanterna T\u00e1tica USB Recarreg\u00e1vel Port\u00e1til com Zoom BM8400<\/p>\n<p>&nbsp;<\/p>\n<p>Material de liga de alum\u00ednio de alta qualidade com desempenho est\u00e1vel e de longo tempo de servi\u00e7o.<\/p>\n<p>Foco ajust\u00e1vel, voc\u00ea pode Aplicar Zoom in\/out para ajustar o seu feixe.<\/p>\n<p>3 modos de luz LED: pressione o bot\u00e3o On\/Off interruptor de gatilho com XPE luz alta, XPE strobo, COB luz alta.<\/p>\n<p>Carregamento feito pela porta USB a qualquer momento (Cabo Incluso), conveniente e pr\u00e1tico.<\/p>\n<p>Pequeno e leve, f\u00e1cil de carregar em qualquer lugar que voc\u00ea gosta. \u00danico projeto de transforma\u00e7\u00e3o, com perspectivas extraordin\u00e1rio como uma caneta.<\/p>\n<p>Resistente \u00e0 \u00e1gua, pode us\u00e1-lo em dia de chuva, mas n\u00e3o pode coloc\u00e1-lo em \u00e1gua!<\/p>\n<p>Indicado para: Camping, Caminhadas, Ciclismo, Caminhadas, Ca\u00e7a, Pesca, Auto Emerg\u00eancias, reparos em casa, e atividades ao ar livre etc.<\/p>\n<p>&nbsp;<\/p>\n<p>CARACTER\u00cdSTICAS:<\/p>\n<p>&nbsp;<\/p>\n<p>&#8211; Material: Liga de Alum\u00ednio.<\/p>\n<p>&#8211; Fonte LED: XPE + COB.<\/p>\n<p>&#8211; Modo: Modo de 3.<\/p>\n<p>&#8211; Cor da luz: Branco.<\/p>\n<p>&#8211; Power: Built-In 14500 bateria.<\/p>\n<p>&#8211; Zoom: Zoom in &amp; Zoom out.<\/p>\n<p>&#8211; Switch: interruptor de Bot\u00e3o.<\/p>\n<p>&#8211; Alcance de 10 metros.<\/p>\n","protected":false},"excerpt":{"rendered":"<p>Mini Lanterna T\u00e1tica USB Recarreg\u00e1vel Port\u00e1til com Zoom BM8400 &nbsp; Material de liga de alum\u00ednio de alta qualidade com desempenho est\u00e1vel e de longo tempo de servi\u00e7o. Foco ajust\u00e1vel, voc\u00ea pode Aplicar Zoom in\/out para ajustar o seu feixe. 3 modos de luz LED: pressione o bot\u00e3o On\/Off interruptor de gatilho com XPE luz alta, [&hellip;]\n","protected":false},"featured_media":29004,"comment_status":"open","ping_status":"closed","template":"","meta":{"_bbp_topic_count":0,"_bbp_reply_count":0,"_bbp_total_topic_count":0,"_bbp_total_reply_count":0,"_bbp_voice_count":0,"_bbp_anonymous_reply_count":0,"_bbp_topic_count_hidden":0,"_bbp_reply_count_hidden":0,"_bbp_forum_subforum_count":0,"_joinchat":[]},"product_brand":[],"product_cat":[179,164,178],"product_tag":[],"class_list":{"0":"post-29003","1":"product","2":"type-product","3":"status-publish","4":"has-post-thumbnail","6":"product_cat-sem-categoria","7":"product_cat-led","8":"product_cat-luminaria","10":"first","11":"instock","12":"taxable","13":"shipping-taxable","14":"purchasable","15":"product-type-simple"},"_links":{"self":[{"href":"https:\/\/www.saralinatacado.com.br\/loja\/wp-json\/wp\/v2\/product\/29003","targetHints":{"allow":["GET"]}}],"collection":[{"href":"https:\/\/www.saralinatacado.com.br\/loja\/wp-json\/wp\/v2\/product"}],"about":[{"href":"https:\/\/www.saralinatacado.com.br\/loja\/wp-json\/wp\/v2\/types\/product"}],"replies":[{"embeddable":true,"href":"https:\/\/www.saralinatacado.com.br\/loja\/wp-json\/wp\/v2\/comments?post=29003"}],"wp:featuredmedia":[{"embeddable":true,"href":"https:\/\/www.saralinatacado.com.br\/loja\/wp-json\/wp\/v2\/media\/29004"}],"wp:attachment":[{"href":"https:\/\/www.saralinatacado.com.br\/loja\/wp-json\/wp\/v2\/media?parent=29003"}],"wp:term":[{"taxonomy":"product_brand","embeddable":true,"href":"https:\/\/www.saralinatacado.com.br\/loja\/wp-json\/wp\/v2\/product_brand?post=29003"},{"taxonomy":"product_cat","embeddable":true,"href":"https:\/\/www.saralinatacado.com.br\/loja\/wp-json\/wp\/v2\/product_cat?post=29003"},{"taxonomy":"product_tag","embeddable":true,"href":"https:\/\/www.saralinatacado.com.br\/loja\/wp-json\/wp\/v2\/product_tag?post=29003"}],"curies":[{"name":"wp","href":"https:\/\/api.w.org\/{rel}","templated":true}]}}