{"id":28990,"date":"2023-09-19T14:24:46","date_gmt":"2023-09-19T14:24:46","guid":{"rendered":"https:\/\/www.saralinatacado.com.br\/loja\/?post_type=product&#038;p=28990"},"modified":"2023-09-19T14:34:58","modified_gmt":"2023-09-19T14:34:58","slug":"mouse-bluetooth-recarregavel-para-tablet-sm-galaxy-tab-s8-ultra-2022-altomex","status":"publish","type":"product","link":"https:\/\/www.saralinatacado.com.br\/loja\/produto\/mouse-bluetooth-recarregavel-para-tablet-sm-galaxy-tab-s8-ultra-2022-altomex\/","title":{"rendered":"Mouse Bluetooth Recarreg\u00e1vel Para Tablet Sm Galaxy Tab S8 Ultra 2022 &#8211; Altomex"},"content":{"rendered":"<p>S\u00e3o 3 op\u00e7\u00f5es de sensibilidades DPI para que voc\u00ea possa ajustar a velocidade ideal do cursor no seu notebook ou computador.<\/p>\n<p>&#8211; Bateria interna recarreg\u00e1vel e embutida<br \/>\n&#8211; Transmissor sem fio 2.4g<br \/>\n&#8211; Mini receptor USB<br \/>\n&#8211; N\u00e3o precisa instalar qualquer driver ou programa<br \/>\n&#8211; Apenas 2 horas para recarga da bateria<br \/>\n&#8211; Leve e compacto<br \/>\n&#8211; Luzes RGB Discretos e que mudam gradativamente<br \/>\n&#8211; Bot\u00e3o central do controle da velocidade do cursor<\/p>\n<p>Especifica\u00e7\u00f5es<br \/>\n&#8211; Peso aproximado 70 gramas<br \/>\n&#8211; 4 Bot\u00f5es<br \/>\n&#8211; Alcance de aproximadamente 10 metros<br \/>\n&#8211; Resolu\u00e7\u00e3o 800, 1200, 1600 DPI<br \/>\n&#8211; Compat\u00edvel com a maioria dos sistemas: Windows XP\/Vista\/7\/8\/10\/11 ; MAC OSX V10.4X-10.5X<br \/>\n&#8211; Tamanho de 5,5cm x 11,5cm<\/p>\n<p>Itens Inclusos:<br \/>\n&#8211; 1 Mouse Sem Fio Recarreg\u00e1vel<br \/>\n&#8211; 1 Mini Receptor Usb<br \/>\n&#8211; 1 Cabo Micro Usb Para Recarga<\/p>\n","protected":false},"excerpt":{"rendered":"<p>S\u00e3o 3 op\u00e7\u00f5es de sensibilidades DPI para que voc\u00ea possa ajustar a velocidade ideal do cursor no seu notebook ou computador. &#8211; Bateria interna recarreg\u00e1vel e embutida &#8211; Transmissor sem fio 2.4g &#8211; Mini receptor USB &#8211; N\u00e3o precisa instalar qualquer driver ou programa &#8211; Apenas 2 horas para recarga da bateria &#8211; Leve e [&hellip;]\n","protected":false},"featured_media":28991,"comment_status":"open","ping_status":"closed","template":"","meta":{"_bbp_topic_count":0,"_bbp_reply_count":0,"_bbp_total_topic_count":0,"_bbp_total_reply_count":0,"_bbp_voice_count":0,"_bbp_anonymous_reply_count":0,"_bbp_topic_count_hidden":0,"_bbp_reply_count_hidden":0,"_bbp_forum_subforum_count":0,"_joinchat":[]},"product_brand":[],"product_cat":[179,108],"product_tag":[],"class_list":{"0":"post-28990","1":"product","2":"type-product","3":"status-publish","4":"has-post-thumbnail","6":"product_cat-sem-categoria","7":"product_cat-mouse","9":"first","10":"instock","11":"taxable","12":"shipping-taxable","13":"purchasable","14":"product-type-simple"},"_links":{"self":[{"href":"https:\/\/www.saralinatacado.com.br\/loja\/wp-json\/wp\/v2\/product\/28990","targetHints":{"allow":["GET"]}}],"collection":[{"href":"https:\/\/www.saralinatacado.com.br\/loja\/wp-json\/wp\/v2\/product"}],"about":[{"href":"https:\/\/www.saralinatacado.com.br\/loja\/wp-json\/wp\/v2\/types\/product"}],"replies":[{"embeddable":true,"href":"https:\/\/www.saralinatacado.com.br\/loja\/wp-json\/wp\/v2\/comments?post=28990"}],"wp:featuredmedia":[{"embeddable":true,"href":"https:\/\/www.saralinatacado.com.br\/loja\/wp-json\/wp\/v2\/media\/28991"}],"wp:attachment":[{"href":"https:\/\/www.saralinatacado.com.br\/loja\/wp-json\/wp\/v2\/media?parent=28990"}],"wp:term":[{"taxonomy":"product_brand","embeddable":true,"href":"https:\/\/www.saralinatacado.com.br\/loja\/wp-json\/wp\/v2\/product_brand?post=28990"},{"taxonomy":"product_cat","embeddable":true,"href":"https:\/\/www.saralinatacado.com.br\/loja\/wp-json\/wp\/v2\/product_cat?post=28990"},{"taxonomy":"product_tag","embeddable":true,"href":"https:\/\/www.saralinatacado.com.br\/loja\/wp-json\/wp\/v2\/product_tag?post=28990"}],"curies":[{"name":"wp","href":"https:\/\/api.w.org\/{rel}","templated":true}]}}