{"id":28985,"date":"2023-09-19T14:15:56","date_gmt":"2023-09-19T14:15:56","guid":{"rendered":"https:\/\/www.saralinatacado.com.br\/loja\/?post_type=product&#038;p=28985"},"modified":"2023-09-19T14:35:24","modified_gmt":"2023-09-19T14:35:24","slug":"adaptador-bluetooth-usb-receptor-de-musica-wireless-dongle","status":"publish","type":"product","link":"https:\/\/www.saralinatacado.com.br\/loja\/produto\/adaptador-bluetooth-usb-receptor-de-musica-wireless-dongle\/","title":{"rendered":"Adaptador Bluetooth Usb Receptor de M\u00fasica Wireless Dongle"},"content":{"rendered":"<p><strong>CARACTER\u00cdSTICAS:<\/strong><\/p>\n<p>Com o Receptor Bluetooth voc\u00ea transforma qualquer aparelho com entrada USB em um aparelho com conex\u00e3o Bluetooth. Voc\u00ea poder\u00e1 ouvir as m\u00fasicas do seu celular, tablet, notebook entre outros, sem os inc\u00f4modos de cabos de conex\u00e3o. \u00c9 f\u00e1cil, basta conectar seu Receptor Bluetooth ao som do carro, ao PC, ao micro system etc., ativar o Bluetooth de seu smartphone e voc\u00ea poder\u00e1 ouvir suas m\u00fasicas favoritas. Al\u00e9m disso, o receptor tamb\u00e9m permite atender a chamadas. \u00c9 compacto e pode ser levado para qualquer lugar. Aproveite essa experi\u00eancia sem fios e surpreenda-se com a praticidade.<\/p>\n<p><strong>ESPECIFICA\u00c7\u00d5ES T\u00c9CNICAS:<\/strong><br \/>\nBluetooth vers\u00e3o 2.1 + EDR<br \/>\nSuporta o perfil A2DP est\u00e9reo<br \/>\nReceptor de m\u00fasica sem cabo via Bluetooth<br \/>\nSa\u00edda: USB<br \/>\nUse em Carros, PCs, notebooks, fones de ouvido, etc.<br \/>\nFonte de alimenta\u00e7\u00e3o USB 5V<br \/>\nDistancia m\u00e1xima: 10m<br \/>\nSuporta o perfil A2DP est\u00e9reo de alta qualidade e fidelidade sonora<br \/>\nDimens\u00f5es aproximadas do produto AxLxP: 6 cm x 2 cm x 1 cm<br \/>\nCor: branco com azul<\/p>\n<p><strong>CONTE\u00daDO DA EMBALAGEM:<\/strong><\/p>\n<p>1 Adaptador Bluethooth USB Dongle.<\/p>\n","protected":false},"excerpt":{"rendered":"<p>CARACTER\u00cdSTICAS: Com o Receptor Bluetooth voc\u00ea transforma qualquer aparelho com entrada USB em um aparelho com conex\u00e3o Bluetooth. Voc\u00ea poder\u00e1 ouvir as m\u00fasicas do seu celular, tablet, notebook entre outros, sem os inc\u00f4modos de cabos de conex\u00e3o. \u00c9 f\u00e1cil, basta conectar seu Receptor Bluetooth ao som do carro, ao PC, ao micro system etc., ativar [&hellip;]\n","protected":false},"featured_media":28987,"comment_status":"open","ping_status":"closed","template":"","meta":{"_bbp_topic_count":0,"_bbp_reply_count":0,"_bbp_total_topic_count":0,"_bbp_total_reply_count":0,"_bbp_voice_count":0,"_bbp_anonymous_reply_count":0,"_bbp_topic_count_hidden":0,"_bbp_reply_count_hidden":0,"_bbp_forum_subforum_count":0,"_joinchat":[]},"product_brand":[],"product_cat":[179,175],"product_tag":[],"class_list":{"0":"post-28985","1":"product","2":"type-product","3":"status-publish","4":"has-post-thumbnail","6":"product_cat-sem-categoria","7":"product_cat-receptor","9":"first","10":"instock","11":"taxable","12":"shipping-taxable","13":"purchasable","14":"product-type-simple"},"_links":{"self":[{"href":"https:\/\/www.saralinatacado.com.br\/loja\/wp-json\/wp\/v2\/product\/28985","targetHints":{"allow":["GET"]}}],"collection":[{"href":"https:\/\/www.saralinatacado.com.br\/loja\/wp-json\/wp\/v2\/product"}],"about":[{"href":"https:\/\/www.saralinatacado.com.br\/loja\/wp-json\/wp\/v2\/types\/product"}],"replies":[{"embeddable":true,"href":"https:\/\/www.saralinatacado.com.br\/loja\/wp-json\/wp\/v2\/comments?post=28985"}],"wp:featuredmedia":[{"embeddable":true,"href":"https:\/\/www.saralinatacado.com.br\/loja\/wp-json\/wp\/v2\/media\/28987"}],"wp:attachment":[{"href":"https:\/\/www.saralinatacado.com.br\/loja\/wp-json\/wp\/v2\/media?parent=28985"}],"wp:term":[{"taxonomy":"product_brand","embeddable":true,"href":"https:\/\/www.saralinatacado.com.br\/loja\/wp-json\/wp\/v2\/product_brand?post=28985"},{"taxonomy":"product_cat","embeddable":true,"href":"https:\/\/www.saralinatacado.com.br\/loja\/wp-json\/wp\/v2\/product_cat?post=28985"},{"taxonomy":"product_tag","embeddable":true,"href":"https:\/\/www.saralinatacado.com.br\/loja\/wp-json\/wp\/v2\/product_tag?post=28985"}],"curies":[{"name":"wp","href":"https:\/\/api.w.org\/{rel}","templated":true}]}}