{"id":28981,"date":"2023-09-19T14:03:22","date_gmt":"2023-09-19T14:03:22","guid":{"rendered":"https:\/\/www.saralinatacado.com.br\/loja\/?post_type=product&#038;p=28981"},"modified":"2023-09-30T14:54:06","modified_gmt":"2023-09-30T14:54:06","slug":"fone-de-ouvido-bluetooth-xiaomi-redmi-airdots-2","status":"publish","type":"product","link":"https:\/\/www.saralinatacado.com.br\/loja\/produto\/fone-de-ouvido-bluetooth-xiaomi-redmi-airdots-2\/","title":{"rendered":"Fone de Ouvido Bluetooth Xiaomi Redmi Airdots 2"},"content":{"rendered":"<p>Especifica\u00e7\u00e3o<\/p>\n<p>Fun\u00e7\u00e3o: Telefone de atendimento, Bluetooth, Microfone, Cancelamento de ru\u00eddo, Controle de voz, Comando de voz<br \/>\nMaterial: ABS<br \/>\nModelo: TWSEJ02LM<br \/>\nTipo: No ouvido<br \/>\nTipo de Desgaste: No ouvido<br \/>\nDetalhes do Produto Aplica\u00e7\u00e3o: Corrida, Esporte<br \/>\nCompat\u00edvel com: Iphone, Celular<br \/>\nConectividade: Sem fio<br \/>\nResposta de Frequ\u00eancia: 20-20000Hz<br \/>\nTipo de Driver: Din\u00e2mico<br \/>\nImped\u00e2ncia: 16ohms \u00b1 15 percent<br \/>\nSensibilidade: 106 \u00b1 3dB<br \/>\ncanal de som: Dois canais (est\u00e9reo)<br \/>\nTens\u00e3o de Funcionamento: 3.7V<br \/>\nFun\u00e7\u00e3o Estendida Bluetooth: sim<br \/>\nModo Bluetooth: Headset<br \/>\nProtocolo Bluetooth: A2DP,AVRCP,HFP,HSP<br \/>\nVers\u00e3o de Bluetooth: V5.0<br \/>\nInforma\u00e7\u00f5es da Bateria Capacidade de Bateria (mAh): Bateria de i\u00f5es de l\u00edtio 40mAh<br \/>\nTipo de Bateria: Constru\u00eddas em<br \/>\nDimens\u00e3o e Peso Tamanho do Produto(L x W x H): 2.30 x 1.45 x 1.30 cm \/ 0.91 x 0.57 x 0.51 inches<br \/>\nCarregamento: cabo usb tipo V8 em fonte 5v 2a, itens de carregamento n\u00e3o s\u00e3o incluso, todos os itens que acompanham o produto podem ser vistos no v\u00eddeo do anuncio.<br \/>\nPeso do Produto: 0.0042 kg<\/p>\n<p>Primeiros passos para utiliza\u00e7\u00e3o:<br \/>\n1) ative o Bluetooth do celular,<br \/>\n2) tire os dois fones da Dock e<br \/>\n3) para emparelhamento, conecte ao Redmi AirDots_R, automaticamente o lado esquerdo far\u00e1 a conex\u00e3o com o lado direito.<\/p>\n<p>INCLUSO NO PACOTE:<br \/>\n01 PAR DE FONE REDMI + CASE CARREGADORA<br \/>\n01 CABO DE CARREGAMENTO<\/p>\n","protected":false},"excerpt":{"rendered":"<p>Especifica\u00e7\u00e3o Fun\u00e7\u00e3o: Telefone de atendimento, Bluetooth, Microfone, Cancelamento de ru\u00eddo, Controle de voz, Comando de voz Material: ABS Modelo: TWSEJ02LM Tipo: No ouvido Tipo de Desgaste: No ouvido Detalhes do Produto Aplica\u00e7\u00e3o: Corrida, Esporte Compat\u00edvel com: Iphone, Celular Conectividade: Sem fio Resposta de Frequ\u00eancia: 20-20000Hz Tipo de Driver: Din\u00e2mico Imped\u00e2ncia: 16ohms \u00b1 15 percent Sensibilidade: [&hellip;]\n","protected":false},"featured_media":28983,"comment_status":"open","ping_status":"closed","template":"","meta":{"_bbp_topic_count":0,"_bbp_reply_count":0,"_bbp_total_topic_count":0,"_bbp_total_reply_count":0,"_bbp_voice_count":0,"_bbp_anonymous_reply_count":0,"_bbp_topic_count_hidden":0,"_bbp_reply_count_hidden":0,"_bbp_forum_subforum_count":0,"_joinchat":[]},"product_brand":[],"product_cat":[179,210],"product_tag":[],"class_list":{"0":"post-28981","1":"product","2":"type-product","3":"status-publish","4":"has-post-thumbnail","6":"product_cat-sem-categoria","7":"product_cat-fones","9":"first","10":"instock","11":"purchasable","12":"product-type-simple"},"_links":{"self":[{"href":"https:\/\/www.saralinatacado.com.br\/loja\/wp-json\/wp\/v2\/product\/28981","targetHints":{"allow":["GET"]}}],"collection":[{"href":"https:\/\/www.saralinatacado.com.br\/loja\/wp-json\/wp\/v2\/product"}],"about":[{"href":"https:\/\/www.saralinatacado.com.br\/loja\/wp-json\/wp\/v2\/types\/product"}],"replies":[{"embeddable":true,"href":"https:\/\/www.saralinatacado.com.br\/loja\/wp-json\/wp\/v2\/comments?post=28981"}],"wp:featuredmedia":[{"embeddable":true,"href":"https:\/\/www.saralinatacado.com.br\/loja\/wp-json\/wp\/v2\/media\/28983"}],"wp:attachment":[{"href":"https:\/\/www.saralinatacado.com.br\/loja\/wp-json\/wp\/v2\/media?parent=28981"}],"wp:term":[{"taxonomy":"product_brand","embeddable":true,"href":"https:\/\/www.saralinatacado.com.br\/loja\/wp-json\/wp\/v2\/product_brand?post=28981"},{"taxonomy":"product_cat","embeddable":true,"href":"https:\/\/www.saralinatacado.com.br\/loja\/wp-json\/wp\/v2\/product_cat?post=28981"},{"taxonomy":"product_tag","embeddable":true,"href":"https:\/\/www.saralinatacado.com.br\/loja\/wp-json\/wp\/v2\/product_tag?post=28981"}],"curies":[{"name":"wp","href":"https:\/\/api.w.org\/{rel}","templated":true}]}}