{"id":4157,"date":"2016-06-07T23:20:03","date_gmt":"2016-06-07T23:20:03","guid":{"rendered":"http:\/\/saralinatacado.com.br\/loja\/?page_id=4157"},"modified":"2024-01-11T14:36:43","modified_gmt":"2024-01-11T14:36:43","slug":"como-se-cadastrar","status":"publish","type":"page","link":"https:\/\/www.saralinatacado.com.br\/loja\/como-se-cadastrar\/","title":{"rendered":"Como se Cadastrar"},"content":{"rendered":"<p>Para se cadastrar em nosso site clique no canto superior direito em MINHA CONTA e dentro dessa p\u00e1gina ter\u00e1 a op\u00e7\u00e3o de se registrar, coloque um email e senha para cadastrar-se em nosso sistema.<\/p>\n<p>Ap\u00f3s isso voc\u00ea j\u00e1 estar\u00e1 cadastrado em nossa loja e precisar\u00e1 completar os dados somente em sua primeira compra.<\/p>\n","protected":false},"excerpt":{"rendered":"<p>Para se cadastrar em nosso site clique no canto superior direito em MINHA CONTA e dentro dessa p\u00e1gina ter\u00e1 a op\u00e7\u00e3o de se registrar, coloque um email e senha para cadastrar-se em nosso sistema. Ap\u00f3s isso voc\u00ea j\u00e1 estar\u00e1 cadastrado em nossa loja e precisar\u00e1 completar os dados somente em sua primeira compra.<\/p>\n","protected":false},"author":1,"featured_media":0,"parent":0,"menu_order":0,"comment_status":"closed","ping_status":"closed","template":"","meta":{"_bbp_topic_count":0,"_bbp_reply_count":0,"_bbp_total_topic_count":0,"_bbp_total_reply_count":0,"_bbp_voice_count":0,"_bbp_anonymous_reply_count":0,"_bbp_topic_count_hidden":0,"_bbp_reply_count_hidden":0,"_bbp_forum_subforum_count":0,"_joinchat":[],"footnotes":""},"class_list":["post-4157","page","type-page","status-publish","hentry"],"_links":{"self":[{"href":"https:\/\/www.saralinatacado.com.br\/loja\/wp-json\/wp\/v2\/pages\/4157","targetHints":{"allow":["GET"]}}],"collection":[{"href":"https:\/\/www.saralinatacado.com.br\/loja\/wp-json\/wp\/v2\/pages"}],"about":[{"href":"https:\/\/www.saralinatacado.com.br\/loja\/wp-json\/wp\/v2\/types\/page"}],"author":[{"embeddable":true,"href":"https:\/\/www.saralinatacado.com.br\/loja\/wp-json\/wp\/v2\/users\/1"}],"replies":[{"embeddable":true,"href":"https:\/\/www.saralinatacado.com.br\/loja\/wp-json\/wp\/v2\/comments?post=4157"}],"version-history":[{"count":2,"href":"https:\/\/www.saralinatacado.com.br\/loja\/wp-json\/wp\/v2\/pages\/4157\/revisions"}],"predecessor-version":[{"id":4369,"href":"https:\/\/www.saralinatacado.com.br\/loja\/wp-json\/wp\/v2\/pages\/4157\/revisions\/4369"}],"wp:attachment":[{"href":"https:\/\/www.saralinatacado.com.br\/loja\/wp-json\/wp\/v2\/media?parent=4157"}],"curies":[{"name":"wp","href":"https:\/\/api.w.org\/{rel}","templated":true}]}}