{"id":4155,"date":"2016-06-07T23:18:31","date_gmt":"2016-06-07T23:18:31","guid":{"rendered":"http:\/\/saralinatacado.com.br\/loja\/?page_id=4155"},"modified":"2024-01-11T14:36:43","modified_gmt":"2024-01-11T14:36:43","slug":"entrega","status":"publish","type":"page","link":"https:\/\/www.saralinatacado.com.br\/loja\/entrega\/","title":{"rendered":"Entrega"},"content":{"rendered":"<p>As formas de entrega s\u00e3o via Correios para todo Brasil.<\/p>\n<p>Para entregas via Correios, ap\u00f3s o envio do produto, o cliente receber\u00e1 um e-mail com o n\u00famero do registro para que possa acompanhar o andamento de sua entrega.<\/p>\n<p><u>Prazo de Entrega<\/u><\/p>\n<p>O prazo de entrega \u00e9 informado no momento do c\u00e1lculo do frete, de acordo com a modalidade escolhida e come\u00e7a a valer somente ap\u00f3s o pagamento ter sido processado em nosso sistema.<\/p>\n<p><u>Valor do Frete<\/u><\/p>\n<p>O valor do frete \u00e9 calculado de acordo com o peso total de todos produtos escolhidos e tamb\u00e9m com a localidade do cliente.<\/p>\n<p>&nbsp;<\/p>\n","protected":false},"excerpt":{"rendered":"<p>As formas de entrega s\u00e3o via Correios para todo Brasil. Para entregas via Correios, ap\u00f3s o envio do produto, o cliente receber\u00e1 um e-mail com o n\u00famero do registro para que possa acompanhar o andamento de sua entrega. Prazo de Entrega O prazo de entrega \u00e9 informado no momento do c\u00e1lculo do frete, de acordo [&hellip;]\n","protected":false},"author":1,"featured_media":0,"parent":0,"menu_order":0,"comment_status":"closed","ping_status":"closed","template":"","meta":{"_bbp_topic_count":0,"_bbp_reply_count":0,"_bbp_total_topic_count":0,"_bbp_total_reply_count":0,"_bbp_voice_count":0,"_bbp_anonymous_reply_count":0,"_bbp_topic_count_hidden":0,"_bbp_reply_count_hidden":0,"_bbp_forum_subforum_count":0,"_joinchat":[],"footnotes":""},"class_list":["post-4155","page","type-page","status-publish","hentry"],"_links":{"self":[{"href":"https:\/\/www.saralinatacado.com.br\/loja\/wp-json\/wp\/v2\/pages\/4155","targetHints":{"allow":["GET"]}}],"collection":[{"href":"https:\/\/www.saralinatacado.com.br\/loja\/wp-json\/wp\/v2\/pages"}],"about":[{"href":"https:\/\/www.saralinatacado.com.br\/loja\/wp-json\/wp\/v2\/types\/page"}],"author":[{"embeddable":true,"href":"https:\/\/www.saralinatacado.com.br\/loja\/wp-json\/wp\/v2\/users\/1"}],"replies":[{"embeddable":true,"href":"https:\/\/www.saralinatacado.com.br\/loja\/wp-json\/wp\/v2\/comments?post=4155"}],"version-history":[{"count":3,"href":"https:\/\/www.saralinatacado.com.br\/loja\/wp-json\/wp\/v2\/pages\/4155\/revisions"}],"predecessor-version":[{"id":4382,"href":"https:\/\/www.saralinatacado.com.br\/loja\/wp-json\/wp\/v2\/pages\/4155\/revisions\/4382"}],"wp:attachment":[{"href":"https:\/\/www.saralinatacado.com.br\/loja\/wp-json\/wp\/v2\/media?parent=4155"}],"curies":[{"name":"wp","href":"https:\/\/api.w.org\/{rel}","templated":true}]}}