{"id":4153,"date":"2016-06-07T23:20:15","date_gmt":"2016-06-07T23:20:15","guid":{"rendered":"http:\/\/saralinatacado.com.br\/loja\/?page_id=4153"},"modified":"2024-01-11T14:36:43","modified_gmt":"2024-01-11T14:36:43","slug":"como-comprar","status":"publish","type":"page","link":"https:\/\/www.saralinatacado.com.br\/loja\/como-comprar\/","title":{"rendered":"Como Comprar"},"content":{"rendered":"<p>Para comprar em nosso site primeiro voc\u00ea deve se cadastrar, ap\u00f3s realizado o cadastro voc\u00ea ter\u00e1 acesso a todos os pre\u00e7os e formas de pagamento.<\/p>\n<p>Clique no produto desejado e clique no bot\u00e3o &#8220;comprar&#8221;, voc\u00ea ser\u00e1 redirecionado para a p\u00e1gina do seu carrinho e dentro desta p\u00e1gina clique em finalizar pedido para ir para a tela de faturamento e pagamento.<\/p>\n<p>Selecione a forma de pagamento de sua prefer\u00eancia e efetue o pagamento, caso seja dep\u00f3sito banc\u00e1rio voc\u00ea deve enviar o comprovante para nosso email contato@saralinatacado.com.br e aguardar a libera\u00e7\u00e3o do pedido por nossa equipe.<\/p>\n<p>&nbsp;<\/p>\n","protected":false},"excerpt":{"rendered":"<p>Para comprar em nosso site primeiro voc\u00ea deve se cadastrar, ap\u00f3s realizado o cadastro voc\u00ea ter\u00e1 acesso a todos os pre\u00e7os e formas de pagamento. Clique no produto desejado e clique no bot\u00e3o &#8220;comprar&#8221;, voc\u00ea ser\u00e1 redirecionado para a p\u00e1gina do seu carrinho e dentro desta p\u00e1gina clique em finalizar pedido para ir para a [&hellip;]\n","protected":false},"author":1,"featured_media":0,"parent":0,"menu_order":0,"comment_status":"closed","ping_status":"closed","template":"","meta":{"_bbp_topic_count":0,"_bbp_reply_count":0,"_bbp_total_topic_count":0,"_bbp_total_reply_count":0,"_bbp_voice_count":0,"_bbp_anonymous_reply_count":0,"_bbp_topic_count_hidden":0,"_bbp_reply_count_hidden":0,"_bbp_forum_subforum_count":0,"_joinchat":[],"footnotes":""},"class_list":["post-4153","page","type-page","status-publish","hentry"],"_links":{"self":[{"href":"https:\/\/www.saralinatacado.com.br\/loja\/wp-json\/wp\/v2\/pages\/4153","targetHints":{"allow":["GET"]}}],"collection":[{"href":"https:\/\/www.saralinatacado.com.br\/loja\/wp-json\/wp\/v2\/pages"}],"about":[{"href":"https:\/\/www.saralinatacado.com.br\/loja\/wp-json\/wp\/v2\/types\/page"}],"author":[{"embeddable":true,"href":"https:\/\/www.saralinatacado.com.br\/loja\/wp-json\/wp\/v2\/users\/1"}],"replies":[{"embeddable":true,"href":"https:\/\/www.saralinatacado.com.br\/loja\/wp-json\/wp\/v2\/comments?post=4153"}],"version-history":[{"count":4,"href":"https:\/\/www.saralinatacado.com.br\/loja\/wp-json\/wp\/v2\/pages\/4153\/revisions"}],"predecessor-version":[{"id":4443,"href":"https:\/\/www.saralinatacado.com.br\/loja\/wp-json\/wp\/v2\/pages\/4153\/revisions\/4443"}],"wp:attachment":[{"href":"https:\/\/www.saralinatacado.com.br\/loja\/wp-json\/wp\/v2\/media?parent=4153"}],"curies":[{"name":"wp","href":"https:\/\/api.w.org\/{rel}","templated":true}]}}