{"id":4151,"date":"2016-06-07T21:01:08","date_gmt":"2016-06-07T21:01:08","guid":{"rendered":"http:\/\/saralinatacado.com.br\/loja\/?page_id=4151"},"modified":"2024-01-11T14:36:58","modified_gmt":"2024-01-11T14:36:58","slug":"politica-de-troca","status":"publish","type":"page","link":"https:\/\/www.saralinatacado.com.br\/loja\/politica-de-troca\/","title":{"rendered":"Pol\u00edtica de Troca"},"content":{"rendered":"<p>Dentro de 7 (sete) dias corridos ap\u00f3s o recebimento do pedido, o cliente poder\u00e1 devolver ou trocar qualquer item, desde que esteja na embalagem original, sem ind\u00edcios de uso, sem viola\u00e7\u00e3o do lacre original do fabricante, acompanhado de c\u00f3pia da nota fiscal ou recibo de compra.<\/p>\n<p>A Saralin Atacado&nbsp;ir\u00e1 providenciar a devolu\u00e7\u00e3o do dinheiro ou a troca por outro produto.<\/p>\n<p>Havendo produto em estoque, a troca ser\u00e1 feita imediatamente ao cliente e na falta do produto em estoque, a empresa tem at\u00e9 30 (trinta) dias corridos , contados a partir da data do recebimento do produto em seu Centro de Distribui\u00e7\u00e3o para realizar a troca do produto.<\/p>\n<p><strong>Troca por Defeito<\/strong><\/p>\n<p>No caso de produtos que apresentarem defeito, o prazo para informar a ocorr\u00eancia \u00e9 de 30 dias contados do recebimento do pedido pelo cliente. Todos os produtos passar\u00e3o por uma an\u00e1lise t\u00e9cnica para verificar a ocorr\u00eancia de defeito na fabrica\u00e7\u00e3o, no prazo m\u00e1ximo de at\u00e9 15 (quinze) dias \u00fateis.<\/p>\n<p>Caso n\u00e3o seja constatado defeito, o produto ser\u00e1 enviado de volta ao cliente.<\/p>\n<p>Caso seja constatado defeito, o cliente pode optar pela devolu\u00e7\u00e3o do valor pago ou pela troca do produto.<\/p>\n<p>Restitui\u00e7\u00e3o do Valor Pago<\/p>\n<p>Logo ap\u00f3s nossa equipe receber e conferir todos produtos devolvidos,a restitui\u00e7\u00e3o dos valores pagos ser\u00e1 a mesma forma que foi escolhida no processo de compras.<\/p>\n","protected":false},"excerpt":{"rendered":"<p>Dentro de 7 (sete) dias corridos ap\u00f3s o recebimento do pedido, o cliente poder\u00e1 devolver ou trocar qualquer item, desde que esteja na embalagem original, sem ind\u00edcios de uso, sem viola\u00e7\u00e3o do lacre original do fabricante, acompanhado de c\u00f3pia da nota fiscal ou recibo de compra. A Saralin Atacado&nbsp;ir\u00e1 providenciar a devolu\u00e7\u00e3o do dinheiro ou [&hellip;]\n","protected":false},"author":1,"featured_media":0,"parent":0,"menu_order":0,"comment_status":"closed","ping_status":"closed","template":"","meta":{"_bbp_topic_count":0,"_bbp_reply_count":0,"_bbp_total_topic_count":0,"_bbp_total_reply_count":0,"_bbp_voice_count":0,"_bbp_anonymous_reply_count":0,"_bbp_topic_count_hidden":0,"_bbp_reply_count_hidden":0,"_bbp_forum_subforum_count":0,"_joinchat":[],"footnotes":""},"class_list":["post-4151","page","type-page","status-publish","hentry"],"_links":{"self":[{"href":"https:\/\/www.saralinatacado.com.br\/loja\/wp-json\/wp\/v2\/pages\/4151","targetHints":{"allow":["GET"]}}],"collection":[{"href":"https:\/\/www.saralinatacado.com.br\/loja\/wp-json\/wp\/v2\/pages"}],"about":[{"href":"https:\/\/www.saralinatacado.com.br\/loja\/wp-json\/wp\/v2\/types\/page"}],"author":[{"embeddable":true,"href":"https:\/\/www.saralinatacado.com.br\/loja\/wp-json\/wp\/v2\/users\/1"}],"replies":[{"embeddable":true,"href":"https:\/\/www.saralinatacado.com.br\/loja\/wp-json\/wp\/v2\/comments?post=4151"}],"version-history":[{"count":3,"href":"https:\/\/www.saralinatacado.com.br\/loja\/wp-json\/wp\/v2\/pages\/4151\/revisions"}],"predecessor-version":[{"id":6854,"href":"https:\/\/www.saralinatacado.com.br\/loja\/wp-json\/wp\/v2\/pages\/4151\/revisions\/6854"}],"wp:attachment":[{"href":"https:\/\/www.saralinatacado.com.br\/loja\/wp-json\/wp\/v2\/media?parent=4151"}],"curies":[{"name":"wp","href":"https:\/\/api.w.org\/{rel}","templated":true}]}}